{"id":5129,"date":"2023-12-12T16:45:57","date_gmt":"2023-12-12T16:45:57","guid":{"rendered":"https:\/\/calibracion.com.mx\/tienda\/?post_type=product&#038;p=5129"},"modified":"2023-12-12T16:45:58","modified_gmt":"2023-12-12T16:45:58","slug":"reed-bx-500-nist-calibrador-de-temperatura-infrarrojo-932-f-500-c","status":"publish","type":"product","link":"https:\/\/calibracion.com.mx\/tienda\/reed-bx-500-nist-calibrador-de-temperatura-infrarrojo-932-f-500-c\/","title":{"rendered":"Reed bx-500-nist calibrador de temperatura infrarrojo, 932 \u00b0f (500 \u00b0c)"},"content":{"rendered":"<p>Este calibrador de temperatura infrarrojo proporciona temperaturas exactas para calibrar instrumentos de temperatura sin contacto. El BX-500 es capaz de producir temperaturas de hasta 932 \u00b0F (500 \u00b0C) y est\u00e1 dise\u00f1ado para acomodar m\u00faltiples term\u00f3metros infrarrojos.<\/p>\n<h3>Funciones<\/h3>\n<ul>\n<li>La amplia apertura compensa las variaciones del term\u00f3metro infrarrojo \u00f3ptico.<\/li>\n<li>Para calibrar instrumentos de temperatura sin contacto (term\u00f3metros infrarrojos, pir\u00f3metros y c\u00e1maras termogr\u00e1ficas).<\/li>\n<li>P\u00f3ngase en contacto con el pozo de referencia RTD ubicado directamente detr\u00e1s del objetivo del cuerpo negro para asegurar resultados precisos.<\/li>\n<\/ul>\n<h3>Especificaciones de REED BX-500-NIST<\/h3>\n<table>\n<tbody>\n<tr>\n<td>Rango de temperatura<\/td>\n<td>122 a 932 \u00b0F (50 a 500 \u00b0C)<\/td>\n<\/tr>\n<tr>\n<td>Exactitud<\/td>\n<td>\u2264212 \u00b0F (100 \u00b0C): \u00b11,6 \u00b0F (0,8 \u00b0C) De 212 a 392 \u00b0C (100 a 200 \u00b0F): \u00b13,2 \u00b0C (1,6 \u00b0F) De 392 a 932 \u00b0C (200,500 \u00b0F):<\/p>\n<p>5,6 \u00b0C (\u00b12,8 \u00b0F)<\/td>\n<\/tr>\n<tr>\n<td>Estabilidad<\/td>\n<td>\u2264212 \u00b0F (100 \u00b0C): \u00b10,2 \u00b0F (0,1 \u00b0C) De 212 a 392 \u00b0C (100 a 200 \u00b0F): \u00b10,4 \u00b0F (0,2 \u00b0C) De 392 a 932 \u00b0F (de 200 a 500 \u00b0C):<\/p>\n<p>\u00b10,8 \u00b0F (0,4 \u00b0C)<\/td>\n<\/tr>\n<tr>\n<td>Resoluci\u00f3n<\/td>\n<td>0.1 \u00b0F (0.1 \u00b0C)<\/td>\n<\/tr>\n<tr>\n<td>Emisividad del objetivo<\/td>\n<td>0.95 (fijo)<\/td>\n<\/tr>\n<tr>\n<td>Tiempo de calentamiento<\/td>\n<td>Aprox. 30 minutos como m\u00e1ximo<\/td>\n<\/tr>\n<tr>\n<td>Tiempo de enfriamiento<\/td>\n<td>Aprox. 30 minutos a 122 \u00b0F (100 \u00b0C)<\/td>\n<\/tr>\n<tr>\n<td>Di\u00e1metro de apertura<\/td>\n<td>2,28\u2033 (58 mm)<\/td>\n<\/tr>\n<tr>\n<td>Monitor<\/td>\n<td>Dual LED<\/td>\n<\/tr>\n<tr>\n<td>Fuente de alimentaci\u00f3n<\/td>\n<td>110 VCA, 2,5 A<\/td>\n<\/tr>\n<tr>\n<td>Certificaciones de productos<\/td>\n<td>Despu\u00e9s de Cristo<\/td>\n<\/tr>\n<tr>\n<td>Temperatura de funcionamiento<\/td>\n<td>41 a 95 \u00b0F (5 a 35 \u00b0C)<\/td>\n<\/tr>\n<tr>\n<td>Temperatura de almacenamiento<\/td>\n<td>-4 a 140 \u00b0F (-20 a 60 \u00b0C)<\/td>\n<\/tr>\n<tr>\n<td>Humedad de funcionamiento<\/td>\n<td>Del 15 al 80%<\/td>\n<\/tr>\n<tr>\n<td>Dimensiones<\/td>\n<td>7,1 x 4,5 x 8,8\u2033 (180 x 114 x 233 mm)<\/td>\n<\/tr>\n<tr>\n<td>Peso<\/td>\n<td>6 kg (6,3 libras)<\/td>\n<\/tr>\n<\/tbody>\n<\/table>\n","protected":false},"excerpt":{"rendered":"<p>Este calibrador de temperatura es para calibrar term\u00f3metros infrarrojos sin contacto de hasta 500 \u00b0C (932 \u00b0F).<\/p>\n","protected":false},"featured_media":5131,"template":"","meta":[],"product_cat":[16],"product_tag":[],"class_list":["post-5129","product","type-product","status-publish","has-post-thumbnail","hentry","product_cat-uncategorized"],"_links":{"self":[{"href":"https:\/\/calibracion.com.mx\/tienda\/wp-json\/wp\/v2\/product\/5129","targetHints":{"allow":["GET"]}}],"collection":[{"href":"https:\/\/calibracion.com.mx\/tienda\/wp-json\/wp\/v2\/product"}],"about":[{"href":"https:\/\/calibracion.com.mx\/tienda\/wp-json\/wp\/v2\/types\/product"}],"wp:featuredmedia":[{"embeddable":true,"href":"https:\/\/calibracion.com.mx\/tienda\/wp-json\/wp\/v2\/media\/5131"}],"wp:attachment":[{"href":"https:\/\/calibracion.com.mx\/tienda\/wp-json\/wp\/v2\/media?parent=5129"}],"wp:term":[{"taxonomy":"product_cat","embeddable":true,"href":"https:\/\/calibracion.com.mx\/tienda\/wp-json\/wp\/v2\/product_cat?post=5129"},{"taxonomy":"product_tag","embeddable":true,"href":"https:\/\/calibracion.com.mx\/tienda\/wp-json\/wp\/v2\/product_tag?post=5129"}],"curies":[{"name":"wp","href":"https:\/\/api.w.org\/{rel}","templated":true}]}}