{"id":52,"date":"2023-10-24T17:07:22","date_gmt":"2023-10-24T17:07:22","guid":{"rendered":"https:\/\/calibracion.com.mx\/tienda\/?post_type=product&#038;p=52"},"modified":"2023-10-24T17:25:38","modified_gmt":"2023-10-24T17:25:38","slug":"elitech-bt-3-termohigrometro-digital-interior-exterior","status":"publish","type":"product","link":"https:\/\/calibracion.com.mx\/tienda\/elitech-bt-3-termohigrometro-digital-interior-exterior\/","title":{"rendered":"Elitech BT-3 termohigr\u00f3metro digital interior\/exterior"},"content":{"rendered":"<p>Marca: Elitech Modelo: BT-3 Tipo: Termohigr\u00f3metro digital interior\/exterior<\/p>\n<p>CARACTER\u00cdSTICAS T\u00c9CNICAS<\/p>\n<p>Rango de temperatura interior: -10 \u00b0C a 50 \u00b0C<br \/>\nRango de temperatura exterior: -40 \u00b0C a 70 \u00b0C<br \/>\nPrecisi\u00f3n de la temperatura: \u00b1 0,5 \u00b0C (en el rango de -diez \u00b0C a 50 \u00b0C) \/ \u00b1 1 \u00b0C (en el rango de -40 \u00b0C a -10 \u00b0C y 50 \u00b0C a 70 \u00b0C)<br \/>\nRango de humedad: 10 % a 99%<br \/>\nPrecisi\u00f3n de la humedad: \u00b1 3% (en el rango de 35% a 75%) \/ \u00b1 5% (en el rango de 10 % a 35% y 75% a 90%)<br \/>\nContinuidad de transmisi\u00f3n: 433 MHz<br \/>\nDistancia de transmisi\u00f3n: hasta 100 metros (sin \u00f3bices )<br \/>\nAlimentaci\u00f3n : 2 pilas AAA (no dentro )<br \/>\nAPLICACI\u00d3N<\/p>\n<p>El Elitech BT-3 es un termohigr\u00f3metro digital que se puede utilizar tanto en interiores como en exteriores. Es perfecto para medir la temperatura y la humedad en ambientes como hogares, \u00e1reas de trabajo , almacenes , invernaderos, laboratorios, entre otros muchos.<\/p>\n<p>Adem\u00e1s de esto , este termohigr\u00f3metro tiene una funci\u00f3n de transmisi\u00f3n inal\u00e1mbrica de datos, lo que deja monitorear las condiciones ambientales en tiempo real desde un dispositivo m\u00f3vil inteligente. Para ello , se puede descargar la app \u201cElitech Cloud\u201d desde la Aplicaci\u00f3n Store o Google+ Play. La aplicaci\u00f3n permite ver y registrar los datos de temperatura y humedad en gr\u00e1ficos, tal como configurar alarmas para recibir alertas en el momento en que se superen algunos umbrales.<\/p>\n<p>Para resumir , el Elitech BT-3 es una herramienta pr\u00e1ctica y vers\u00e1til para el chequeo de las propiedades del ambiente en interiores y exteriores, y su aplicaci\u00f3n m\u00f3vil inteligente deja un rastreo en tiempo real y la configuraci\u00f3n de alarmas personalizadas.<\/p>\n","protected":false},"excerpt":{"rendered":"<p>CARACTER\u00cdSTICAS ELITECH BT-3 TERMOHIGR\u00d3METRO DIGITAL INTERIOR\/EXTERIOR<br \/>\nEl Elitech BT-3 es un termohigr\u00f3metro digital que se puede utilizar tanto en interiores como en exteriores. Es perfecto para medir la temperatura y la humedad en entornos como hogares, oficinas , almacenes , invernaderos, laboratorios, entre otros.<\/p>\n<p>Adem\u00e1s , este termohigr\u00f3metro cuenta con una funci\u00f3n de transmisi\u00f3n inal\u00e1mbrica de datos, lo que permite monitorear las condiciones ambientales en el mismo instante desde un dispositivo m\u00f3vil inteligente. Para esto , se puede descargar la aplicaci\u00f3n \u201cElitech Cloud\u201d desde la App Store o Google+ Play. La app deja ver y registrar los datos de temperatura y humedad en gr\u00e1ficos, as\u00ed como modificar alarmas para recibir alertas en el momento en que se superen algunos umbrales.<\/p>\n","protected":false},"featured_media":53,"template":"","meta":[],"product_cat":[16],"product_tag":[],"class_list":["post-52","product","type-product","status-publish","has-post-thumbnail","hentry","product_cat-uncategorized"],"_links":{"self":[{"href":"https:\/\/calibracion.com.mx\/tienda\/wp-json\/wp\/v2\/product\/52","targetHints":{"allow":["GET"]}}],"collection":[{"href":"https:\/\/calibracion.com.mx\/tienda\/wp-json\/wp\/v2\/product"}],"about":[{"href":"https:\/\/calibracion.com.mx\/tienda\/wp-json\/wp\/v2\/types\/product"}],"wp:featuredmedia":[{"embeddable":true,"href":"https:\/\/calibracion.com.mx\/tienda\/wp-json\/wp\/v2\/media\/53"}],"wp:attachment":[{"href":"https:\/\/calibracion.com.mx\/tienda\/wp-json\/wp\/v2\/media?parent=52"}],"wp:term":[{"taxonomy":"product_cat","embeddable":true,"href":"https:\/\/calibracion.com.mx\/tienda\/wp-json\/wp\/v2\/product_cat?post=52"},{"taxonomy":"product_tag","embeddable":true,"href":"https:\/\/calibracion.com.mx\/tienda\/wp-json\/wp\/v2\/product_tag?post=52"}],"curies":[{"name":"wp","href":"https:\/\/api.w.org\/{rel}","templated":true}]}}