{"id":5247,"date":"2023-12-13T17:04:57","date_gmt":"2023-12-13T17:04:57","guid":{"rendered":"https:\/\/calibracion.com.mx\/tienda\/?post_type=product&#038;p=5247"},"modified":"2024-03-06T19:52:44","modified_gmt":"2024-03-06T19:52:44","slug":"reed-c-383-detector-de-fugas-de-gas-combustible","status":"publish","type":"product","link":"https:\/\/calibracion.com.mx\/tienda\/reed-c-383-detector-de-fugas-de-gas-combustible\/","title":{"rendered":"Reed c-383 detector de fugas de gas combustible"},"content":{"rendered":"<p>Este detector de fugas de gas comburente es capaz de detectar una serie de gases que incluyen : gas natural, metano, benceno, etano, propano, butano, acetona, alcohol, amon\u00edaco, gasolina, comburente para aviones , solventes industriales, laca, diluyente de pintura y nafta. El C-383 puede detectar fugas tan peque\u00f1as como 5 ppm de gasolina.<\/p>\n<h3>Funciones<\/h3>\n<ul>\n<li>La respuesta r\u00e1pida y la alta precisi\u00f3n detectan peque\u00f1as fugas.<\/li>\n<li>Sensibilidad ajustable por el usuario (alta\/baja).<\/li>\n<li>Indicador visual tricolor.<\/li>\n<li>Cuello de cisne de 15\u2033 (390 mm) para zonas de dif\u00edcil acceso.<\/li>\n<li>Indicadores de alarma audibles (zumbador) y visuales (LED).<\/li>\n<li>Indicador de bater\u00eda baja y apagado autom\u00e1tico.<\/li>\n<li>Detecta una amplia gama de gases combustibles, entre los que se incluyen: gasolina, propano, gas natural y fueloil.<\/li>\n<li>Funci\u00f3n de restablecimiento de la concentraci\u00f3n ambiental.<\/li>\n<li>Sensor reemplazable por el usuario.<\/li>\n<li>Dise\u00f1ado para ser operado con una sola mano.<\/li>\n<li>Secuencia de autocomprobaci\u00f3n en la puesta en marcha.<\/li>\n<\/ul>\n<h3>Especificaciones del REED C-383<\/h3>\n<table>\n<tbody>\n<tr>\n<td>Gases detectados<\/td>\n<td>Gas natural, metano, benceno, etano, propano, butano, acetona, alcohol, amon\u00edaco, gasolina, combustible para aviones, disolventes industriales, laca, diluyente de pintura, nafta<\/td>\n<\/tr>\n<tr>\n<td>Sensibilidad<\/td>\n<td>5ppm (Gasolina)<\/td>\n<\/tr>\n<tr>\n<td colspan=\"2\"><strong>Especificaciones generales<\/strong><\/td>\n<\/tr>\n<tr>\n<td>Tipo de sensor<\/td>\n<td>Sensor de gas semiconductor calentado<\/td>\n<\/tr>\n<tr>\n<td>Monitor<\/td>\n<td>Indicador de barra LED tricolor<\/td>\n<\/tr>\n<tr>\n<td>Alarma<\/td>\n<td>Audible (zumbador) y visual (indicador de barra)<\/td>\n<\/tr>\n<tr>\n<td>Ajustes de sensibilidad<\/td>\n<td>Baja y alta<\/td>\n<\/tr>\n<tr>\n<td>Tiempo de calentamiento<\/td>\n<td>10 segundos<\/td>\n<\/tr>\n<tr>\n<td>Tiempo de respuesta<\/td>\n<td>Menos de 1 segundo<\/td>\n<\/tr>\n<tr>\n<td>Apagado autom\u00e1tico<\/td>\n<td>S\u00ed (despu\u00e9s de 10 minutos)<\/td>\n<\/tr>\n<tr>\n<td>Indicador de bater\u00eda baja<\/td>\n<td>S\u00ed<\/td>\n<\/tr>\n<tr>\n<td>Fuente de alimentaci\u00f3n<\/td>\n<td>4 pilas AA<\/td>\n<\/tr>\n<tr>\n<td>Duraci\u00f3n de la bater\u00eda<\/td>\n<td>Aprox. 40 horas<\/td>\n<\/tr>\n<tr>\n<td>Certificaciones de productos<\/td>\n<td>CE, RoHS<\/td>\n<\/tr>\n<tr>\n<td>Longitud de la sonda<\/td>\n<td>15\u2033 (390 mm)<\/td>\n<\/tr>\n<tr>\n<td>Temperatura de funcionamiento<\/td>\n<td>De 32 a 104 \u00b0C (de 0 a 40 \u00b0F)<\/td>\n<\/tr>\n<tr>\n<td>Temperatura de almacenamiento<\/td>\n<td>De -14 a 140 \u00b0C (de 10 a 60 \u00b0F)<\/td>\n<\/tr>\n<tr>\n<td>Rango de humedad de funcionamiento<\/td>\n<td>10-70%<\/td>\n<\/tr>\n<tr>\n<td>Dimensiones<\/td>\n<td>8,5 x 2,6 x 2,2\u2033 (217 x 66 x 56 mm)<\/td>\n<\/tr>\n<tr>\n<td>Peso<\/td>\n<td>9 g (3,265 onzas)<\/td>\n<\/tr>\n<\/tbody>\n<\/table>\n","protected":false},"excerpt":{"rendered":"<p>Indicador de barra LED tricolor y cuello de cisne de 15\u2033 (390 mm) para zonas de dif\u00edcil acceso.<\/p>\n","protected":false},"featured_media":5248,"template":"","meta":[],"product_cat":[16],"product_tag":[],"class_list":["post-5247","product","type-product","status-publish","has-post-thumbnail","hentry","product_cat-uncategorized"],"_links":{"self":[{"href":"https:\/\/calibracion.com.mx\/tienda\/wp-json\/wp\/v2\/product\/5247","targetHints":{"allow":["GET"]}}],"collection":[{"href":"https:\/\/calibracion.com.mx\/tienda\/wp-json\/wp\/v2\/product"}],"about":[{"href":"https:\/\/calibracion.com.mx\/tienda\/wp-json\/wp\/v2\/types\/product"}],"wp:featuredmedia":[{"embeddable":true,"href":"https:\/\/calibracion.com.mx\/tienda\/wp-json\/wp\/v2\/media\/5248"}],"wp:attachment":[{"href":"https:\/\/calibracion.com.mx\/tienda\/wp-json\/wp\/v2\/media?parent=5247"}],"wp:term":[{"taxonomy":"product_cat","embeddable":true,"href":"https:\/\/calibracion.com.mx\/tienda\/wp-json\/wp\/v2\/product_cat?post=5247"},{"taxonomy":"product_tag","embeddable":true,"href":"https:\/\/calibracion.com.mx\/tienda\/wp-json\/wp\/v2\/product_tag?post=5247"}],"curies":[{"name":"wp","href":"https:\/\/api.w.org\/{rel}","templated":true}]}}