{"id":5255,"date":"2023-12-13T17:33:28","date_gmt":"2023-12-13T17:33:28","guid":{"rendered":"https:\/\/calibracion.com.mx\/tienda\/?post_type=product&#038;p=5255"},"modified":"2023-12-13T17:33:29","modified_gmt":"2023-12-13T17:33:29","slug":"reed-lm-81lx-medidor-de-luz-compacto","status":"publish","type":"product","link":"https:\/\/calibracion.com.mx\/tienda\/reed-lm-81lx-medidor-de-luz-compacto\/","title":{"rendered":"Reed lm-81lx medidor de luz compacto"},"content":{"rendered":"<p>Este fot\u00f3metro compacto es con la capacidad de tomar medidas de Footcandle (Fc) y Lux. El LM-81LX es un instrumento de rango autom\u00e1tico que efect\u00faa un seguimiento de las lecturas m\u00ednimas y m\u00e1ximas y tiene una funci\u00f3n de retenci\u00f3n de datos y un bot\u00f3n de ajuste de cero.<\/p>\n<h3>Funciones<\/h3>\n<ul>\n<li>Medidas de Lux \/ Footcandle seleccionables por el usuario.<\/li>\n<li>Rango autom\u00e1tico.<\/li>\n<li>Funciones de M\u00edn.\/M\u00e1x. y retenci\u00f3n de datos.<\/li>\n<li>Bot\u00f3n de ajuste de cero.<\/li>\n<li>Pantalla LCD de 5 d\u00edgitos.<\/li>\n<li>Dise\u00f1o compacto y f\u00e1cil de operar.<\/li>\n<li>Indicadores de autonom\u00eda excesiva y bater\u00eda baja.<\/li>\n<\/ul>\n<h3>REED LM-81LX Especificaciones<\/h3>\n<table>\n<tbody>\n<tr>\n<td>Rangos de medici\u00f3n<\/td>\n<td>Lux: 0 a 20.000 Fc: 0 a 1.860<\/td>\n<\/tr>\n<tr>\n<td>Exactitud<\/td>\n<td>\u00b1(5% rdg.+ 8 dgt)<\/td>\n<\/tr>\n<tr>\n<td>Resoluci\u00f3n<\/td>\n<td>De 0 a 2.200 lux: 1<br \/>\nDe 1.800 a 20.000 lux: 10<br \/>\nfc: 0,1<\/td>\n<\/tr>\n<tr>\n<td>Tiempo de respuesta<\/td>\n<td>&lt;1 seg.<\/td>\n<\/tr>\n<tr>\n<td>Tipo de sensor<\/td>\n<td>Fotodiodo y filtro de correcci\u00f3n de color<\/td>\n<\/tr>\n<tr>\n<td>Rango autom\u00e1tico<\/td>\n<td>S\u00ed<\/td>\n<\/tr>\n<tr>\n<td>Monitor<\/td>\n<td>Pantalla LCD de 5 d\u00edgitos<\/td>\n<\/tr>\n<tr>\n<td>Retenci\u00f3n de datos<\/td>\n<td>S\u00ed<\/td>\n<\/tr>\n<tr>\n<td>Min<\/td>\n<td>S\u00ed<\/td>\n<\/tr>\n<tr>\n<td>M\u00e1ximo<\/td>\n<td>S\u00ed<\/td>\n<\/tr>\n<tr>\n<td>Cero autom\u00e1tico<\/td>\n<td>S\u00ed<\/td>\n<\/tr>\n<tr>\n<td>Indicador de rango excesivo<\/td>\n<td>S\u00ed<\/td>\n<\/tr>\n<tr>\n<td>Frecuencia de muestreo<\/td>\n<td>1 vez\/seg.<\/td>\n<\/tr>\n<tr>\n<td>Memoria interna<\/td>\n<td>S\u00ed<\/td>\n<\/tr>\n<tr>\n<td>Apagado autom\u00e1tico<\/td>\n<td>S\u00ed (despu\u00e9s de 10 minutos)<\/td>\n<\/tr>\n<tr>\n<td>Indicador de bater\u00eda baja<\/td>\n<td>S\u00ed<\/td>\n<\/tr>\n<tr>\n<td>Fuente de alimentaci\u00f3n<\/td>\n<td>Bater\u00eda de 9V<\/td>\n<\/tr>\n<tr>\n<td>Certificaciones de productos<\/td>\n<td>Despu\u00e9s de Cristo<\/td>\n<\/tr>\n<tr>\n<td>Temperatura de funcionamiento<\/td>\n<td>De 32 a 122 \u00b0C (de 0 a 50 \u00b0F)<\/td>\n<\/tr>\n<tr>\n<td>Temperatura de almacenamiento<\/td>\n<td>De -14 a 140 \u00b0C (de 10 a 60 \u00b0F)<\/td>\n<\/tr>\n<tr>\n<td>Rango de humedad de funcionamiento<\/td>\n<td>10-80%<\/td>\n<\/tr>\n<tr>\n<td>Dimensiones<\/td>\n<td>6,1 x 2,4 x 1,3\u2033 (156 x 60 x 33 mm)<\/td>\n<\/tr>\n<tr>\n<td>Peso<\/td>\n<td>5 g (6,160 onzas)<\/td>\n<\/tr>\n<\/tbody>\n<\/table>\n","protected":false},"excerpt":{"rendered":"<p>El medidor de luz de rango autom\u00e1tico mide hasta 1.860 Fc \/ 20.000 Lux.<\/p>\n","protected":false},"featured_media":5256,"template":"","meta":[],"product_cat":[16],"product_tag":[],"class_list":["post-5255","product","type-product","status-publish","has-post-thumbnail","hentry","product_cat-uncategorized"],"_links":{"self":[{"href":"https:\/\/calibracion.com.mx\/tienda\/wp-json\/wp\/v2\/product\/5255","targetHints":{"allow":["GET"]}}],"collection":[{"href":"https:\/\/calibracion.com.mx\/tienda\/wp-json\/wp\/v2\/product"}],"about":[{"href":"https:\/\/calibracion.com.mx\/tienda\/wp-json\/wp\/v2\/types\/product"}],"wp:featuredmedia":[{"embeddable":true,"href":"https:\/\/calibracion.com.mx\/tienda\/wp-json\/wp\/v2\/media\/5256"}],"wp:attachment":[{"href":"https:\/\/calibracion.com.mx\/tienda\/wp-json\/wp\/v2\/media?parent=5255"}],"wp:term":[{"taxonomy":"product_cat","embeddable":true,"href":"https:\/\/calibracion.com.mx\/tienda\/wp-json\/wp\/v2\/product_cat?post=5255"},{"taxonomy":"product_tag","embeddable":true,"href":"https:\/\/calibracion.com.mx\/tienda\/wp-json\/wp\/v2\/product_tag?post=5255"}],"curies":[{"name":"wp","href":"https:\/\/api.w.org\/{rel}","templated":true}]}}