{"id":5333,"date":"2023-12-14T14:59:10","date_gmt":"2023-12-14T14:59:10","guid":{"rendered":"https:\/\/calibracion.com.mx\/tienda\/?post_type=product&#038;p=5333"},"modified":"2023-12-14T14:59:11","modified_gmt":"2023-12-14T14:59:11","slug":"reed-ht-6510a-durometro-shore-a","status":"publish","type":"product","link":"https:\/\/calibracion.com.mx\/tienda\/reed-ht-6510a-durometro-shore-a\/","title":{"rendered":"Reed ht-6510a dur\u00f3metro shore a"},"content":{"rendered":"<p>Este dur\u00f3metro digital shore A es capaz de medir la dureza del caucho, los elast\u00f3meros y el cuero entre otros muchos materiales blandos. El HT-6510A cuenta con funcionalidades de lectura m\u00e1xima y media y tambi\u00e9n incluye un bot\u00f3n cero para un ajuste veloz en el campo.<\/p>\n<h3>Funciones<\/h3>\n<ul>\n<li>Bot\u00f3n de ajuste de cero.<\/li>\n<li>Funciones M\u00e1ximo y Promedio.<\/li>\n<li>Shore Un dur\u00f3metro dise\u00f1ado para medir la dureza del caucho, elast\u00f3meros, productos de caucho natural, neopreno, poli\u00e9ster, resina, cuero y PVC blando.<\/li>\n<li>Cumple con las normas DIN 53505, ASTM D2240, ISO 7619 y JISK 7215.<\/li>\n<li>Indicador de bater\u00eda baja y apagado autom\u00e1tico.<\/li>\n<li>Modelo de bolsillo con sonda integrada.<\/li>\n<li>Pantalla LCD de 4 d\u00edgitos.<\/li>\n<\/ul>\n<h3>Especificaciones<\/h3>\n<table>\n<tbody>\n<tr>\n<td>Rango de medici\u00f3n<\/td>\n<td>De 10 a 90 HA<\/td>\n<\/tr>\n<tr>\n<td>Desviaci\u00f3n<\/td>\n<td>\u00b11 HA<\/td>\n<\/tr>\n<tr>\n<td>Resoluci\u00f3n<\/td>\n<td>0,1 HA<\/td>\n<\/tr>\n<tr>\n<td>Tiempo de muestreo<\/td>\n<td>1 seg.<\/td>\n<\/tr>\n<tr>\n<td>Monitor<\/td>\n<td>4 d\u00edgitos, LCD<\/td>\n<\/tr>\n<tr>\n<td>Bot\u00f3n cero<\/td>\n<td>S\u00ed<\/td>\n<\/tr>\n<tr>\n<td>Funciones m\u00e1ximas y medias<\/td>\n<td>S\u00ed<\/td>\n<\/tr>\n<tr>\n<td>Fuente de alimentaci\u00f3n<\/td>\n<td>2 pilas AAA<\/td>\n<\/tr>\n<tr>\n<td>Indicador de bater\u00eda baja<\/td>\n<td>S\u00ed<\/td>\n<\/tr>\n<tr>\n<td>Certificaciones de productos<\/td>\n<td>Despu\u00e9s de Cristo<\/td>\n<\/tr>\n<tr>\n<td>Temperatura de funcionamiento<\/td>\n<td>De 32 a 104 \u00b0C (de 0 a 40 \u00b0F)<\/td>\n<\/tr>\n<tr>\n<td>Temperatura de almacenamiento<\/td>\n<td>-4 a 140 \u00b0F (-20 a 60 \u00b0C)<\/td>\n<\/tr>\n<tr>\n<td>Rango de humedad de funcionamiento<\/td>\n<td>Del 20 al 90%<\/td>\n<\/tr>\n<tr>\n<td>Dimensiones<\/td>\n<td>6,4 x 2,6 x 1,5\u2033 (162 x 65 x 38 mm)<\/td>\n<\/tr>\n<tr>\n<td>Peso<\/td>\n<td>6,1 onzas (173 g)<\/td>\n<\/tr>\n<\/tbody>\n<\/table>\n<p>&nbsp;<\/p>\n","protected":false},"excerpt":{"rendered":"<p>Tama\u00f1o de bolsillo con sonda integrada y pantalla LCD de 4 d\u00edgitos.<\/p>\n","protected":false},"featured_media":5336,"template":"","meta":[],"product_cat":[16],"product_tag":[],"class_list":["post-5333","product","type-product","status-publish","has-post-thumbnail","hentry","product_cat-uncategorized"],"_links":{"self":[{"href":"https:\/\/calibracion.com.mx\/tienda\/wp-json\/wp\/v2\/product\/5333","targetHints":{"allow":["GET"]}}],"collection":[{"href":"https:\/\/calibracion.com.mx\/tienda\/wp-json\/wp\/v2\/product"}],"about":[{"href":"https:\/\/calibracion.com.mx\/tienda\/wp-json\/wp\/v2\/types\/product"}],"wp:featuredmedia":[{"embeddable":true,"href":"https:\/\/calibracion.com.mx\/tienda\/wp-json\/wp\/v2\/media\/5336"}],"wp:attachment":[{"href":"https:\/\/calibracion.com.mx\/tienda\/wp-json\/wp\/v2\/media?parent=5333"}],"wp:term":[{"taxonomy":"product_cat","embeddable":true,"href":"https:\/\/calibracion.com.mx\/tienda\/wp-json\/wp\/v2\/product_cat?post=5333"},{"taxonomy":"product_tag","embeddable":true,"href":"https:\/\/calibracion.com.mx\/tienda\/wp-json\/wp\/v2\/product_tag?post=5333"}],"curies":[{"name":"wp","href":"https:\/\/api.w.org\/{rel}","templated":true}]}}