{"id":5406,"date":"2023-12-14T16:40:45","date_gmt":"2023-12-14T16:40:45","guid":{"rendered":"https:\/\/calibracion.com.mx\/tienda\/?post_type=product&#038;p=5406"},"modified":"2023-12-14T16:40:46","modified_gmt":"2023-12-14T16:40:46","slug":"termohigrometro-reed-lm-81ht-de-32-a-122-f-0-a-50-c-10-95-de-humedad-relativa","status":"publish","type":"product","link":"https:\/\/calibracion.com.mx\/tienda\/termohigrometro-reed-lm-81ht-de-32-a-122-f-0-a-50-c-10-95-de-humedad-relativa\/","title":{"rendered":"Termohigr\u00f3metro reed lm-81ht, de 32 a 122 \u00b0f (0 a 50 \u00b0c), 10-95 % de humedad relativa"},"content":{"rendered":"<p>Este termohigr\u00f3metro s\u00f3lido mide la temperatura y la humedad y cuenta con funciones de retenci\u00f3n de datos y m\u00edn\/m\u00e1x. El LM-81HT es f\u00e1cil de usar y viene con una correa para la mu\u00f1eca para operar en el campo con una sola mano.<\/p>\n<h3>Funciones<\/h3>\n<ul>\n<li>Retenci\u00f3n de datos y funci\u00f3n M\u00edn.\/M\u00e1x.<\/li>\n<li>\u00b0F\/\u00b0C seleccionable por el usuario.<\/li>\n<li>Indicador de bater\u00eda baja y apagado autom\u00e1tico.<\/li>\n<li>Compacto y ligero.<\/li>\n<li>Doble pantalla LCD.<\/li>\n<\/ul>\n<h3>REED LM-81HT Especificaciones<\/h3>\n<table>\n<tbody>\n<tr>\n<td colspan=\"2\"><strong>Temperatura<\/strong><\/td>\n<\/tr>\n<tr>\n<td>Rango de medici\u00f3n<\/td>\n<td>De 32 a 122 \u00b0C (de 0 a 50 \u00b0F)<\/td>\n<\/tr>\n<tr>\n<td>Exactitud<\/td>\n<td>\u00b12.5 \u00b0F (1.2 \u00b0C)<\/td>\n<\/tr>\n<tr>\n<td>Resoluci\u00f3n<\/td>\n<td>0.1\u00b0F\/\u00b0C<\/td>\n<\/tr>\n<tr>\n<td colspan=\"2\"><strong>Humedad<\/strong><\/td>\n<\/tr>\n<tr>\n<td>Rango de medici\u00f3n<\/td>\n<td>10-95% HR<\/td>\n<\/tr>\n<tr>\n<td>Exactitud<\/td>\n<td>\u00b15% HR<\/td>\n<\/tr>\n<tr>\n<td>Resoluci\u00f3n<\/td>\n<td>0.1% HR<\/td>\n<\/tr>\n<tr>\n<td colspan=\"2\"><strong>Especificaciones generales<\/strong><\/td>\n<\/tr>\n<tr>\n<td>Monitor<\/td>\n<td>Pantalla dual, LCD<\/td>\n<\/tr>\n<tr>\n<td>Retenci\u00f3n de datos<\/td>\n<td>S\u00ed<\/td>\n<\/tr>\n<tr>\n<td>Min<\/td>\n<td>S\u00ed<\/td>\n<\/tr>\n<tr>\n<td>M\u00e1ximo<\/td>\n<td>S\u00ed<\/td>\n<\/tr>\n<tr>\n<td>Apagado autom\u00e1tico<\/td>\n<td>S\u00ed (despu\u00e9s de 10 minutos)<\/td>\n<\/tr>\n<tr>\n<td>Indicador de bater\u00eda baja<\/td>\n<td>S\u00ed<\/td>\n<\/tr>\n<tr>\n<td>Fuente de alimentaci\u00f3n<\/td>\n<td>Bater\u00eda de 9V<\/td>\n<\/tr>\n<tr>\n<td>Certificaciones de productos<\/td>\n<td>Despu\u00e9s de Cristo<\/td>\n<\/tr>\n<tr>\n<td>Temperatura de funcionamiento<\/td>\n<td>De 32 a 122 \u00b0C (de 0 a 50 \u00b0F)<\/td>\n<\/tr>\n<tr>\n<td>Temperatura de almacenamiento<\/td>\n<td>De -14 a 140 \u00b0C (de 10 a 60 \u00b0F)<\/td>\n<\/tr>\n<tr>\n<td>Rango de humedad de funcionamiento<\/td>\n<td>10-80%<\/td>\n<\/tr>\n<tr>\n<td>Dimensiones<\/td>\n<td>6,1 x 2,4 x 1,3\u2033 (156 x 60 x 33 mm)<\/td>\n<\/tr>\n<tr>\n<td>Peso<\/td>\n<td>5 g (6,160 onzas)<\/td>\n<\/tr>\n<\/tbody>\n<\/table>\n","protected":false},"excerpt":{"rendered":"<p>La enorme pantalla LCD dual exhibe la temperatura ambiente y la humedad relativa simult\u00e1neamente.<\/p>\n","protected":false},"featured_media":5408,"template":"","meta":[],"product_cat":[16],"product_tag":[],"class_list":["post-5406","product","type-product","status-publish","has-post-thumbnail","hentry","product_cat-uncategorized"],"_links":{"self":[{"href":"https:\/\/calibracion.com.mx\/tienda\/wp-json\/wp\/v2\/product\/5406","targetHints":{"allow":["GET"]}}],"collection":[{"href":"https:\/\/calibracion.com.mx\/tienda\/wp-json\/wp\/v2\/product"}],"about":[{"href":"https:\/\/calibracion.com.mx\/tienda\/wp-json\/wp\/v2\/types\/product"}],"wp:featuredmedia":[{"embeddable":true,"href":"https:\/\/calibracion.com.mx\/tienda\/wp-json\/wp\/v2\/media\/5408"}],"wp:attachment":[{"href":"https:\/\/calibracion.com.mx\/tienda\/wp-json\/wp\/v2\/media?parent=5406"}],"wp:term":[{"taxonomy":"product_cat","embeddable":true,"href":"https:\/\/calibracion.com.mx\/tienda\/wp-json\/wp\/v2\/product_cat?post=5406"},{"taxonomy":"product_tag","embeddable":true,"href":"https:\/\/calibracion.com.mx\/tienda\/wp-json\/wp\/v2\/product_tag?post=5406"}],"curies":[{"name":"wp","href":"https:\/\/api.w.org\/{rel}","templated":true}]}}