{"id":5432,"date":"2023-12-14T17:17:05","date_gmt":"2023-12-14T17:17:05","guid":{"rendered":"https:\/\/calibracion.com.mx\/tienda\/?post_type=product&#038;p=5432"},"modified":"2023-12-14T17:17:05","modified_gmt":"2023-12-14T17:17:05","slug":"reed-8706-psicrometro-digital-termohigrometro-bulbo-humedo-punto-de-rocio-temperatura-humedad","status":"publish","type":"product","link":"https:\/\/calibracion.com.mx\/tienda\/reed-8706-psicrometro-digital-termohigrometro-bulbo-humedo-punto-de-rocio-temperatura-humedad\/","title":{"rendered":"Reed 8706 psicr\u00f3metro digital \u2013 termohigr\u00f3metro, bulbo h\u00famedo, punto de roc\u00edo, temperatura, humedad"},"content":{"rendered":"<p>Este psicr\u00f3metro digital proporciona lecturas simult\u00e1neas de humedad relativa y temperatura del aire, tal como el c\u00e1lculo autom\u00e1tico de las temperaturas de bulbo h\u00famedo y punto de roc\u00edo sin necesidad de consultar gr\u00e1ficos.<\/p>\n<h3>Funciones<\/h3>\n<ul>\n<li>Indicador de bater\u00eda baja y apagado autom\u00e1tico.<\/li>\n<li>Visualizaci\u00f3n simult\u00e1nea del % HR, la temperatura y el punto de roc\u00edo o bulbo h\u00famedo.<\/li>\n<li>Respuesta r\u00e1pida.<\/li>\n<li>Funci\u00f3n de retenci\u00f3n de datos.<\/li>\n<li>\u00b0F\/\u00b0C seleccionable por el usuario.<\/li>\n<li>Lecturas m\u00e1ximas\/m\u00ednimas\/medias.<\/li>\n<li>Sonda externa opcional (87P6) para medici\u00f3n de temperatura de contacto\/diferencial.<\/li>\n<\/ul>\n<h3>REED 8706 Especificaciones<\/h3>\n<table>\n<tbody>\n<tr>\n<td colspan=\"2\"><strong>Temperatura<\/strong><\/td>\n<\/tr>\n<tr>\n<td>Rango de medici\u00f3n<\/td>\n<td>-4 a 158 \u00b0F (-20 a 70 \u00b0C)<\/td>\n<\/tr>\n<tr>\n<td>Exactitud<\/td>\n<td>\u00b11.0 \u00b0F (0.6 \u00b0C)<\/td>\n<\/tr>\n<tr>\n<td>Resoluci\u00f3n<\/td>\n<td>0.1\u00b0F\/\u00b0C<\/td>\n<\/tr>\n<tr>\n<td colspan=\"2\"><strong>Temperatura de contacto (la sonda se vende por separado)<\/strong><\/td>\n<\/tr>\n<tr>\n<td>Rango de medici\u00f3n<\/td>\n<td>-4 a 122 \u00b0F (-20 a 50 \u00b0C)<\/td>\n<\/tr>\n<tr>\n<td>Exactitud<\/td>\n<td>\u00b11.0 \u00b0F (0.6 \u00b0C)<\/td>\n<\/tr>\n<tr>\n<td>Resoluci\u00f3n<\/td>\n<td>0.1\u00b0F\/\u00b0C<\/td>\n<\/tr>\n<tr>\n<td colspan=\"2\"><strong>Punto de condensaci\u00f3n<\/strong><\/td>\n<\/tr>\n<tr>\n<td>Rango de medici\u00f3n<\/td>\n<td>-109 a 122 \u00b0F (-78 a 50 \u00b0C)<\/td>\n<\/tr>\n<tr>\n<td>Exactitud<\/td>\n<td>\u00b13%<\/td>\n<\/tr>\n<tr>\n<td>Resoluci\u00f3n<\/td>\n<td>0.1\u00b0F\/\u00b0C<\/td>\n<\/tr>\n<tr>\n<td colspan=\"2\"><strong>Bulbo h\u00famedo<\/strong><\/td>\n<\/tr>\n<tr>\n<td>Rango de medici\u00f3n<\/td>\n<td>-69 a 122 \u00b0F (-21 a 50 \u00b0C)<\/td>\n<\/tr>\n<tr>\n<td>Exactitud<\/td>\n<td>\u00b13%<\/td>\n<\/tr>\n<tr>\n<td>Resoluci\u00f3n<\/td>\n<td>0.1\u00b0F\/\u00b0C<\/td>\n<\/tr>\n<tr>\n<td colspan=\"2\"><strong>Humedad<\/strong><\/td>\n<\/tr>\n<tr>\n<td>Rango de medici\u00f3n<\/td>\n<td>0-100% HR<\/td>\n<\/tr>\n<tr>\n<td>Exactitud<\/td>\n<td>\u00b13% HR<\/td>\n<\/tr>\n<tr>\n<td>Resoluci\u00f3n<\/td>\n<td>0.1% HR<\/td>\n<\/tr>\n<tr>\n<td colspan=\"2\"><strong>Especificaciones generales<\/strong><\/td>\n<\/tr>\n<tr>\n<td>Monitor<\/td>\n<td>LCD<\/td>\n<\/tr>\n<tr>\n<td>Retenci\u00f3n de datos<\/td>\n<td>S\u00ed<\/td>\n<\/tr>\n<tr>\n<td>Min<\/td>\n<td>S\u00ed<\/td>\n<\/tr>\n<tr>\n<td>M\u00e1ximo<\/td>\n<td>S\u00ed<\/td>\n<\/tr>\n<tr>\n<td>Apagado autom\u00e1tico<\/td>\n<td>S\u00ed (5 minutos\/apagado)<\/td>\n<\/tr>\n<tr>\n<td>Indicador de bater\u00eda baja<\/td>\n<td>S\u00ed<\/td>\n<\/tr>\n<tr>\n<td>Fuente de alimentaci\u00f3n<\/td>\n<td>2 pilas AAA<\/td>\n<\/tr>\n<tr>\n<td>Certificaciones de productos<\/td>\n<td>Despu\u00e9s de Cristo<\/td>\n<\/tr>\n<tr>\n<td>Temperatura de funcionamiento<\/td>\n<td>-4 a 158 \u00b0F (-20 a 70 \u00b0C)<\/td>\n<\/tr>\n<tr>\n<td>Temperatura de almacenamiento<\/td>\n<td>De -14 a 140 \u00b0C (de 10 a 60 \u00b0F)<\/td>\n<\/tr>\n<tr>\n<td>Rango de humedad de funcionamiento<\/td>\n<td>10-80%<\/td>\n<\/tr>\n<tr>\n<td>Dimensiones<\/td>\n<td>7 x 1,9 x 1\u2033 (179 x 48 x 25 mm)<\/td>\n<\/tr>\n<tr>\n<td>Peso<\/td>\n<td>3 g (3,95 onzas)<\/td>\n<\/tr>\n<\/tbody>\n<\/table>\n","protected":false},"excerpt":{"rendered":"<p>Mediciones exactas y de respuesta r\u00e1pida de la temperatura del aire, el punto de roc\u00edo y las temperaturas y la humedad de bulbo h\u00famedo. Sonda opcional para mediciones de temperatura de contacto\/diferencial.<\/p>\n","protected":false},"featured_media":5434,"template":"","meta":[],"product_cat":[16],"product_tag":[],"class_list":["post-5432","product","type-product","status-publish","has-post-thumbnail","hentry","product_cat-uncategorized"],"_links":{"self":[{"href":"https:\/\/calibracion.com.mx\/tienda\/wp-json\/wp\/v2\/product\/5432","targetHints":{"allow":["GET"]}}],"collection":[{"href":"https:\/\/calibracion.com.mx\/tienda\/wp-json\/wp\/v2\/product"}],"about":[{"href":"https:\/\/calibracion.com.mx\/tienda\/wp-json\/wp\/v2\/types\/product"}],"wp:featuredmedia":[{"embeddable":true,"href":"https:\/\/calibracion.com.mx\/tienda\/wp-json\/wp\/v2\/media\/5434"}],"wp:attachment":[{"href":"https:\/\/calibracion.com.mx\/tienda\/wp-json\/wp\/v2\/media?parent=5432"}],"wp:term":[{"taxonomy":"product_cat","embeddable":true,"href":"https:\/\/calibracion.com.mx\/tienda\/wp-json\/wp\/v2\/product_cat?post=5432"},{"taxonomy":"product_tag","embeddable":true,"href":"https:\/\/calibracion.com.mx\/tienda\/wp-json\/wp\/v2\/product_tag?post=5432"}],"curies":[{"name":"wp","href":"https:\/\/api.w.org\/{rel}","templated":true}]}}