{"id":5442,"date":"2023-12-14T17:25:47","date_gmt":"2023-12-14T17:25:47","guid":{"rendered":"https:\/\/calibracion.com.mx\/tienda\/?post_type=product&#038;p=5442"},"modified":"2023-12-14T17:25:48","modified_gmt":"2023-12-14T17:25:48","slug":"termohigrometro-reed-r6001-4-a-140-f-20-a-60-c-0-100-de-humedad-relativa","status":"publish","type":"product","link":"https:\/\/calibracion.com.mx\/tienda\/termohigrometro-reed-r6001-4-a-140-f-20-a-60-c-0-100-de-humedad-relativa\/","title":{"rendered":"Termohigr\u00f3metro reed r6001, -4 a 140 \u00b0f (-20 a 60 \u00b0c), 0-100 % de humedad relativa"},"content":{"rendered":"<p>Este termohigr\u00f3metro port\u00e1til mide y muestra la temperatura \u00e1mbito y la humedad relativa simult\u00e1neamente. El R6001 cuenta con funcionalidades Datahold, Min\/Max y Relative.<\/p>\n<h3>Funciones<\/h3>\n<ul>\n<li>Dise\u00f1o intuitivo y f\u00e1cil de usar.<\/li>\n<li>Indicador de bater\u00eda baja y apagado autom\u00e1tico.<\/li>\n<li>Retenci\u00f3n de datos, funciones m\u00ednimas\/m\u00e1ximas y relativas.<\/li>\n<li>La lectura LCD dual muestra la temperatura y la humedad relativa.<\/li>\n<li>Alta frecuencia de muestreo de 2,5 veces\/seg.<\/li>\n<li>\u00b0F \/ \u00b0C seleccionable por el usuario.<\/li>\n<\/ul>\n<h3>Especificaciones de REED R6001<\/h3>\n<table>\n<tbody>\n<tr>\n<td colspan=\"2\"><strong>Temperatura<\/strong><\/td>\n<\/tr>\n<tr>\n<td>Rango de medici\u00f3n<\/td>\n<td>-4 a 140 \u00b0F (-20 a 60 \u00b0C)<\/td>\n<\/tr>\n<tr>\n<td>Exactitud<\/td>\n<td>\u00b11.6 \u00b0F (0.8 \u00b0C)<\/td>\n<\/tr>\n<tr>\n<td>Resoluci\u00f3n<\/td>\n<td>0.1\u00b0F\/\u00b0C<\/td>\n<\/tr>\n<tr>\n<td colspan=\"2\"><strong>Humedad<\/strong><\/td>\n<\/tr>\n<tr>\n<td>Rango de medici\u00f3n<\/td>\n<td>0-100% HR<\/td>\n<\/tr>\n<tr>\n<td>Exactitud<\/td>\n<td>\u00b13% HR<\/td>\n<\/tr>\n<tr>\n<td>Resoluci\u00f3n<\/td>\n<td>0.1% HR<\/td>\n<\/tr>\n<tr>\n<td colspan=\"2\"><strong>Especificaciones generales<\/strong><\/td>\n<\/tr>\n<tr>\n<td>Monitor<\/td>\n<td>Pantalla dual, LCD<\/td>\n<\/tr>\n<tr>\n<td>Retenci\u00f3n de datos<\/td>\n<td>S\u00ed<\/td>\n<\/tr>\n<tr>\n<td>Min<\/td>\n<td>S\u00ed<\/td>\n<\/tr>\n<tr>\n<td>M\u00e1ximo<\/td>\n<td>S\u00ed<\/td>\n<\/tr>\n<tr>\n<td>Funci\u00f3n relativa<\/td>\n<td>S\u00ed<\/td>\n<\/tr>\n<tr>\n<td>Frecuencia de muestreo<\/td>\n<td>2,5 veces\/seg.<\/td>\n<\/tr>\n<tr>\n<td>Apagado autom\u00e1tico<\/td>\n<td>S\u00ed (30 minutos\/apagado)<\/td>\n<\/tr>\n<tr>\n<td>Indicador de bater\u00eda baja<\/td>\n<td>S\u00ed<\/td>\n<\/tr>\n<tr>\n<td>Fuente de alimentaci\u00f3n<\/td>\n<td>Bater\u00eda de 9V<\/td>\n<\/tr>\n<tr>\n<td>Certificaciones de productos<\/td>\n<td>Despu\u00e9s de Cristo<\/td>\n<\/tr>\n<tr>\n<td>Temperatura de funcionamiento<\/td>\n<td>-4 a 140 \u00b0F (-20 a 60 \u00b0C)<\/td>\n<\/tr>\n<tr>\n<td>Temperatura de almacenamiento<\/td>\n<td>De -14 a 140 \u00b0C (de 10 a 60 \u00b0F)<\/td>\n<\/tr>\n<tr>\n<td>Rango de humedad de funcionamiento<\/td>\n<td>10-80%<\/td>\n<\/tr>\n<tr>\n<td>Dimensiones<\/td>\n<td>9,5 x 2,1 x 1,3\u2033 (240 x 54 x 34 mm)<\/td>\n<\/tr>\n<tr>\n<td>Peso<\/td>\n<td>6 g (4,180 onzas)<\/td>\n<\/tr>\n<\/tbody>\n<\/table>\n<p>&nbsp;<\/p>\n","protected":false},"excerpt":{"rendered":"<p>La pantalla LCD dual muestra la temperatura y la humedad, alta frecuencia de muestreo de 2,5 ocasiones \/seg.<\/p>\n","protected":false},"featured_media":5444,"template":"","meta":[],"product_cat":[16],"product_tag":[],"class_list":["post-5442","product","type-product","status-publish","has-post-thumbnail","hentry","product_cat-uncategorized"],"_links":{"self":[{"href":"https:\/\/calibracion.com.mx\/tienda\/wp-json\/wp\/v2\/product\/5442","targetHints":{"allow":["GET"]}}],"collection":[{"href":"https:\/\/calibracion.com.mx\/tienda\/wp-json\/wp\/v2\/product"}],"about":[{"href":"https:\/\/calibracion.com.mx\/tienda\/wp-json\/wp\/v2\/types\/product"}],"wp:featuredmedia":[{"embeddable":true,"href":"https:\/\/calibracion.com.mx\/tienda\/wp-json\/wp\/v2\/media\/5444"}],"wp:attachment":[{"href":"https:\/\/calibracion.com.mx\/tienda\/wp-json\/wp\/v2\/media?parent=5442"}],"wp:term":[{"taxonomy":"product_cat","embeddable":true,"href":"https:\/\/calibracion.com.mx\/tienda\/wp-json\/wp\/v2\/product_cat?post=5442"},{"taxonomy":"product_tag","embeddable":true,"href":"https:\/\/calibracion.com.mx\/tienda\/wp-json\/wp\/v2\/product_tag?post=5442"}],"curies":[{"name":"wp","href":"https:\/\/api.w.org\/{rel}","templated":true}]}}