{"id":5468,"date":"2023-12-14T17:53:25","date_gmt":"2023-12-14T17:53:25","guid":{"rendered":"https:\/\/calibracion.com.mx\/tienda\/?post_type=product&#038;p=5468"},"modified":"2023-12-14T17:53:26","modified_gmt":"2023-12-14T17:53:26","slug":"termohigrometro-reed-r1610-serie-bluetooth-smart","status":"publish","type":"product","link":"https:\/\/calibracion.com.mx\/tienda\/termohigrometro-reed-r1610-serie-bluetooth-smart\/","title":{"rendered":"Termohigr\u00f3metro reed r1610, serie bluetooth smart"},"content":{"rendered":"<p>El R1610 es un termohigr\u00f3metro s\u00f3lido que mide la temperatura ambiente y la humedad relativa. El instrumento se puede emplear de forma independiente o con la aplicaci\u00f3n REED Smart Series (libre para bajar en Android y tambi\u00e9n iOS). En el momento en que se conecta a la aplicaci\u00f3n , el R1610 se puede configurar para registrar mediciones de datos en el transcurso de un per\u00edodo determinado.<\/p>\n<h3>Funciones<\/h3>\n<ul>\n<li>Montaje en tr\u00edpode para monitorizaci\u00f3n a largo plazo.<\/li>\n<li>Indicador de bater\u00eda baja y apagado autom\u00e1tico.<\/li>\n<li>El respaldo magn\u00e9tico permite que el instrumento se monte en superficies met\u00e1licas.<\/li>\n<li>El eje de la sonda flexible permite un f\u00e1cil acceso a los conductos.<\/li>\n<li>F\u00e1cil de operar, dise\u00f1ado para operar con una sola mano.<\/li>\n<li>Mide la temperatura y la humedad ambiente.<\/li>\n<li>\u00b0C o \u00b0F seleccionables por el usuario.<\/li>\n<li>La pantalla integrada proporciona flexibilidad para su uso sin un dispositivo m\u00f3vil.<\/li>\n<li>Funci\u00f3n de retenci\u00f3n de datos.<\/li>\n<\/ul>\n<p><strong>Cuando se usa con la aplicaci\u00f3n REED Smart Series:<\/strong><\/p>\n<ul>\n<li>Registrador de datos en tiempo real.<\/li>\n<li>Frecuencia de muestreo seleccionable por el usuario de 1 a 120 segundos.<\/li>\n<li>F\u00e1cil configuraci\u00f3n con integraci\u00f3n autom\u00e1tica de aplicaciones para instrumentos compatibles de la serie REED Smart.<\/li>\n<li>Conecte, mida y registre datos de hasta 6 instrumentos, simult\u00e1neamente.<\/li>\n<li>Bluetooth 5.0 proporciona conectividad a instrumentos a una distancia de hasta 246 pies (75 m).<\/li>\n<li>Exporte datos a trav\u00e9s de Excel o PDF y cree informes personalizados que se pueden enviar por correo electr\u00f3nico desde un dispositivo m\u00f3vil.<\/li>\n<\/ul>\n<h3>Especificaciones de REED R1610<\/h3>\n<table>\n<tbody>\n<tr>\n<td colspan=\"2\"><strong>Temperatura<\/strong><\/td>\n<\/tr>\n<tr>\n<td>Rango de medici\u00f3n<\/td>\n<td>-4 a 140 \u00b0F (-20 a 60 \u00b0C)<\/td>\n<\/tr>\n<tr>\n<td>Exactitud<\/td>\n<td>De -4 a 32 \u00b0F (de -20 a 0 \u00b0C): \u00b11,6 \u00b0F (0,8 \u00b0C)De 32 a 140 \u00b0C (de 0 a 60 \u00b0F): \u00b11,0 \u00b0C (5 \u00b0F)<\/td>\n<\/tr>\n<tr>\n<td>Resoluci\u00f3n<\/td>\n<td>0.1\u00b0F\/\u00b0C<\/td>\n<\/tr>\n<tr>\n<td colspan=\"2\"><strong>Humedad<\/strong><\/td>\n<\/tr>\n<tr>\n<td>Rango de medici\u00f3n<\/td>\n<td>De 0 a 100 % de humedad relativa<\/td>\n<\/tr>\n<tr>\n<td>Exactitud<\/td>\n<td>20 a 80% HR: \u00b13.5% rdg.<br \/>\n0 a 20% y 80 a 100% HR: \u00b15% rdg.<\/td>\n<\/tr>\n<tr>\n<td>Resoluci\u00f3n<\/td>\n<td>0.1% HR<\/td>\n<\/tr>\n<tr>\n<td colspan=\"2\"><strong>Especificaciones generales<\/strong><\/td>\n<\/tr>\n<tr>\n<td>Monitor<\/td>\n<td>Pantalla LCD Nem\u00e1tica Retorcida Negra Mejorada (EBTN) Multi-Line<\/td>\n<\/tr>\n<tr>\n<td>Tama\u00f1o de la pantalla<\/td>\n<td>1,3\u2033 (34 mm)<\/td>\n<\/tr>\n<tr>\n<td>Pantalla retroiluminada<\/td>\n<td>S\u00ed<\/td>\n<\/tr>\n<tr>\n<td>Retenci\u00f3n de datos<\/td>\n<td>S\u00ed<\/td>\n<\/tr>\n<tr>\n<td>Sonda flexible ajustable<\/td>\n<td>S\u00ed (giro de 90\u00b0)<\/td>\n<\/tr>\n<tr>\n<td>Longitud del eje de la sonda<\/td>\n<td>3,7\u2033 (95 mm)<\/td>\n<\/tr>\n<tr>\n<td>Di\u00e1metro de la sonda<\/td>\n<td>0,43\u2033 (11 mm)<\/td>\n<\/tr>\n<tr>\n<td>Capacidades de registro de datos<\/td>\n<td>S\u00ed (con la aplicaci\u00f3n Smart Series)<\/td>\n<\/tr>\n<tr>\n<td>Reloj en tiempo real y sello de fecha<\/td>\n<td>S\u00ed (con la aplicaci\u00f3n Smart Series)<\/td>\n<\/tr>\n<tr>\n<td>Frecuencia de muestreo personalizable<\/td>\n<td>S\u00ed<\/td>\n<\/tr>\n<tr>\n<td>Indicador de rango excesivo<\/td>\n<td>S\u00ed<\/td>\n<\/tr>\n<tr>\n<td>Apagado autom\u00e1tico<\/td>\n<td>S\u00ed (ajustable)<\/td>\n<\/tr>\n<tr>\n<td>Montaje en tr\u00edpode<\/td>\n<td>S\u00ed<\/td>\n<\/tr>\n<tr>\n<td>Respaldo magn\u00e9tico<\/td>\n<td>S\u00ed<\/td>\n<\/tr>\n<tr>\n<td>Indicador de bater\u00eda baja<\/td>\n<td>S\u00ed<\/td>\n<\/tr>\n<tr>\n<td>Fuente de alimentaci\u00f3n<\/td>\n<td>4 pilas AAA<\/td>\n<\/tr>\n<tr>\n<td>Duraci\u00f3n de la bater\u00eda<\/td>\n<td>Aprox. 50 horas (depende del tiempo de muestreo)<\/td>\n<\/tr>\n<tr>\n<td>Conectividad<\/td>\n<td>Bluetooth 5.0<\/td>\n<\/tr>\n<tr>\n<td>Alcance de Bluetooth<\/td>\n<td>Hasta 246\u2032 (75 m)<\/td>\n<\/tr>\n<tr>\n<td>M\u00e1x. # de dispositivos conectados<\/td>\n<td>6<\/td>\n<\/tr>\n<tr>\n<td>Software<\/td>\n<td>Aplicaci\u00f3n REED Smart Series (iOS y Android)<\/td>\n<\/tr>\n<tr>\n<td>Idiomas admitidos por la aplicaci\u00f3n<\/td>\n<td>Ingl\u00e9s, Franc\u00e9s<\/td>\n<\/tr>\n<tr>\n<td>Certificaciones de productos<\/td>\n<td>CE, UKCA, FCC, IC ID<\/td>\n<\/tr>\n<tr>\n<td>Altitud m\u00e1xima de funcionamiento<\/td>\n<td>6561 metros (2000 pies)<\/td>\n<\/tr>\n<tr>\n<td>Temperatura de funcionamiento<\/td>\n<td>-4 a 140 \u00b0F (-20 a 60 \u00b0C)<\/td>\n<\/tr>\n<tr>\n<td>Temperatura de almacenamiento<\/td>\n<td>-4 a 140 \u00b0F (-20 a 60 \u00b0C)<\/td>\n<\/tr>\n<tr>\n<td>Rango de humedad de funcionamiento<\/td>\n<td>Del 10 al 90%<\/td>\n<\/tr>\n<tr>\n<td>Rango de humedad de almacenamiento<\/td>\n<td>Del 10 al 90%<\/td>\n<\/tr>\n<tr>\n<td>Dimensiones<\/td>\n<td>9,4 x 1,5 x 1\u2033 (240 x 38 x 25 mm)<\/td>\n<\/tr>\n<tr>\n<td>Peso<\/td>\n<td>3 g (2,88 onzas)<\/td>\n<\/tr>\n<\/tbody>\n<\/table>\n<p>&nbsp;<\/p>\n","protected":false},"excerpt":{"rendered":"<p>El termohigr\u00f3metro de registro de datos en tiempo real con conectividad Bluetooth 5.0 se conecta de forma inal\u00e1mbrica a la app REED Smart Series.<\/p>\n","protected":false},"featured_media":5469,"template":"","meta":[],"product_cat":[16],"product_tag":[],"class_list":["post-5468","product","type-product","status-publish","has-post-thumbnail","hentry","product_cat-uncategorized"],"_links":{"self":[{"href":"https:\/\/calibracion.com.mx\/tienda\/wp-json\/wp\/v2\/product\/5468","targetHints":{"allow":["GET"]}}],"collection":[{"href":"https:\/\/calibracion.com.mx\/tienda\/wp-json\/wp\/v2\/product"}],"about":[{"href":"https:\/\/calibracion.com.mx\/tienda\/wp-json\/wp\/v2\/types\/product"}],"wp:featuredmedia":[{"embeddable":true,"href":"https:\/\/calibracion.com.mx\/tienda\/wp-json\/wp\/v2\/media\/5469"}],"wp:attachment":[{"href":"https:\/\/calibracion.com.mx\/tienda\/wp-json\/wp\/v2\/media?parent=5468"}],"wp:term":[{"taxonomy":"product_cat","embeddable":true,"href":"https:\/\/calibracion.com.mx\/tienda\/wp-json\/wp\/v2\/product_cat?post=5468"},{"taxonomy":"product_tag","embeddable":true,"href":"https:\/\/calibracion.com.mx\/tienda\/wp-json\/wp\/v2\/product_tag?post=5468"}],"curies":[{"name":"wp","href":"https:\/\/api.w.org\/{rel}","templated":true}]}}