{"id":55,"date":"2023-10-24T17:15:31","date_gmt":"2023-10-24T17:15:31","guid":{"rendered":"https:\/\/calibracion.com.mx\/tienda\/?post_type=product&#038;p=55"},"modified":"2023-10-24T17:15:31","modified_gmt":"2023-10-24T17:15:31","slug":"elitech-wt-2-termometro-digital","status":"publish","type":"product","link":"https:\/\/calibracion.com.mx\/tienda\/elitech-wt-2-termometro-digital\/","title":{"rendered":"Elitech WT-2 termometro digital"},"content":{"rendered":"<p>Descripci\u00f3n<\/p>\n<p>Rango de temperatura: -50\u00b0C a 300\u00b0C (-58\u00b0F a 572\u00b0F)<\/p>\n<p>Precisi\u00f3n: \u00b11\u00b0C (\u00b11.8\u00b0F) en el rango de -20\u00b0C a 200\u00b0C (-4\u00b0F a 392\u00b0F); \u00b12\u00b0C (\u00b13.6\u00b0F) en el resto del rango.<\/p>\n<p>Resoluci\u00f3n: 0.1\u00b0C\/0.1\u00b0F<\/p>\n<p>Tiempo de contestaci\u00f3n : \u2264 5 segundos<\/p>\n<p>Funciones adicionales : selecci\u00f3n de unidad de temperatura (Celsius o Fahrenheit), apagado autom\u00e1tico despu\u00e9s de 10 minutos de inmovilidad , pantalla LCD retroiluminada, indicio de bater\u00eda baja.<\/p>\n<p>Bater\u00eda: 1 pila AAA (incluida)<\/p>\n<p>Dimensiones: 149 x 24 x 20 mm<\/p>\n<p>Peso: 32 gramos<\/p>\n<p>App del term\u00f3metro digital Elitech WT-2:<\/p>\n<p>&nbsp;<\/p>\n<p>El Elitech WT-2 es un term\u00f3metro digital de uso general que se puede usar para medir la temperatura de l\u00edquidos, alimentos y elementos s\u00f3lidos. Es perfecto para su empleo en la industria alimentaria , laboratorios, cocci\u00f3n y parrillas. Su pantalla LCD retroiluminada posibilita la lectura de la temperatura en condiciones de poca luz. La funci\u00f3n de apagado autom\u00e1tico asiste para ahorrar bater\u00eda, lo que prolonga la vida \u00fatil del dispositivo. Adem\u00e1s , la selecci\u00f3n de unidad de temperatura deja que el usuario elija la unidad de medida que sea m\u00e1s favorable para ellos. Para resumir , el Elitech WT-2 es un term\u00f3metro digital fiable y simple de usar que se puede utilizar en una amplia gama de aplicaciones.<\/p>\n","protected":false},"excerpt":{"rendered":"<p>CARACTER\u00cdSTICAS ELITECH WT-2 TERMOMETRO DIGITAL<\/p>\n<p>El Elitech WT-2 es un term\u00f3metro digital de empleo general que se puede emplear para medir la temperatura de l\u00edquidos, alimentos y objetos s\u00f3lidos. Es ideal para su uso en la industria alimenticia , laboratorios, cocci\u00f3n y parrillas. Su pantalla LCD retroiluminada facilita la lectura de la temperatura en condiciones de poca luz. La funci\u00f3n de apagado autom\u00e1tico contribuye a ahorrar bater\u00eda, lo que alarga la vida \u00fatil del dispositivo. Adem\u00e1s de esto , la selecci\u00f3n de unidad de temperatura permite que el usuario escoja la unidad de medida que sea m\u00e1s favorable para ellos.<\/p>\n","protected":false},"featured_media":56,"template":"","meta":[],"product_cat":[16],"product_tag":[],"class_list":["post-55","product","type-product","status-publish","has-post-thumbnail","hentry","product_cat-uncategorized"],"_links":{"self":[{"href":"https:\/\/calibracion.com.mx\/tienda\/wp-json\/wp\/v2\/product\/55","targetHints":{"allow":["GET"]}}],"collection":[{"href":"https:\/\/calibracion.com.mx\/tienda\/wp-json\/wp\/v2\/product"}],"about":[{"href":"https:\/\/calibracion.com.mx\/tienda\/wp-json\/wp\/v2\/types\/product"}],"wp:featuredmedia":[{"embeddable":true,"href":"https:\/\/calibracion.com.mx\/tienda\/wp-json\/wp\/v2\/media\/56"}],"wp:attachment":[{"href":"https:\/\/calibracion.com.mx\/tienda\/wp-json\/wp\/v2\/media?parent=55"}],"wp:term":[{"taxonomy":"product_cat","embeddable":true,"href":"https:\/\/calibracion.com.mx\/tienda\/wp-json\/wp\/v2\/product_cat?post=55"},{"taxonomy":"product_tag","embeddable":true,"href":"https:\/\/calibracion.com.mx\/tienda\/wp-json\/wp\/v2\/product_tag?post=55"}],"curies":[{"name":"wp","href":"https:\/\/api.w.org\/{rel}","templated":true}]}}