{"id":5551,"date":"2023-12-15T17:48:05","date_gmt":"2023-12-15T17:48:05","guid":{"rendered":"https:\/\/calibracion.com.mx\/tienda\/?post_type=product&#038;p=5551"},"modified":"2023-12-15T17:48:05","modified_gmt":"2023-12-15T17:48:05","slug":"termometro-digital-de-vastago-de-acero-inoxidable-reed-r2000-de-40-a-450-f-40-a-230-c-resistente-al-agua","status":"publish","type":"product","link":"https:\/\/calibracion.com.mx\/tienda\/termometro-digital-de-vastago-de-acero-inoxidable-reed-r2000-de-40-a-450-f-40-a-230-c-resistente-al-agua\/","title":{"rendered":"term\u00f3metro digital de v\u00e1stago de acero inoxidable reed r2000, de -40 a 450 \u00b0f (-40 a 230 \u00b0c), resistente al agua"},"content":{"rendered":"<p>Este term\u00f3metro digital de v\u00e1stago de acero inoxidable tiene un display LCD f\u00e1cil de leer, que se actualiza de manera autom\u00e1tica cada 2 segundos. El term\u00f3metro de contacto R2000 es capaz de medir de -40 a 450 \u00b0F (-40 a 230 \u00b0C) e incluye un tornillo de medici\u00f3n de f\u00e1cil acceso para ajustes veloces.<\/p>\n<p>Este producto incluye un Certificado Trazable con Datos y tambi\u00e9n Incertidumbres completos.<\/p>\n<h3>Funciones<\/h3>\n<ul>\n<li>Tornillo de calibraci\u00f3n para ajustes r\u00e1pidos.<\/li>\n<li>Certificado por la NSF.<\/li>\n<li>Apagado autom\u00e1tico.<\/li>\n<li>\u00b0C, \u00b0F seleccionables por el usuario.<\/li>\n<li>Construcci\u00f3n resistente al agua.<\/li>\n<li>V\u00e1stago de acero inoxidable 4,75 (121 mm).<\/li>\n<li>Pantalla LCD de f\u00e1cil lectura.<\/li>\n<\/ul>\n<h3>Especificaciones de REED R2000<\/h3>\n<table>\n<tbody>\n<tr>\n<td>Rango de medici\u00f3n<\/td>\n<td>-40 a 450 \u00b0F (-40 a 230 \u00b0C)<\/td>\n<\/tr>\n<tr>\n<td>Exactitud<\/td>\n<td>&lt;0 \u00b0F (-17.8 \u00b0C): \u00b13.6 \u00b0F (2.0 \u00b0C) De 0 a 230 \u00b0F (-17.8 a 110 \u00b0C): \u00b11 \u00b0F (0.5 \u00b0C) &gt;230 \u00b0F (110 \u00b0C): \u00b13.6 \u00b0F (2.0 \u00b0C)<\/td>\n<\/tr>\n<tr>\n<td>Resoluci\u00f3n<\/td>\n<td>0.1\u00b0F\/\u00b0C<\/td>\n<\/tr>\n<tr>\n<td>Tipo<\/td>\n<td>Tallo<\/td>\n<\/tr>\n<tr>\n<td>Tiempo de respuesta<\/td>\n<td>2 segundos.<\/td>\n<\/tr>\n<tr>\n<td>Material del v\u00e1stago<\/td>\n<td>Acero inoxidable<\/td>\n<\/tr>\n<tr>\n<td>Longitud del v\u00e1stago<\/td>\n<td>4,75\u2033 (121 mm)<\/td>\n<\/tr>\n<tr>\n<td>Monitor<\/td>\n<td>Pantalla LCD de 3 1\/2 d\u00edgitos<\/td>\n<\/tr>\n<tr>\n<td>Apagado autom\u00e1tico<\/td>\n<td>S\u00ed (despu\u00e9s de 10 minutos)<\/td>\n<\/tr>\n<tr>\n<td>Fuente de alimentaci\u00f3n<\/td>\n<td>1 x bater\u00eda LR44<\/td>\n<\/tr>\n<tr>\n<td>Certificaciones de productos<\/td>\n<td>NSF, CE<\/td>\n<\/tr>\n<tr>\n<td>Dimensiones<\/td>\n<td>5,8 x 1,8 x 1,3\u2033 (146 x 45 x 32 mm)<\/td>\n<\/tr>\n<tr>\n<td>Peso<\/td>\n<td>1,1 onzas (32 g)<\/td>\n<\/tr>\n<\/tbody>\n<\/table>\n<p>&nbsp;<\/p>\n","protected":false},"excerpt":{"rendered":"<p>Term\u00f3metro de descendiente de bolsillo certificado por NSF con sonda de acero inoxidable de 4,75\u2033 (121 mm).<\/p>\n","protected":false},"featured_media":5553,"template":"","meta":[],"product_cat":[16],"product_tag":[],"class_list":["post-5551","product","type-product","status-publish","has-post-thumbnail","hentry","product_cat-uncategorized"],"_links":{"self":[{"href":"https:\/\/calibracion.com.mx\/tienda\/wp-json\/wp\/v2\/product\/5551","targetHints":{"allow":["GET"]}}],"collection":[{"href":"https:\/\/calibracion.com.mx\/tienda\/wp-json\/wp\/v2\/product"}],"about":[{"href":"https:\/\/calibracion.com.mx\/tienda\/wp-json\/wp\/v2\/types\/product"}],"wp:featuredmedia":[{"embeddable":true,"href":"https:\/\/calibracion.com.mx\/tienda\/wp-json\/wp\/v2\/media\/5553"}],"wp:attachment":[{"href":"https:\/\/calibracion.com.mx\/tienda\/wp-json\/wp\/v2\/media?parent=5551"}],"wp:term":[{"taxonomy":"product_cat","embeddable":true,"href":"https:\/\/calibracion.com.mx\/tienda\/wp-json\/wp\/v2\/product_cat?post=5551"},{"taxonomy":"product_tag","embeddable":true,"href":"https:\/\/calibracion.com.mx\/tienda\/wp-json\/wp\/v2\/product_tag?post=5551"}],"curies":[{"name":"wp","href":"https:\/\/api.w.org\/{rel}","templated":true}]}}