{"id":5602,"date":"2023-12-15T19:52:25","date_gmt":"2023-12-15T19:52:25","guid":{"rendered":"https:\/\/calibracion.com.mx\/tienda\/?post_type=product&#038;p=5602"},"modified":"2023-12-15T19:52:27","modified_gmt":"2023-12-15T19:52:27","slug":"medidor-lcr-reed-r5001-nist","status":"publish","type":"product","link":"https:\/\/calibracion.com.mx\/tienda\/medidor-lcr-reed-r5001-nist\/","title":{"rendered":"Medidor lcr reed r5001-nist"},"content":{"rendered":"<p>Este medidor LCR mide la inductancia, la capacitancia y la resistencia con factores secundarios como el aspecto de disipaci\u00f3n (D), el factor de calidad (Q), el \u00e1ngulo de fase (\u00d8) y la resistencia en serie\/paralelo equivalente (ESR o Rp). El R5001 tiene una gran pantalla LCD simple de leer con retroiluminaci\u00f3n y funcionalidades de retenci\u00f3n de datos\/relativas.<\/p>\n<h3>Funciones<\/h3>\n<ul>\n<li>Modos serie\/paralelo.<\/li>\n<li>Alta precisi\u00f3n con medici\u00f3n Kelvin de 4 \/ 5 terminales.<\/li>\n<li>Ls\/Lp\/Cp con par\u00e1metros D\/Q\/\u00d8\/ESR.<\/li>\n<li>Rango autom\u00e1tico para la medici\u00f3n de la impedancia de CA y la resistencia de DE.<\/li>\n<li>Indicaci\u00f3n de bater\u00eda baja con apagado autom\u00e1tico.<\/li>\n<li>Mide la inductancia, la capacitancia y la resistencia.<\/li>\n<li>Comprobaci\u00f3n y medici\u00f3n inteligente autom\u00e1tica de LCR.<\/li>\n<li>Frecuencia de prueba de 10 kHz y frecuencia de salida de hasta 100 kHz.<\/li>\n<li>Retenci\u00f3n de datos y funciones relativas.<\/li>\n<li>Soporta modo DCR 200\u03a9 a 200M\u03a9.<\/li>\n<li>Gran pantalla LCD dual retroiluminada.<\/li>\n<\/ul>\n<h3>Especificaciones de REED R5001<\/h3>\n<table>\n<tbody>\n<tr>\n<td colspan=\"2\"><strong>Inductancia (F=1kHz)<\/strong><\/td>\n<\/tr>\n<tr>\n<td>Gama<\/td>\n<td>2000.0\u03bcH 20.000\/200.0\/2000.0mH 20.000\/200.00\/2000.0H<\/td>\n<\/tr>\n<tr>\n<td>Resoluci\u00f3n<\/td>\n<td>0,1\/1\u03bcH 0,01\/0,1\/1mH 0,01\/1H<\/td>\n<\/tr>\n<tr>\n<td>Exactitud<\/td>\n<td>\u00b1(1.5% +15 dgt.)<\/td>\n<\/tr>\n<tr>\n<td colspan=\"2\"><strong>Capacitancia (F=1kHz)<\/strong><\/td>\n<\/tr>\n<tr>\n<td>Gama<\/td>\n<td>2000.0pF 20.000\/200.00\/2000.0nF 20.00\/200.00\/2000\u03bcF<\/td>\n<\/tr>\n<tr>\n<td>Resoluci\u00f3n<\/td>\n<td>0,01\/0,1\/1pF 0,01\/0,1\/1nF 0,1\u03bcF<\/td>\n<\/tr>\n<tr>\n<td>Exactitud<\/td>\n<td>\u00b1(1.0% +10 dgt.)<\/td>\n<\/tr>\n<tr>\n<td colspan=\"2\"><strong>Resistencia (F=1kHz)<\/strong><\/td>\n<\/tr>\n<tr>\n<td>Gama<\/td>\n<td>20.000\/200.00\u03a9 2.0000\/20.000\/200.00k\u03a9<\/p>\n<p>2.0000\/20.000\/200.0M\u03a9<\/td>\n<\/tr>\n<tr>\n<td>Resoluci\u00f3n<\/td>\n<td>0,01\/0,1\/1\u03a9 0,01\/0,1\/1k\u03a9<\/p>\n<p>0,1M\u03a9<\/td>\n<\/tr>\n<tr>\n<td>Exactitud<\/td>\n<td>\u00b1(1.5% +5 dgt.)<\/td>\n<\/tr>\n<tr>\n<td colspan=\"2\"><strong>Especificaciones generales<\/strong><\/td>\n<\/tr>\n<tr>\n<td>Frecuencias de prueba<\/td>\n<td>100\/120\/1kHz 10kHz 100kHz<\/td>\n<\/tr>\n<tr>\n<td>Monitor<\/td>\n<td>Doble pantalla LCD<\/td>\n<\/tr>\n<tr>\n<td>Funciones relativas y de retenci\u00f3n de datos<\/td>\n<td>S\u00ed<\/td>\n<\/tr>\n<tr>\n<td>Pantalla retroiluminada<\/td>\n<td>S\u00ed<\/td>\n<\/tr>\n<tr>\n<td>Kickstand<\/td>\n<td>S\u00ed<\/td>\n<\/tr>\n<tr>\n<td>Apagado autom\u00e1tico<\/td>\n<td>S\u00ed (despu\u00e9s de 5 minutos, apagado)<\/td>\n<\/tr>\n<tr>\n<td>Fuente de alimentaci\u00f3n<\/td>\n<td>6 pilas AA<\/td>\n<\/tr>\n<tr>\n<td>Indicador de bater\u00eda baja<\/td>\n<td>S\u00ed<\/td>\n<\/tr>\n<tr>\n<td>Certificaciones de productos<\/td>\n<td>Despu\u00e9s de Cristo<\/td>\n<\/tr>\n<tr>\n<td>Temperatura de funcionamiento<\/td>\n<td>De 32 a 104 \u00b0C (de 0 a 40 \u00b0F)<\/td>\n<\/tr>\n<tr>\n<td>Temperatura de almacenamiento<\/td>\n<td>-4 a 140 \u00b0F (-20 a 60 \u00b0C)<\/td>\n<\/tr>\n<tr>\n<td>Dimensiones<\/td>\n<td>8,6 x 3,7 x 2,4\u2033 (220 x 96 x 60 mm)<\/td>\n<\/tr>\n<tr>\n<td>Peso<\/td>\n<td>0,8 libras (360 g)<\/td>\n<\/tr>\n<\/tbody>\n<\/table>\n<p>&nbsp;<\/p>\n","protected":false},"excerpt":{"rendered":"<p>Mediciones de L, C, R con una continuidad de prueba de hasta 100 kHz.<\/p>\n","protected":false},"featured_media":5603,"template":"","meta":[],"product_cat":[16],"product_tag":[],"class_list":["post-5602","product","type-product","status-publish","has-post-thumbnail","hentry","product_cat-uncategorized"],"_links":{"self":[{"href":"https:\/\/calibracion.com.mx\/tienda\/wp-json\/wp\/v2\/product\/5602","targetHints":{"allow":["GET"]}}],"collection":[{"href":"https:\/\/calibracion.com.mx\/tienda\/wp-json\/wp\/v2\/product"}],"about":[{"href":"https:\/\/calibracion.com.mx\/tienda\/wp-json\/wp\/v2\/types\/product"}],"wp:featuredmedia":[{"embeddable":true,"href":"https:\/\/calibracion.com.mx\/tienda\/wp-json\/wp\/v2\/media\/5603"}],"wp:attachment":[{"href":"https:\/\/calibracion.com.mx\/tienda\/wp-json\/wp\/v2\/media?parent=5602"}],"wp:term":[{"taxonomy":"product_cat","embeddable":true,"href":"https:\/\/calibracion.com.mx\/tienda\/wp-json\/wp\/v2\/product_cat?post=5602"},{"taxonomy":"product_tag","embeddable":true,"href":"https:\/\/calibracion.com.mx\/tienda\/wp-json\/wp\/v2\/product_tag?post=5602"}],"curies":[{"name":"wp","href":"https:\/\/api.w.org\/{rel}","templated":true}]}}