{"id":5627,"date":"2023-12-15T20:24:11","date_gmt":"2023-12-15T20:24:11","guid":{"rendered":"https:\/\/calibracion.com.mx\/tienda\/?post_type=product&#038;p=5627"},"modified":"2023-12-15T20:24:12","modified_gmt":"2023-12-15T20:24:12","slug":"pinza-amperimetrica-reed-r5030-500a-ac-dc-con-detector-de-temperatura-y-voltaje-sin-contacto-true-rms","status":"publish","type":"product","link":"https:\/\/calibracion.com.mx\/tienda\/pinza-amperimetrica-reed-r5030-500a-ac-dc-con-detector-de-temperatura-y-voltaje-sin-contacto-true-rms\/","title":{"rendered":"Pinza amperim\u00e9trica reed r5030 500a ac-dc con detector de temperatura y voltaje sin contacto, true rms"},"content":{"rendered":"<p>Esta pinza amperim\u00e9trica compacta de rango autom\u00e1tico True RMS es con la capacidad de medir corriente y voltaje de CA\/CC, resistencia, continuidad , capacitancia, per\u00edodo de trabajo y temperatura. Con un display LCD retroiluminada de 50.000 cuentas, una estructura de pl\u00e1stico moldeada doble, el R5030 incluye funciones de verificaci\u00f3n y continuidad de diodos y un detector de voltaje sin contacto que viene dentro en la punta de la abrazadera.<\/p>\n<p>Este producto incluye un Certificado Trazable con Datos e Incertidumbres completos.<\/p>\n<h3>Funciones<\/h3>\n<ul>\n<li>Mide la corriente CA\/CC, el voltaje CA\/CC, la resistencia, la capacitancia, la frecuencia, el ciclo de trabajo y la temperatura con una sonda de termopar tipo K.<\/li>\n<li>Funciones m\u00e1x.\/m\u00edn., retenci\u00f3n de datos y funciones relativas.<\/li>\n<li>Indicaci\u00f3n de bater\u00eda baja y apagado autom\u00e1tico.<\/li>\n<li>Mediciones de CA RMS reales.<\/li>\n<li>Detector de voltaje de CA sin contacto en la punta de la abrazadera.<\/li>\n<li>Pantalla LCD de 50.000 unidades con retroiluminaci\u00f3n.<\/li>\n<li>Cumple con EN61010 n\u00ba de cat. III 600V.<\/li>\n<\/ul>\n<h3>Especificaciones de REED R5030<\/h3>\n<table>\n<tbody>\n<tr>\n<td colspan=\"2\"><strong>Corriente AC\/DC<\/strong><\/td>\n<\/tr>\n<tr>\n<td>Gama<\/td>\n<td>50, 500A<\/td>\n<\/tr>\n<tr>\n<td>Exactitud<\/td>\n<td>AC: \u00b1(2.8% rdg. +30 dgt.)<br \/>\nDC: \u00b1(2.5% rdg. +30 dgt.)<\/td>\n<\/tr>\n<tr>\n<td>Resoluci\u00f3n<\/td>\n<td>0,01, 0,1, 1 A<\/td>\n<\/tr>\n<tr>\n<td colspan=\"2\"><strong>Voltaje AC\/DC<\/strong><\/td>\n<\/tr>\n<tr>\n<td>Gama<\/td>\n<td>CA: 500 mV, 5, 50, 500, 750 V CC: 500 mV, 5, 50, 500, 1000 V<\/td>\n<\/tr>\n<tr>\n<td>Exactitud<\/td>\n<td>AC: \u00b1(1.0% rdg. +30 dgt.)<br \/>\nDC: \u00b1(0.1% rdg. +4 dgt.)<\/td>\n<\/tr>\n<tr>\n<td>Resoluci\u00f3n<\/td>\n<td>CA\/CC: 0,1 mV, 0,001, 0,01, 0,1, 1 V<\/td>\n<\/tr>\n<tr>\n<td colspan=\"2\"><strong>Resistencia<\/strong><\/td>\n<\/tr>\n<tr>\n<td>Gama<\/td>\n<td>500\u03a9, 5, 50, 500k\u03a9, 5, 50M\u03a9<\/td>\n<\/tr>\n<tr>\n<td>Exactitud<\/td>\n<td>\u00b1(1.0% rdg. +4 dgt.)<br \/>\n0,1 \u03a9, 0,001, 0,01, 0,1 k\u03a9, 0,001, 0,01 M\u03a9<\/td>\n<\/tr>\n<tr>\n<td colspan=\"2\"><strong>Capacitancia<\/strong><\/td>\n<\/tr>\n<tr>\n<td>Gama<\/td>\n<td>500, 5000 nF, 50, 500 \u03bcF, 5 mF<\/td>\n<\/tr>\n<tr>\n<td>Exactitud<\/td>\n<td>\u00b1(3.5% rdg. +10 dgt.)<\/td>\n<\/tr>\n<tr>\n<td>Resoluci\u00f3n<\/td>\n<td>0,01, 0,1 nF, 0,01, 0,1 \u03bcF, 0,1 mF<\/td>\n<\/tr>\n<tr>\n<td colspan=\"2\"><strong>Frecuencia<\/strong><\/td>\n<\/tr>\n<tr>\n<td>Gama<\/td>\n<td>10kHz<\/td>\n<\/tr>\n<tr>\n<td>Exactitud<\/td>\n<td>\u00b1(0.5% rdg. +10 dgt.)<\/td>\n<\/tr>\n<tr>\n<td>Resoluci\u00f3n<\/td>\n<td>0,001 Hz<\/td>\n<\/tr>\n<tr>\n<td colspan=\"2\"><strong>Temperatura<\/strong><\/td>\n<\/tr>\n<tr>\n<td>Gama<\/td>\n<td>-148 a 1832 \u00b0F (-100 a 1000 \u00b0C)<\/td>\n<\/tr>\n<tr>\n<td>Exactitud<\/td>\n<td>\u00b1(1.0% rdg. + 4.5\u00b0F) \u00b1(1.0% rdg. + 2.5\u00b0C)<\/td>\n<\/tr>\n<tr>\n<td>Resoluci\u00f3n<\/td>\n<td>1 \u00b0F, 1 \u00b0C<\/td>\n<\/tr>\n<tr>\n<td colspan=\"2\"><strong>Especificaciones generales<\/strong><\/td>\n<\/tr>\n<tr>\n<td>Selecci\u00f3n de rango<\/td>\n<td>Rango autom\u00e1tico \/ Manual<\/td>\n<\/tr>\n<tr>\n<td>RMS verdadero<\/td>\n<td>S\u00ed<\/td>\n<\/tr>\n<tr>\n<td>Monitor<\/td>\n<td>Pantalla LCD de 50.000 cuentas<\/td>\n<\/tr>\n<tr>\n<td>Retenci\u00f3n de pantalla<\/td>\n<td>S\u00ed<\/td>\n<\/tr>\n<tr>\n<td>Modo relativo<\/td>\n<td>S\u00ed<\/td>\n<\/tr>\n<tr>\n<td>Prueba de diodos<\/td>\n<td>S\u00ed<\/td>\n<\/tr>\n<tr>\n<td>Pantalla retroiluminada<\/td>\n<td>S\u00ed<\/td>\n<\/tr>\n<tr>\n<td>Comprobaci\u00f3n de continuidad<\/td>\n<td>Se\u00f1al audible si la resistencia &lt;35\u03a9<\/td>\n<\/tr>\n<tr>\n<td>Ciclo de trabajo<\/td>\n<td>S\u00ed<\/td>\n<\/tr>\n<tr>\n<td>Detector de voltaje sin contacto<\/td>\n<td>S\u00ed<\/td>\n<\/tr>\n<tr>\n<td>Apagado autom\u00e1tico<\/td>\n<td>S\u00ed (despu\u00e9s de 15 minutos)<\/td>\n<\/tr>\n<tr>\n<td>Fuente de alimentaci\u00f3n<\/td>\n<td>2 x AAA<\/td>\n<\/tr>\n<tr>\n<td>Indicador de bater\u00eda baja<\/td>\n<td>S\u00ed<\/td>\n<\/tr>\n<tr>\n<td>Apertura de la mand\u00edbula<\/td>\n<td>1,2\u2033 (30 mm), hasta 350 MCM<\/td>\n<\/tr>\n<tr>\n<td>Categor\u00eda de sobretensi\u00f3n<\/td>\n<td>GATO. III 600V<\/td>\n<\/tr>\n<tr>\n<td>Certificaciones de productos<\/td>\n<td>Despu\u00e9s de Cristo<\/td>\n<\/tr>\n<tr>\n<td>Temperatura de funcionamiento<\/td>\n<td>De 32 a 122 \u00b0C (de 0 a 50 \u00b0F)<\/td>\n<\/tr>\n<tr>\n<td>Temperatura de almacenamiento<\/td>\n<td>-4 a 140 \u00b0F (-20 a 60 \u00b0C)<\/td>\n<\/tr>\n<tr>\n<td>Dimensiones<\/td>\n<td>7,9 x 2,6 x 1,5\u2033 (200 x 66 x 37 mm)<\/td>\n<\/tr>\n<tr>\n<td>Peso<\/td>\n<td>8 g (1,230 onzas)<\/td>\n<\/tr>\n<\/tbody>\n<\/table>\n<p>&nbsp;<\/p>\n","protected":false},"excerpt":{"rendered":"<p>Pinza amperim\u00e9trica compacta de CA\/CC con pantalla retroiluminada, descubridor de voltaje sin contacto incorporado y term\u00f3metro de contacto. Este producto incluye un Certificado Trazable con Datos e Incertidumbres terminados.<\/p>\n","protected":false},"featured_media":5630,"template":"","meta":[],"product_cat":[16],"product_tag":[],"class_list":["post-5627","product","type-product","status-publish","has-post-thumbnail","hentry","product_cat-uncategorized"],"_links":{"self":[{"href":"https:\/\/calibracion.com.mx\/tienda\/wp-json\/wp\/v2\/product\/5627","targetHints":{"allow":["GET"]}}],"collection":[{"href":"https:\/\/calibracion.com.mx\/tienda\/wp-json\/wp\/v2\/product"}],"about":[{"href":"https:\/\/calibracion.com.mx\/tienda\/wp-json\/wp\/v2\/types\/product"}],"wp:featuredmedia":[{"embeddable":true,"href":"https:\/\/calibracion.com.mx\/tienda\/wp-json\/wp\/v2\/media\/5630"}],"wp:attachment":[{"href":"https:\/\/calibracion.com.mx\/tienda\/wp-json\/wp\/v2\/media?parent=5627"}],"wp:term":[{"taxonomy":"product_cat","embeddable":true,"href":"https:\/\/calibracion.com.mx\/tienda\/wp-json\/wp\/v2\/product_cat?post=5627"},{"taxonomy":"product_tag","embeddable":true,"href":"https:\/\/calibracion.com.mx\/tienda\/wp-json\/wp\/v2\/product_tag?post=5627"}],"curies":[{"name":"wp","href":"https:\/\/api.w.org\/{rel}","templated":true}]}}