{"id":5652,"date":"2023-12-19T14:21:08","date_gmt":"2023-12-19T14:21:08","guid":{"rendered":"https:\/\/calibracion.com.mx\/tienda\/?post_type=product&#038;p=5652"},"modified":"2023-12-19T14:21:09","modified_gmt":"2023-12-19T14:21:09","slug":"pinza-amperimetrica-reed-r5040-1000a-ac-dc-con-detector-de-temperatura-y-voltaje-sin-contacto-true-rms","status":"publish","type":"product","link":"https:\/\/calibracion.com.mx\/tienda\/pinza-amperimetrica-reed-r5040-1000a-ac-dc-con-detector-de-temperatura-y-voltaje-sin-contacto-true-rms\/","title":{"rendered":"Pinza amperim\u00e9trica reed r5040 1000a ac-dc con detector de temperatura y voltaje sin contacto, true rms"},"content":{"rendered":"<p>Esta pinza amperim\u00e9trica True RMS de rango autom\u00e1tico es capaz de medir corriente y voltaje de CA\/CC, resistencia, continuidad , capacitancia, per\u00edodo de trabajo y temperatura. Con un display LCD retroiluminada de 50.000 tienes un gr\u00e1fico de barras anal\u00f3gico de 61 segmentos y una estructura de pl\u00e1stico moldeada doble, el R5040 realiza un seguimiento de las lecturas m\u00ednimas y m\u00e1ximas e incluye un detector de voltaje sin contacto integrado en la punta de la abrazadera.<\/p>\n<h3>Funciones<\/h3>\n<ul>\n<li>Estructura duradera de pl\u00e1stico de doble moldeo.<\/li>\n<li>Mide corriente\/voltaje CA\/CC, resistencia, capacitancia, continuidad , ciclo de trabajo y temperatura.<\/li>\n<li>Clasificaci\u00f3n de seguridad III 600V.<\/li>\n<li>Pantalla LCD retroiluminada de 50000 cuentas y gr\u00e1fico de barras anal\u00f3gico.<\/li>\n<li>Indicadores de bater\u00eda baja y exceso de autonom\u00eda.<\/li>\n<li>Mediciones de CA RMS reales.<\/li>\n<li>Funciones de prueba de diodos y comprobaci\u00f3n de continuidad.<\/li>\n<li>Descubridor de tensi\u00f3n sin contacto incorporado con indicador LED.<\/li>\n<li>M\u00edn.\/M\u00e1x., retenci\u00f3n de pantalla y modo relativo.<\/li>\n<\/ul>\n<h3>Especificaciones de REED R5040<\/h3>\n<table width=\"580\">\n<tbody>\n<tr>\n<td colspan=\"2\"><strong>Corriente AC\/DC<\/strong><\/td>\n<\/tr>\n<tr>\n<td>Gama<\/td>\n<td>500, 1000A<\/td>\n<\/tr>\n<tr>\n<td>Exactitud<\/td>\n<td>AC: \u00b1(2.8% rdg. +30 dgt.)<br \/>\nDC: \u00b1(2.5% rdg. +30 dgt.)<\/td>\n<\/tr>\n<tr>\n<td>Resoluci\u00f3n<\/td>\n<td>0,01, 0,1, 1 A<\/td>\n<\/tr>\n<tr>\n<td colspan=\"2\"><strong>Voltaje AC\/DC<\/strong><\/td>\n<\/tr>\n<tr>\n<td>Gama<\/td>\n<td>CA: 500 mV, 5, 50, 500, 750 V CC: 500 mV, 5, 50, 500, 1000 V<\/td>\n<\/tr>\n<tr>\n<td>Exactitud<\/td>\n<td>AC: \u00b1(1.0% rdg. +30 dgt.)<br \/>\nDC: \u00b1(0.1% rdg. +4 dgt.)<\/td>\n<\/tr>\n<tr>\n<td>Resoluci\u00f3n<\/td>\n<td>CA\/CC: 0,1 mV, 0,001, 0,01, 0,1, 1 V<\/td>\n<\/tr>\n<tr>\n<td colspan=\"2\"><strong>Resistencia<\/strong><\/td>\n<\/tr>\n<tr>\n<td>Gama<\/td>\n<td>500\u03a9, 5, 50, 500k\u03a9, 5, 50M\u03a9<\/td>\n<\/tr>\n<tr>\n<td>Exactitud<\/td>\n<td>\u00b1(1.0% rdg. +4 dgt.)<br \/>\n0,1 \u03a9, 0,001, 0,01, 0,1 k\u03a9, 0,001, 0,01 M\u03a9<\/td>\n<\/tr>\n<tr>\n<td colspan=\"2\"><strong>Capacitancia<\/strong><\/td>\n<\/tr>\n<tr>\n<td>Gama<\/td>\n<td>500, 5000 nF, 50, 500 \u03bcF, 5 mF<\/td>\n<\/tr>\n<tr>\n<td>Exactitud<\/td>\n<td>\u00b1(3.5% rdg. +10 dgt.)<\/td>\n<\/tr>\n<tr>\n<td>Resoluci\u00f3n<\/td>\n<td>0,01, 0,1 nF, 0,01, 0,1 \u03bcF, 0,1 mF<\/td>\n<\/tr>\n<tr>\n<td colspan=\"2\"><strong>Frecuencia<\/strong><\/td>\n<\/tr>\n<tr>\n<td>Gama<\/td>\n<td>10kHz<\/td>\n<\/tr>\n<tr>\n<td>Exactitud<\/td>\n<td>\u00b1(0.3% rdg. +2 dgt.)<\/td>\n<\/tr>\n<tr>\n<td>Resoluci\u00f3n<\/td>\n<td>0,001 Hz<\/td>\n<\/tr>\n<tr>\n<td colspan=\"2\"><strong>Temperatura<\/strong><\/td>\n<\/tr>\n<tr>\n<td>Gama<\/td>\n<td>-148 a 1832 \u00b0F (-100 a 1000 \u00b0C)<\/td>\n<\/tr>\n<tr>\n<td>Exactitud<\/td>\n<td>\u00b1(1.0% rdg. + 4.5\u00b0F) \u00b1(1.0% rdg. + 2.5\u00b0C)<\/td>\n<\/tr>\n<tr>\n<td>Resoluci\u00f3n<\/td>\n<td>1 \u00b0F, 1 \u00b0C<\/td>\n<\/tr>\n<tr>\n<td colspan=\"2\"><strong>Especificaciones generales<\/strong><\/td>\n<\/tr>\n<tr>\n<td>Selecci\u00f3n de rango<\/td>\n<td>Rango autom\u00e1tico \/ Manual<\/td>\n<\/tr>\n<tr>\n<td>RMS verdadero<\/td>\n<td>S\u00ed<\/td>\n<\/tr>\n<tr>\n<td>Monitor<\/td>\n<td>Pantalla LCD de 50.000 cuentas<\/td>\n<\/tr>\n<tr>\n<td>Retenci\u00f3n de pantalla<\/td>\n<td>S\u00ed<\/td>\n<\/tr>\n<tr>\n<td>M\u00e1x.\/M\u00edn.<\/td>\n<td>S\u00ed<\/td>\n<\/tr>\n<tr>\n<td>Modo relativo<\/td>\n<td>S\u00ed<\/td>\n<\/tr>\n<tr>\n<td>Prueba de diodos<\/td>\n<td>S\u00ed<\/td>\n<\/tr>\n<tr>\n<td>Pantalla retroiluminada<\/td>\n<td>S\u00ed<\/td>\n<\/tr>\n<tr>\n<td>Gr\u00e1fico de barras anal\u00f3gico<\/td>\n<td>S\u00ed (61 segmentos)<\/td>\n<\/tr>\n<tr>\n<td>Comprobaci\u00f3n de continuidad<\/td>\n<td>Se\u00f1al audible si la resistencia &lt;35\u03a9<\/td>\n<\/tr>\n<tr>\n<td>Ciclo de trabajo<\/td>\n<td>S\u00ed<\/td>\n<\/tr>\n<tr>\n<td>Detector de voltaje sin contacto<\/td>\n<td>S\u00ed<\/td>\n<\/tr>\n<tr>\n<td>Apagado autom\u00e1tico<\/td>\n<td>S\u00ed (despu\u00e9s de 15 minutos)<\/td>\n<\/tr>\n<tr>\n<td>Fuente de alimentaci\u00f3n<\/td>\n<td>Bater\u00eda de 9 V<\/td>\n<\/tr>\n<tr>\n<td>Indicador de bater\u00eda baja<\/td>\n<td>S\u00ed<\/td>\n<\/tr>\n<tr>\n<td>Apertura de la mand\u00edbula<\/td>\n<td>1,5\u2033 (40 mm), hasta 500 MCM<\/td>\n<\/tr>\n<tr>\n<td>Categor\u00eda de sobretensi\u00f3n<\/td>\n<td>GATO. III 600V<\/td>\n<\/tr>\n<tr>\n<td>Certificaciones de productos<\/td>\n<td>Despu\u00e9s de Cristo<\/td>\n<\/tr>\n<tr>\n<td>Temperatura de funcionamiento<\/td>\n<td>De 32 a 122 \u00b0C (de 0 a 50 \u00b0F)<\/td>\n<\/tr>\n<tr>\n<td>Temperatura de almacenamiento<\/td>\n<td>-4 a 140 \u00b0F (-20 a 60 \u00b0C)<\/td>\n<\/tr>\n<tr>\n<td>Dimensiones<\/td>\n<td>9,1 x 3,0 x 1,5\u2033 (232 x 77 x 39 mm)<\/td>\n<\/tr>\n<tr>\n<td>Peso<\/td>\n<td>9,6 onzas (271 g)<\/td>\n<\/tr>\n<\/tbody>\n<\/table>\n<p>&nbsp;<\/p>\n","protected":false},"excerpt":{"rendered":"<p>Pinza amperim\u00e9trica AC\/DC duradera con gr\u00e1fico de barras anal\u00f3gico, funci\u00f3n m\u00edn.\/m\u00e1x., detector de voltaje no vontact incorporado y term\u00f3metro de contacto.<\/p>\n","protected":false},"featured_media":5655,"template":"","meta":[],"product_cat":[16],"product_tag":[],"class_list":["post-5652","product","type-product","status-publish","has-post-thumbnail","hentry","product_cat-uncategorized"],"_links":{"self":[{"href":"https:\/\/calibracion.com.mx\/tienda\/wp-json\/wp\/v2\/product\/5652","targetHints":{"allow":["GET"]}}],"collection":[{"href":"https:\/\/calibracion.com.mx\/tienda\/wp-json\/wp\/v2\/product"}],"about":[{"href":"https:\/\/calibracion.com.mx\/tienda\/wp-json\/wp\/v2\/types\/product"}],"wp:featuredmedia":[{"embeddable":true,"href":"https:\/\/calibracion.com.mx\/tienda\/wp-json\/wp\/v2\/media\/5655"}],"wp:attachment":[{"href":"https:\/\/calibracion.com.mx\/tienda\/wp-json\/wp\/v2\/media?parent=5652"}],"wp:term":[{"taxonomy":"product_cat","embeddable":true,"href":"https:\/\/calibracion.com.mx\/tienda\/wp-json\/wp\/v2\/product_cat?post=5652"},{"taxonomy":"product_tag","embeddable":true,"href":"https:\/\/calibracion.com.mx\/tienda\/wp-json\/wp\/v2\/product_tag?post=5652"}],"curies":[{"name":"wp","href":"https:\/\/api.w.org\/{rel}","templated":true}]}}