{"id":5717,"date":"2023-12-19T15:14:13","date_gmt":"2023-12-19T15:14:13","guid":{"rendered":"https:\/\/calibracion.com.mx\/tienda\/?post_type=product&#038;p=5717"},"modified":"2023-12-19T15:14:14","modified_gmt":"2023-12-19T15:14:14","slug":"probador-de-aislamiento-reed-r5600","status":"publish","type":"product","link":"https:\/\/calibracion.com.mx\/tienda\/probador-de-aislamiento-reed-r5600\/","title":{"rendered":"Probador de aislamiento reed r5600"},"content":{"rendered":"<p>Este comprobador de aislamiento es con la capacidad de medir voltajes de prueba de 250 V, 500 V o 1000 V y una resistencia de aislamiento de hasta 2000 M\u03a9. El R5600 tiene un display dual retroiluminada simple de leer, una estructura de pl\u00e1stico moldeado doble perdurable y una funci\u00f3n de bloqueo con correa para colgar para una operaci\u00f3n con manos libres en el campo.<\/p>\n<h3>Funciones<\/h3>\n<ul>\n<li>Funci\u00f3n de retenci\u00f3n de datos.<\/li>\n<li>III, clasificaci\u00f3n de seguridad de 1000 V.<\/li>\n<li>Estructura de pl\u00e1stico moldeada doble para mayor protecci\u00f3n.<\/li>\n<li>Tensiones de prueba de 250 V, 500 V o 1000 V y resistencia de aislamiento de hasta 2000 M\u03a9.<\/li>\n<li>Funci\u00f3n de bloqueo y correa para colgar para un desempe\u00f1o con manos libres.<\/li>\n<li>Funci\u00f3n Lo \u03a9 para evaluar conexiones.<\/li>\n<li>Indicador de bater\u00eda baja y apagado autom\u00e1tico.<\/li>\n<li>Doble pantalla retroiluminada, resistencia de aislamiento y voltaje de prueba simult\u00e1neamente.<\/li>\n<\/ul>\n<h3>Especificaciones de REED R5600<\/h3>\n<table>\n<tbody>\n<tr>\n<td colspan=\"2\"><strong>Voltaje<\/strong><\/td>\n<\/tr>\n<tr>\n<td>Gamas<\/td>\n<td>250 V, 500 V, 1000 V<\/td>\n<\/tr>\n<tr>\n<td>Exactitud<\/td>\n<td>DC: \u00b1(0.8% rdg. + 3 dgt.)<br \/>\nAC: \u00b1(1.2% rdg. + 10 dgt.)<\/td>\n<\/tr>\n<tr>\n<td>Resoluci\u00f3n<\/td>\n<td>1V<\/td>\n<\/tr>\n<tr>\n<td colspan=\"2\"><strong>OHMIOS<\/strong><\/td>\n<\/tr>\n<tr>\n<td>Gamas<\/td>\n<td>200 \u03a9, 200 k\u03a9<\/td>\n<\/tr>\n<tr>\n<td>Exactitud<\/td>\n<td>\u00b1(1.0% rdg. + 2 dgt.)<\/td>\n<\/tr>\n<tr>\n<td>Resoluci\u00f3n<\/td>\n<td>0,1 \u03a9, 0,1 k\u03a9<\/td>\n<\/tr>\n<tr>\n<td colspan=\"2\"><strong>Meg OHMS<\/strong><\/td>\n<\/tr>\n<tr>\n<td>Gamas<\/td>\n<td>200M\u03a9\/250V, 2000M\u03a9\/500V, 0-1000M\u03a9\/1000V, 1000-2000M\u03a9\/1000V<\/td>\n<\/tr>\n<tr>\n<td>Exactitud<\/td>\n<td>\u00b1(3.0% rdg. + 5 dgt.)<br \/>\nCorriente de prueba: 250K\u03a9, 500K\u03a9, 1M\u03a9<\/td>\n<\/tr>\n<tr>\n<td>Resoluci\u00f3n<\/td>\n<td>0,1 M\u03a9, 1 M\u03a9, 1 mA<\/td>\n<\/tr>\n<tr>\n<td colspan=\"2\"><strong>Especificaciones generales<\/strong><\/td>\n<\/tr>\n<tr>\n<td>Selecci\u00f3n de rango<\/td>\n<td>Rango autom\u00e1tico\/Manual<\/td>\n<\/tr>\n<tr>\n<td>Monitor<\/td>\n<td>LCD con doble pantalla<\/td>\n<\/tr>\n<tr>\n<td>Retenci\u00f3n de pantalla<\/td>\n<td>S\u00ed<\/td>\n<\/tr>\n<tr>\n<td>Frecuencia de muestreo<\/td>\n<td>2,5 veces\/seg.<\/td>\n<\/tr>\n<tr>\n<td>Pantalla retroiluminada<\/td>\n<td>S\u00ed<\/td>\n<\/tr>\n<tr>\n<td>Comprobaci\u00f3n de continuidad<\/td>\n<td>Se\u00f1al audible si la resistencia \u226440\u03a9<\/td>\n<\/tr>\n<tr>\n<td>Pata de cabra<\/td>\n<td>S\u00ed<\/td>\n<\/tr>\n<tr>\n<td>Apagado autom\u00e1tico<\/td>\n<td>S\u00ed (despu\u00e9s de 15 minutos)<\/td>\n<\/tr>\n<tr>\n<td>Fuente de alimentaci\u00f3n<\/td>\n<td>6 pilas AA<\/td>\n<\/tr>\n<tr>\n<td>Indicador de bater\u00eda baja<\/td>\n<td>S\u00ed<\/td>\n<\/tr>\n<tr>\n<td>Protecci\u00f3n de fusibles<\/td>\n<td>S\u00ed<\/td>\n<\/tr>\n<tr>\n<td>Cables de prueba reemplazables<\/td>\n<td>S\u00ed<\/td>\n<\/tr>\n<tr>\n<td>Indicador de Overange<\/td>\n<td>S\u00ed<\/td>\n<\/tr>\n<tr>\n<td>Categor\u00eda de sobretensi\u00f3n<\/td>\n<td>GATO. III 1000V<\/td>\n<\/tr>\n<tr>\n<td>Certificaciones de productos<\/td>\n<td>Despu\u00e9s de Cristo<\/td>\n<\/tr>\n<tr>\n<td>Temperatura de funcionamiento<\/td>\n<td>De 32 a 104 \u00b0C (de 0 a 40 \u00b0F)<\/td>\n<\/tr>\n<tr>\n<td>Temperatura de almacenamiento<\/td>\n<td>-4 a 140 \u00b0F (-20 a 60 \u00b0C)<\/td>\n<\/tr>\n<tr>\n<td>Dimensiones<\/td>\n<td>7,9 x 3,6 x 2,0\u2033 (200 x 92 x 50 mm)<\/td>\n<\/tr>\n<tr>\n<td>Peso<\/td>\n<td>25 onzas (700 g)<\/td>\n<\/tr>\n<\/tbody>\n<\/table>\n<p>&nbsp;<\/p>\n","protected":false},"excerpt":{"rendered":"<p>Comprobador de aislamiento multifunci\u00f3n con doble pantalla retroiluminada, estructura de pl\u00e1stico moldeado doble y funci\u00f3n de bloqueo para operaci\u00f3n manos libres.<\/p>\n","protected":false},"featured_media":5718,"template":"","meta":[],"product_cat":[16],"product_tag":[],"class_list":["post-5717","product","type-product","status-publish","has-post-thumbnail","hentry","product_cat-uncategorized"],"_links":{"self":[{"href":"https:\/\/calibracion.com.mx\/tienda\/wp-json\/wp\/v2\/product\/5717","targetHints":{"allow":["GET"]}}],"collection":[{"href":"https:\/\/calibracion.com.mx\/tienda\/wp-json\/wp\/v2\/product"}],"about":[{"href":"https:\/\/calibracion.com.mx\/tienda\/wp-json\/wp\/v2\/types\/product"}],"wp:featuredmedia":[{"embeddable":true,"href":"https:\/\/calibracion.com.mx\/tienda\/wp-json\/wp\/v2\/media\/5718"}],"wp:attachment":[{"href":"https:\/\/calibracion.com.mx\/tienda\/wp-json\/wp\/v2\/media?parent=5717"}],"wp:term":[{"taxonomy":"product_cat","embeddable":true,"href":"https:\/\/calibracion.com.mx\/tienda\/wp-json\/wp\/v2\/product_cat?post=5717"},{"taxonomy":"product_tag","embeddable":true,"href":"https:\/\/calibracion.com.mx\/tienda\/wp-json\/wp\/v2\/product_tag?post=5717"}],"curies":[{"name":"wp","href":"https:\/\/api.w.org\/{rel}","templated":true}]}}