{"id":5749,"date":"2023-12-19T15:52:23","date_gmt":"2023-12-19T15:52:23","guid":{"rendered":"https:\/\/calibracion.com.mx\/tienda\/?post_type=product&#038;p=5749"},"modified":"2023-12-19T15:52:24","modified_gmt":"2023-12-19T15:52:24","slug":"refractometro-humedad-en-miel-hhr-2n","status":"publish","type":"product","link":"https:\/\/calibracion.com.mx\/tienda\/refractometro-humedad-en-miel-hhr-2n\/","title":{"rendered":"Refract\u00f3metro % humedad en miel \u2013 HHR-2N"},"content":{"rendered":"<div class=\"woocommerce-product-details__short-description\">\n<p>Refract\u00f3metro % humedad en miel \u2013 HHR-2N.<\/p>\n<h3>Especificaciones<\/h3>\n<ul>\n<li>Rango:12% a 30% de agua contenida en la miel.<\/li>\n<li>Dimensiones y peso:4x 4 x 17 cm, 260g.<\/li>\n<li>Unidades de medici\u00f3n:Contenido de agua en %.<\/li>\n<li>Condiciones de Operaci\u00f3n:Temperatura de muestra 10 a 30\u00b0C.<\/li>\n<li>Precision:N\/A.<\/li>\n<li>Contenido de la Caja:Refract\u00f3metro, Manual de Operaci\u00f3n, cup\u00f3n de verificacion de calidad, pipeta de pl\u00e1stico.<\/li>\n<\/ul>\n<\/div>\n","protected":false},"excerpt":{"rendered":"<p>El refract\u00f3metro \u00f3ptico AT-HHR2N est\u00e1 dise\u00f1ado para probar profesionalmente la concentraci\u00f3n de humedad en miel de abeja. Caracter\u00edsticas primordiales : Construido en un material durable que puede conducir la limpieza entre muestra y muestra. Compensaci\u00f3n autom\u00e1tica de temperatura (ATC).<\/p>\n","protected":false},"featured_media":5750,"template":"","meta":[],"product_cat":[16],"product_tag":[],"class_list":["post-5749","product","type-product","status-publish","has-post-thumbnail","hentry","product_cat-uncategorized"],"_links":{"self":[{"href":"https:\/\/calibracion.com.mx\/tienda\/wp-json\/wp\/v2\/product\/5749","targetHints":{"allow":["GET"]}}],"collection":[{"href":"https:\/\/calibracion.com.mx\/tienda\/wp-json\/wp\/v2\/product"}],"about":[{"href":"https:\/\/calibracion.com.mx\/tienda\/wp-json\/wp\/v2\/types\/product"}],"wp:featuredmedia":[{"embeddable":true,"href":"https:\/\/calibracion.com.mx\/tienda\/wp-json\/wp\/v2\/media\/5750"}],"wp:attachment":[{"href":"https:\/\/calibracion.com.mx\/tienda\/wp-json\/wp\/v2\/media?parent=5749"}],"wp:term":[{"taxonomy":"product_cat","embeddable":true,"href":"https:\/\/calibracion.com.mx\/tienda\/wp-json\/wp\/v2\/product_cat?post=5749"},{"taxonomy":"product_tag","embeddable":true,"href":"https:\/\/calibracion.com.mx\/tienda\/wp-json\/wp\/v2\/product_tag?post=5749"}],"curies":[{"name":"wp","href":"https:\/\/api.w.org\/{rel}","templated":true}]}}