{"id":5770,"date":"2023-12-19T16:24:38","date_gmt":"2023-12-19T16:24:38","guid":{"rendered":"https:\/\/calibracion.com.mx\/tienda\/?post_type=product&#038;p=5770"},"modified":"2023-12-19T16:24:39","modified_gmt":"2023-12-19T16:24:39","slug":"refractometro-indice-de-refraccion-pal-ri","status":"publish","type":"product","link":"https:\/\/calibracion.com.mx\/tienda\/refractometro-indice-de-refraccion-pal-ri\/","title":{"rendered":"Refractometro Indice de refracci\u00f3n \u2013 PAL-RI"},"content":{"rendered":"<p>Refractometro Indice de refracci\u00f3n \u2013 PAL-RI.<\/p>\n<h3>Caracter\u00edsticas<\/h3>\n<ul>\n<li>Clase de protecci\u00f3n internacional:IP65 \u2013 Protegido del polvo y de chorros de agua.<\/li>\n<li>Tiempo de Medici\u00f3n:3 segundos.<\/li>\n<li>Exactitud de Medici\u00f3n:\u00cdndice de Refracci\u00f3n \u00b10.0003 (agua 20\u00b0C).<\/li>\n<li>Dimensiones y Peso:55\u00d731\u00d7109mm,100g (unidad principal solamente).<\/li>\n<li>\u00cdndice de Refracci\u00f3n:1.3306 a 1.5284 nD.<\/li>\n<li>Volumen de la Muestra:0.3 ml.<\/li>\n<li>Temperatura Ambiente:10 a 40\u00b0C.<\/li>\n<li>Temperatura de la Muestra:5 a 45\u00b0C(resoluci\u00f3n 1\u00b0C ).<\/li>\n<li>Resoluci\u00f3n: \u00cdndice de Refracci\u00f3n 0.0001.<\/li>\n<li>Fuente de Poder:2 Bater\u00edas tipo AAA.<\/li>\n<li>Escala de Medici\u00f3n: Rango de Medida.<\/li>\n<\/ul>\n","protected":false},"excerpt":{"rendered":"<p>Refract\u00f3metro digital \u201cPocket\u201d PAL-RI de tama\u00f1o s\u00f3lido. En el momento en que se aprieta el bot\u00f3n de medidas despu\u00e9s de poner ciertas gotas de exhibe en el prisma, el \u00edndice de Refracci\u00f3n (resoluci\u00f3n 0.0001) de la exhibe aparecer\u00e1n de forma continua.<\/p>\n","protected":false},"featured_media":5775,"template":"","meta":[],"product_cat":[16],"product_tag":[],"class_list":["post-5770","product","type-product","status-publish","has-post-thumbnail","hentry","product_cat-uncategorized"],"_links":{"self":[{"href":"https:\/\/calibracion.com.mx\/tienda\/wp-json\/wp\/v2\/product\/5770","targetHints":{"allow":["GET"]}}],"collection":[{"href":"https:\/\/calibracion.com.mx\/tienda\/wp-json\/wp\/v2\/product"}],"about":[{"href":"https:\/\/calibracion.com.mx\/tienda\/wp-json\/wp\/v2\/types\/product"}],"wp:featuredmedia":[{"embeddable":true,"href":"https:\/\/calibracion.com.mx\/tienda\/wp-json\/wp\/v2\/media\/5775"}],"wp:attachment":[{"href":"https:\/\/calibracion.com.mx\/tienda\/wp-json\/wp\/v2\/media?parent=5770"}],"wp:term":[{"taxonomy":"product_cat","embeddable":true,"href":"https:\/\/calibracion.com.mx\/tienda\/wp-json\/wp\/v2\/product_cat?post=5770"},{"taxonomy":"product_tag","embeddable":true,"href":"https:\/\/calibracion.com.mx\/tienda\/wp-json\/wp\/v2\/product_tag?post=5770"}],"curies":[{"name":"wp","href":"https:\/\/api.w.org\/{rel}","templated":true}]}}