{"id":5926,"date":"2023-12-19T19:31:44","date_gmt":"2023-12-19T19:31:44","guid":{"rendered":"https:\/\/calibracion.com.mx\/tienda\/?post_type=product&#038;p=5926"},"modified":"2023-12-19T19:31:45","modified_gmt":"2023-12-19T19:31:45","slug":"medidor-de-sal-de-bolsillo-pal-salt","status":"publish","type":"product","link":"https:\/\/calibracion.com.mx\/tienda\/medidor-de-sal-de-bolsillo-pal-salt\/","title":{"rendered":"Medidor de Sal de Bolsillo \u2013 PAL-SALT"},"content":{"rendered":"<p>Medidor de Sal de Bolsillo \u2013 PAL-SALT.<\/p>\n<h3>Especificaciones T\u00e9cnicas:<\/h3>\n<ul>\n<li>Caracter\u00edstica de desplazamiento: Si.<\/li>\n<li>Temperatura de la muestra:de 5 a 100\u00b0C.<\/li>\n<li>Volumen de la Muestra:0.6mL o m\u00e1s.<\/li>\n<li>Rango de Medici\u00f3n: 0.00 a 10.0% (g\/100g) de concentraci\u00f3n de sal \/ 5.0 a 100\u00b0C.<\/li>\n<li>Modelo:PAL-SALT.<\/li>\n<li>M\u00e9todo de medida: Conductividad.<\/li>\n<li>Tiempo de Medici\u00f3n:3 segundos.<\/li>\n<li>Fuente de Poder:2 x Bater\u00edas tipo AAA.<\/li>\n<li>N\u00famero de cat\u00e1logo: 4250.<\/li>\n<li>Escala de Medici\u00f3n: Concentraci\u00f3n de sal (g\/100g) temperatura.<\/li>\n<li>Temperatura Ambiente:de 10 a 40\u00b0C.<\/li>\n<\/ul>\n<h3>Resoluci\u00f3n<\/h3>\n<ul>\n<li>01% para la concentraci\u00f3n de sal de 0.00 a 2.99% 0.1% para la concentraci\u00f3n de sal de 3.0 a 10.0% 0.1\u00b0C.<\/li>\n<\/ul>\n<div class=\"woocommerce-product-details__short-description\">\n<h3>Exactitud de la Medici\u00f3n<\/h3>\n<p>Valor en pantalla \u00b1 0.05% (para la concentraci\u00f3n de sal de 0.00 a 0.99%) Precisi\u00f3n relativa \u00b1 5% (para la concentraci\u00f3n de sal de 1.00 a 10 .0%) \u00b11\u00b0C<\/p>\n<\/div>\n","protected":false},"excerpt":{"rendered":"<p>Refract\u00f3metro digital de Bolsillo Salin\u00f3metro (Tr\u00e1mite De Conductividad) PAL-SALT Mida hasta diez % de sal con el nuevo medidor de sal estilo bolsillo, PAL-SALT. El PAL-SALT medidor de sal estilo bolsillo es vers\u00e1til , con un extenso rango 0.00-diez 00%. La resoluci\u00f3n es 0.01% a 2.99% en concentraci\u00f3n.<\/p>\n","protected":false},"featured_media":5928,"template":"","meta":[],"product_cat":[16],"product_tag":[],"class_list":["post-5926","product","type-product","status-publish","has-post-thumbnail","hentry","product_cat-uncategorized"],"_links":{"self":[{"href":"https:\/\/calibracion.com.mx\/tienda\/wp-json\/wp\/v2\/product\/5926","targetHints":{"allow":["GET"]}}],"collection":[{"href":"https:\/\/calibracion.com.mx\/tienda\/wp-json\/wp\/v2\/product"}],"about":[{"href":"https:\/\/calibracion.com.mx\/tienda\/wp-json\/wp\/v2\/types\/product"}],"wp:featuredmedia":[{"embeddable":true,"href":"https:\/\/calibracion.com.mx\/tienda\/wp-json\/wp\/v2\/media\/5928"}],"wp:attachment":[{"href":"https:\/\/calibracion.com.mx\/tienda\/wp-json\/wp\/v2\/media?parent=5926"}],"wp:term":[{"taxonomy":"product_cat","embeddable":true,"href":"https:\/\/calibracion.com.mx\/tienda\/wp-json\/wp\/v2\/product_cat?post=5926"},{"taxonomy":"product_tag","embeddable":true,"href":"https:\/\/calibracion.com.mx\/tienda\/wp-json\/wp\/v2\/product_tag?post=5926"}],"curies":[{"name":"wp","href":"https:\/\/api.w.org\/{rel}","templated":true}]}}