{"id":5947,"date":"2023-12-19T20:04:45","date_gmt":"2023-12-19T20:04:45","guid":{"rendered":"https:\/\/calibracion.com.mx\/tienda\/?post_type=product&#038;p=5947"},"modified":"2023-12-19T20:04:46","modified_gmt":"2023-12-19T20:04:46","slug":"dwyer-a3304-presostato-manometro-fotohelicoidal-2-0-2%e2%80%b3w-c","status":"publish","type":"product","link":"https:\/\/calibracion.com.mx\/tienda\/dwyer-a3304-presostato-manometro-fotohelicoidal-2-0-2%e2%80%b3w-c\/","title":{"rendered":"Dwyer a3304 presostato-man\u00f3metro fotohelicoidal (2-0-2\u2033w.c.)"},"content":{"rendered":"<p><strong>Funciones:<\/strong><\/p>\n<ul>\n<li>Los punteros de ajuste del interruptor detallan la configuraci\u00f3n del interruptor en todo instante.<\/li>\n<li>La electr\u00f3nica est\u00e1 desarrollada para funcionar en 50\/60 Hz, corriente de 120 voltios con diez % de aproximadamente voltaje.<\/li>\n<li>El dise\u00f1o \u00fanico y la banda fallecida a escala completa del 1% proporcionan una contestaci\u00f3n r\u00e1pida a los cambios de presi\u00f3n, lo que significa que no hay demora en la conmutaci\u00f3n y el funcionamiento sin chatter.<\/li>\n<li>Bisel y cubierta frontal (con perillas de punto de ajuste y tornillo de ajuste cero) retirados para mostrar el interruptor fotohelicoidal \/ mecanismo de punto de ajuste del medidor (la cubierta es de pl\u00e1stico de policarbonato transparente).<\/li>\n<li>El obturador pasa mediante la ranura en el interruptor de l\u00edmite \u00f3ptico para exponer los fototransistores a la fuente de luz infrarroja integral o enmascararlos seg\u00fan la presi\u00f3n aplicada.<\/li>\n<li>Los rel\u00e9s de carga son DPDT con funci\u00f3n de enganche para una m\u00e1xima utilidad de aplicaci\u00f3n.<\/li>\n<li>Los finales de carrera \u00f3pticos se usan para sugerir confiabilidad y extendida vida \u00fatil. Conectados de manera directa a los punteros de ajuste, est\u00e1n ajustados individualmente para asegurar una precisi\u00f3n de conmutaci\u00f3n precisa.<\/li>\n<li>La conexi\u00f3n de policarbonato o la placa de plataformas se extinguen de forma autom\u00e1tica.<\/li>\n<li>El embrague de fricci\u00f3n accionado por resorte evita que el operador da\u00f1e el mecanismo de punto de ajuste.<\/li>\n<li>El eje de transmisi\u00f3n semiflexible se conecta a las perillas del punto de ajuste.<\/li>\n<li>El escudo de luz protege con eficacia los fototransistores de fuentes de luz externas fuertes, pero deja el movimiento libre del puntero; Tambi\u00e9n le da al interior un aspecto limpio \u201cterminado\u201d.<\/li>\n<li>El instrumento 3 en 1 permite la reducci\u00f3n de m\u00faltiples instrumentos con un solo producto.<\/li>\n<li>Placas de circuito impreso epoxi de vidrio para mayor durabilidad y permanencia.<\/li>\n<li>El puntero del indicador y el obturador de luz est\u00e1n montados en h\u00e9lice y contrapeso de equilibrio.<\/li>\n<li>La carcasa de pl\u00e1stico resguarda los elementos electr\u00f3nicos y las conexiones el\u00e9ctricas.<\/li>\n<li>El tornillo de ajuste a cero se conecta al tornillo en la cubierta para ajustar la lectura de presi\u00f3n cero.<\/li>\n<\/ul>\n<h5><strong>Aplicaciones:<\/strong><\/h5>\n<ul>\n<li>Habitaciones limpias.<\/li>\n<li>Sistemas de aire acondicionado.<\/li>\n<li>Sistemas de escape de humos.<\/li>\n<\/ul>\n<h4><strong>Dwyer A3304 Especificaciones:<\/strong><\/h4>\n<table class=\"table table-striped\" style=\"height: 166px;\" width=\"1052\">\n<tbody>\n<tr>\n<td colspan=\"2\"><strong>Especificaciones del interruptor<\/strong><\/td>\n<\/tr>\n<tr>\n<td>Tipo de interruptor<\/td>\n<td>Cada punto de ajuste tiene 2 rel\u00e9s Form C (DPDT)<\/td>\n<\/tr>\n<tr>\n<td>Repetibilidad<\/td>\n<td>\u00b11% de FS<\/td>\n<\/tr>\n<tr>\n<td>Clasificaci\u00f3n el\u00e9ctrica<\/td>\n<td>10 A a 28 VCC<br \/>\n10 A a 120<br \/>\n240 VCA<\/td>\n<\/tr>\n<tr>\n<td>Conexiones el\u00e9ctricas<\/td>\n<td>Terminales de tornillo. Utilice solo conductores de cobre a 167 \u00b0F (75 \u00b0C)<\/td>\n<\/tr>\n<tr>\n<td>Requisitos de alimentaci\u00f3n<\/td>\n<td>Alimentaci\u00f3n opcional de 120 VCA, 50\/60 Hz<br \/>\n240 VCA y 24 VCA<\/td>\n<\/tr>\n<tr>\n<td>Orientaci\u00f3n de montaje<\/td>\n<td>Diafragma en posici\u00f3n vertical. Consulte a la f\u00e1brica para otras orientaciones de posici\u00f3n<\/td>\n<\/tr>\n<tr>\n<td>Ajuste del punto de ajuste<\/td>\n<td>Perillas ajustables en la cara<\/td>\n<\/tr>\n<tr>\n<td>Aprobaciones de agencias<\/td>\n<td>CE, CSA, UL<\/td>\n<\/tr>\n<tr>\n<td colspan=\"2\"><strong>Especificaciones del medidor<\/strong><\/td>\n<\/tr>\n<tr>\n<td>Servicio<\/td>\n<td>Aire y gases no combustibles, compatibles<\/td>\n<\/tr>\n<tr>\n<td>Exactitud<\/td>\n<td>\u00b12% de FS a 70\u00b0F (21.1\u00b0C)<br \/>\n\u00b13% en -0<br \/>\n\u00b14% en modelos -00<\/td>\n<\/tr>\n<tr>\n<td>L\u00edmites de presi\u00f3n<\/td>\n<td>Opci\u00f3n MP de -20\u2033 Hg a 25 psig (-0,677 a 1,72 bar);<br \/>\nOpci\u00f3n HP de 35 psig (2,41 bar);<br \/>\n80 psig (5.52 bar)<\/td>\n<\/tr>\n<tr>\n<td>L\u00edmites de temperatura<\/td>\n<td>20 a 120 \u00b0F (-6,67 a 48,9 \u00b0C) -20 a 120 \u00b0F (-28 a 48,9 \u00b0C)<br \/>\ncon opci\u00f3n de baja temperatura<\/td>\n<\/tr>\n<tr>\n<td>Conexiones de proceso<\/td>\n<td>1\/8 mujer NPT<\/td>\n<\/tr>\n<tr>\n<td>Dimensiones<\/td>\n<td>Esfera de 4\u2033 (101,6 mm) 5<br \/>\nx 8\/127\u2033 (209 x 55,&lt;&gt; mm)<\/td>\n<\/tr>\n<tr>\n<td>Peso<\/td>\n<td>4 lb (1,81 kg)<\/td>\n<\/tr>\n<\/tbody>\n<\/table>\n","protected":false},"excerpt":{"rendered":"<p>Bisel y cubierta frontal (con perillas de punto de ajuste y tornillo de ajuste cero) retirados para exponer el interruptor fotohelicoidal\/mecanismo de punto de ajuste. El puntero del medidor y el obturador de luz est\u00e1n montados en h\u00e9lice y contrapeso de equilibrio.<\/p>\n","protected":false},"featured_media":5948,"template":"","meta":[],"product_cat":[16],"product_tag":[],"class_list":["post-5947","product","type-product","status-publish","has-post-thumbnail","hentry","product_cat-uncategorized"],"_links":{"self":[{"href":"https:\/\/calibracion.com.mx\/tienda\/wp-json\/wp\/v2\/product\/5947","targetHints":{"allow":["GET"]}}],"collection":[{"href":"https:\/\/calibracion.com.mx\/tienda\/wp-json\/wp\/v2\/product"}],"about":[{"href":"https:\/\/calibracion.com.mx\/tienda\/wp-json\/wp\/v2\/types\/product"}],"wp:featuredmedia":[{"embeddable":true,"href":"https:\/\/calibracion.com.mx\/tienda\/wp-json\/wp\/v2\/media\/5948"}],"wp:attachment":[{"href":"https:\/\/calibracion.com.mx\/tienda\/wp-json\/wp\/v2\/media?parent=5947"}],"wp:term":[{"taxonomy":"product_cat","embeddable":true,"href":"https:\/\/calibracion.com.mx\/tienda\/wp-json\/wp\/v2\/product_cat?post=5947"},{"taxonomy":"product_tag","embeddable":true,"href":"https:\/\/calibracion.com.mx\/tienda\/wp-json\/wp\/v2\/product_tag?post=5947"}],"curies":[{"name":"wp","href":"https:\/\/api.w.org\/{rel}","templated":true}]}}