{"id":5949,"date":"2023-12-19T19:58:13","date_gmt":"2023-12-19T19:58:13","guid":{"rendered":"https:\/\/calibracion.com.mx\/tienda\/?post_type=product&#038;p=5949"},"modified":"2024-01-02T19:55:07","modified_gmt":"2024-01-02T19:55:07","slug":"extech-ir270-termometro-ir-con-alerta-de-color","status":"publish","type":"product","link":"https:\/\/calibracion.com.mx\/tienda\/extech-ir270-termometro-ir-con-alerta-de-color\/","title":{"rendered":"Extech IR270 \u2013 term\u00f3metro ir con alerta de color"},"content":{"rendered":"<table class=\"a-normal a-spacing-micro\" style=\"height: 283px;\" width=\"529\">\n<tbody>\n<tr class=\"a-spacing-small po-brand\">\n<td class=\"a-span3\"><span class=\"a-size-base a-text-bold\">Marca<\/span><\/td>\n<td class=\"a-span9\"><span class=\"a-size-base po-break-word\">Extech<\/span><\/td>\n<\/tr>\n<tr class=\"a-spacing-small po-special_feature\">\n<td class=\"a-span3\"><span class=\"a-size-base a-text-bold\">Caracter\u00edstica especial<\/span><\/td>\n<td class=\"a-span9\"><span class=\"a-size-base po-break-word\">Actualizaci\u00f3n r\u00e1pida<\/span><\/td>\n<\/tr>\n<tr class=\"a-spacing-small po-age_range_description\">\n<td class=\"a-span3\"><span class=\"a-size-base a-text-bold\">Rango de edad (descripci\u00f3n)<\/span><\/td>\n<td class=\"a-span9\"><span class=\"a-size-base po-break-word\">Adulto<\/span><\/td>\n<\/tr>\n<tr class=\"a-spacing-small po-included_components\">\n<td class=\"a-span3\"><span class=\"a-size-base a-text-bold\">Componentes incluidos<\/span><\/td>\n<td class=\"a-span9\"><span class=\"a-size-base po-break-word\">Completo con bater\u00eda de 9 V y bolsa<\/span><\/td>\n<\/tr>\n<tr class=\"a-spacing-small po-outer.material\">\n<td class=\"a-span3\"><span class=\"a-size-base a-text-bold\">Material exterior<\/span><\/td>\n<td class=\"a-span9\"><span class=\"a-size-base po-break-word\">Pl\u00e1stico<\/span><\/td>\n<\/tr>\n<tr class=\"a-spacing-small po-connectivity_technology\">\n<td class=\"a-span3\"><span class=\"a-size-base a-text-bold\">Tecnolog\u00eda de conectividad<\/span><\/td>\n<td class=\"a-span9\"><span class=\"a-size-base po-break-word\">Infrarrojo<\/span><\/td>\n<\/tr>\n<tr class=\"a-spacing-small po-unit_count\">\n<td class=\"a-span3\"><span class=\"a-size-base a-text-bold\">Cantidad de unidades<\/span><\/td>\n<td class=\"a-span9\"><span class=\"a-size-base po-break-word\">1 unidad<\/span><\/td>\n<\/tr>\n<tr class=\"a-spacing-small po-power_source_type\">\n<td class=\"a-span3\"><span class=\"a-size-base a-text-bold\">Fuente de energ\u00eda<\/span><\/td>\n<td class=\"a-span9\"><span class=\"a-size-base po-break-word\">Funciona con bater\u00eda<\/span><\/td>\n<\/tr>\n<tr class=\"a-spacing-small po-model_name\">\n<td class=\"a-span3\"><span class=\"a-size-base a-text-bold\">Nombre del modelo<\/span><\/td>\n<td class=\"a-span9\"><span class=\"a-size-base po-break-word\">IR Thermometer with Color Alert<\/span><\/td>\n<\/tr>\n<\/tbody>\n<\/table>\n<h5 class=\"a-size-base-plus a-text-bold\"><strong>Acerca de este art\u00edculo:<\/strong><\/h5>\n<ul>\n<li>12: 1 relaci\u00f3n distancia a punto (prop\u00f3sito ).<\/li>\n<li>El puntero l\u00e1ser que viene dentro identifica el \u00e1rea del prop\u00f3sito con el bot\u00f3n de encendido\/apagado.<\/li>\n<li>Alarmas programables de alta y baja con pitido audible: la pantalla LCD tricolor cambia a retroiluminaci\u00f3n azul en el momento en que la lectura va bajo la configuraci\u00f3n de alarma baja y retroiluminaci\u00f3n roja cuando la lectura sobrepasa el punto de ajuste prominente.<\/li>\n<li>La emisividad ajustable (0,10 a 1,00) aumenta la precisi\u00f3n de medici\u00f3n.<\/li>\n<li>Toma medidas de temperatura sin contacto de -4 a 140 \u00b0F (-20 a 650 \u00b0 C).<\/li>\n<\/ul>\n","protected":false},"excerpt":{"rendered":"<p>De contestaci\u00f3n r\u00e1pida con alta precisi\u00f3n, el Extech IR270 es ideal para comprobaciones r\u00e1pidas de m\u00faltiples puntos en un desarrollo o para detectar picos de temperatura. La alarma alta\/baja de forma f\u00e1cil programable con pantalla tricolor y alarma audible mide la temperatura sin contacto hasta 1202 \u00b0F (650 \u00b0C).<\/p>\n","protected":false},"featured_media":5950,"template":"","meta":[],"product_cat":[16],"product_tag":[],"class_list":["post-5949","product","type-product","status-publish","has-post-thumbnail","hentry","product_cat-uncategorized"],"_links":{"self":[{"href":"https:\/\/calibracion.com.mx\/tienda\/wp-json\/wp\/v2\/product\/5949","targetHints":{"allow":["GET"]}}],"collection":[{"href":"https:\/\/calibracion.com.mx\/tienda\/wp-json\/wp\/v2\/product"}],"about":[{"href":"https:\/\/calibracion.com.mx\/tienda\/wp-json\/wp\/v2\/types\/product"}],"wp:featuredmedia":[{"embeddable":true,"href":"https:\/\/calibracion.com.mx\/tienda\/wp-json\/wp\/v2\/media\/5950"}],"wp:attachment":[{"href":"https:\/\/calibracion.com.mx\/tienda\/wp-json\/wp\/v2\/media?parent=5949"}],"wp:term":[{"taxonomy":"product_cat","embeddable":true,"href":"https:\/\/calibracion.com.mx\/tienda\/wp-json\/wp\/v2\/product_cat?post=5949"},{"taxonomy":"product_tag","embeddable":true,"href":"https:\/\/calibracion.com.mx\/tienda\/wp-json\/wp\/v2\/product_tag?post=5949"}],"curies":[{"name":"wp","href":"https:\/\/api.w.org\/{rel}","templated":true}]}}