{"id":5954,"date":"2023-12-19T20:07:47","date_gmt":"2023-12-19T20:07:47","guid":{"rendered":"https:\/\/calibracion.com.mx\/tienda\/?post_type=product&#038;p=5954"},"modified":"2026-03-05T17:49:21","modified_gmt":"2026-03-05T17:49:21","slug":"termohigrometro-extech-445703","status":"publish","type":"product","link":"https:\/\/calibracion.com.mx\/tienda\/termohigrometro-extech-445703\/","title":{"rendered":"Termohigrometro Extech 445703"},"content":{"rendered":"<h3>Caracter\u00edsticas<\/h3>\n<ul>\n<li>Rango de medici\u00f3n.<\/li>\n<li>Dimensiones: 110 x 100 x 20 mm (4.3 x 3.9 x 0.78\u2033).<\/li>\n<li>Con soporte de inclinaci\u00f3n inclinado, soporte de pared y bater\u00eda 1.5V AAA.<\/li>\n<li>Temperatura: -10\u00b0C~60\u00b0C\/ 14\u00b0F a 140\u00b0F.<\/li>\n<li>Peso: 169 g (6 oz).<\/li>\n<li>Memoria con funci\u00f3n de reinicio almacena mediciones m\u00e1ximas y m\u00ednimas.<\/li>\n<li>Para uso en f\u00e1bricas, invernaderos y oficinas para mantener las condiciones adecuadas de temperatura, humedad y para registrar mediciones extremas durante el d\u00eda<\/li>\n<li>Precisi\u00f3n de 5% HR, 1\u00b0C y 1.8\u00b0F (@ 0~50\u00b0C\/32~122\u00b0F).<\/li>\n<li>Indicaci\u00f3n de bater\u00eda baja.<\/li>\n<li>Humedad: 10%~99% HR.<\/li>\n<li>Gran pantalla LCD (80 x 62 mm \/3.1 x 2.4\u2033) proporciona mediciones simult\u00e1neas de humedad y temperatura.<\/li>\n<li>Mediciones de temperatura seleccionables entre \u00b0C\/\u00b0F.<\/li>\n<\/ul>\n<h3><span class=\"ff1\"><span class=\"fs21\">Especificaciones<\/span><\/span><\/h3>\n<ul>\n<li>Rango de humedad: 10%~99% HR.<\/li>\n<li>Rango de temperatura: -10\u00b0C~60\u00b0C\/ 14\u00b0F a 140\u00b0F.<\/li>\n<li>Peso: 169 g (6 oz).<\/li>\n<li>Precisi\u00f3n de humedad: \u00b15% HR dentro de 25% a 85% HR y 0 a 50\u00b0C \u00f3 32 a 122\u00b0F.<\/li>\n<li>Fuente de poder; Bater\u00eda AAA 1.5V.<\/li>\n<li>Dimensiones: 110 x 100 x 20 mm (4.3 x 3.9 x 0.78\u2033).<\/li>\n<li>Precisi\u00f3n de temperatura: \u00b11.0\u00b0C dentro de -10\u00b0C a 50\u00b0C\/\u00b11.8\u00b0F dentro de 14\u00b0F a 122\u00b0F.<\/li>\n<\/ul>\n","protected":false},"excerpt":{"rendered":"<p>Especificaciones<br \/>\nGran pantalla LCD (80 x 62 mm \/3.1 x 2.4\u2033) da mediciones simult\u00e1neas de humedad y temperatura,<br \/>\nMemoria con funci\u00f3n de reinicio almacena mediciones m\u00e1ximas y m\u00ednimas.<br \/>\nRango de medici\u00f3n,<br \/>\nTemperatura: -10 \u00b0C~60\u00b0C\/ 14\u00b0F a 140\u00b0F.<\/p>\n","protected":false},"featured_media":5956,"template":"","meta":[],"product_cat":[16],"product_tag":[],"class_list":["post-5954","product","type-product","status-publish","has-post-thumbnail","hentry","product_cat-uncategorized"],"_links":{"self":[{"href":"https:\/\/calibracion.com.mx\/tienda\/wp-json\/wp\/v2\/product\/5954","targetHints":{"allow":["GET"]}}],"collection":[{"href":"https:\/\/calibracion.com.mx\/tienda\/wp-json\/wp\/v2\/product"}],"about":[{"href":"https:\/\/calibracion.com.mx\/tienda\/wp-json\/wp\/v2\/types\/product"}],"wp:featuredmedia":[{"embeddable":true,"href":"https:\/\/calibracion.com.mx\/tienda\/wp-json\/wp\/v2\/media\/5956"}],"wp:attachment":[{"href":"https:\/\/calibracion.com.mx\/tienda\/wp-json\/wp\/v2\/media?parent=5954"}],"wp:term":[{"taxonomy":"product_cat","embeddable":true,"href":"https:\/\/calibracion.com.mx\/tienda\/wp-json\/wp\/v2\/product_cat?post=5954"},{"taxonomy":"product_tag","embeddable":true,"href":"https:\/\/calibracion.com.mx\/tienda\/wp-json\/wp\/v2\/product_tag?post=5954"}],"curies":[{"name":"wp","href":"https:\/\/api.w.org\/{rel}","templated":true}]}}