{"id":5965,"date":"2023-12-19T20:31:44","date_gmt":"2023-12-19T20:31:44","guid":{"rendered":"https:\/\/calibracion.com.mx\/tienda\/?post_type=product&#038;p=5965"},"modified":"2023-12-19T20:31:45","modified_gmt":"2023-12-19T20:31:45","slug":"termohigrometro-data-logger-extech-rht20","status":"publish","type":"product","link":"https:\/\/calibracion.com.mx\/tienda\/termohigrometro-data-logger-extech-rht20\/","title":{"rendered":"TERMOHIGROMETRO DATA LOGGER EXTECH RHT20"},"content":{"rendered":"<h3>Caracter\u00edsticas<\/h3>\n<ul>\n<li>Velocidad de muestreo de datos seleccionable: 1 segundo a 24 horas.<\/li>\n<li>Umbrales de alarma programables por el usuario para HR y temperatura.<\/li>\n<li>Incluye software para an\u00e1lisis compatible con Windows 2000\/XP\/Vista\/7.<\/li>\n<li>La LCD muestra las lecturas actuales, Min\/Max y estado de alarma.<\/li>\n<li>Con bater\u00eda de litio de 3.6 V, soporte de montaje con cerradura de combinaci\u00f3n.<\/li>\n<li>Interfaz USB para una f\u00e1cil configuraci\u00f3n y descarga de datos.<\/li>\n<\/ul>\n<h3>Especificaciones<\/h3>\n<ul>\n<li>Fuente de tensi\u00f3n: Bater\u00eda de litio de 3.6 V.<\/li>\n<li>Indicaci\u00f3n de bater\u00eda d\u00e9bil: El s\u00edmbolo de bater\u00eda vac\u00eda aparece en la LCD.<\/li>\n<li>Temperatura de operaci\u00f3n: -40 a 70\u00b0C, -40 a 158\u00b0F.<\/li>\n<li>Tasa de muestreo: Entre 1 s a 24 h.<\/li>\n<li>Humedad de operaci\u00f3n: 0 a 100% HR.<\/li>\n<li>Resoluci\u00f3n: 0.1\u00b0, 0.1 HR.<\/li>\n<li>Termohigr\u00f3metro Extech RHT20.<\/li>\n<li>Escala de medici\u00f3n: 0 a 100% HR , -40 a 70\u00b0C, -40 a 158\u00b0F.<\/li>\n<li>Puntos de datos m\u00e1ximos: 16350 de temperatura y 16350 de humedad.<\/li>\n<li>Peso: 90.7 g (3.2 oz) .<\/li>\n<li>Pantalla: LCD multifunci\u00f3n.<\/li>\n<li>Temperatura de operaci\u00f3n LCD: -25\u00b0C a 70\u00b0C (-13\u00b0F a 158\u00b0F).<\/li>\n<li>Dimensiones: 94.4 x 48.9 x 31.2 mm (3.7 x 1.9 x 1.2\u2033).<\/li>\n<li>Software para an\u00e1lisis: Verificar la p\u00e1gina de descarga de software de la extech.com sitio web para la versi\u00f3n m\u00e1s reciente del software del PC y su compatibilidad con el sistema operativo.<\/li>\n<li>Vida de la bater\u00eda: 3 meses (aproximadamente).<\/li>\n<li>Indicaci\u00f3n de entrada abierta: En la pantalla LCD aparece \u201cLO\u201d.<\/li>\n<\/ul>\n<h3>Termohigr\u00f3metro Extech RHT20<\/h3>\n<p><img decoding=\"async\" src=\"https:\/\/greentechmexico.com\/wp-content\/uploads\/2019\/12\/otro.png\" \/><\/p>\n<div class=\"woocommerce-tabs wc-tabs-wrapper\"><\/div>\n","protected":false},"excerpt":{"rendered":"<p>Interfaz USB para una f\u00e1cil configuraci\u00f3n y descarga de datos,<br \/>\nVelocidad de muestreo de datos seleccionable: 1 segundo a 24 h,<br \/>\nUmbrales de alarma programables por el usuario para HR y temperatura.<\/p>\n","protected":false},"featured_media":5967,"template":"","meta":[],"product_cat":[16],"product_tag":[],"class_list":["post-5965","product","type-product","status-publish","has-post-thumbnail","hentry","product_cat-uncategorized"],"_links":{"self":[{"href":"https:\/\/calibracion.com.mx\/tienda\/wp-json\/wp\/v2\/product\/5965","targetHints":{"allow":["GET"]}}],"collection":[{"href":"https:\/\/calibracion.com.mx\/tienda\/wp-json\/wp\/v2\/product"}],"about":[{"href":"https:\/\/calibracion.com.mx\/tienda\/wp-json\/wp\/v2\/types\/product"}],"wp:featuredmedia":[{"embeddable":true,"href":"https:\/\/calibracion.com.mx\/tienda\/wp-json\/wp\/v2\/media\/5967"}],"wp:attachment":[{"href":"https:\/\/calibracion.com.mx\/tienda\/wp-json\/wp\/v2\/media?parent=5965"}],"wp:term":[{"taxonomy":"product_cat","embeddable":true,"href":"https:\/\/calibracion.com.mx\/tienda\/wp-json\/wp\/v2\/product_cat?post=5965"},{"taxonomy":"product_tag","embeddable":true,"href":"https:\/\/calibracion.com.mx\/tienda\/wp-json\/wp\/v2\/product_tag?post=5965"}],"curies":[{"name":"wp","href":"https:\/\/api.w.org\/{rel}","templated":true}]}}