{"id":5968,"date":"2023-12-19T20:33:56","date_gmt":"2023-12-19T20:33:56","guid":{"rendered":"https:\/\/calibracion.com.mx\/tienda\/?post_type=product&#038;p=5968"},"modified":"2024-02-12T20:50:28","modified_gmt":"2024-02-12T20:50:28","slug":"termohigrometro-taylor-1733","status":"publish","type":"product","link":"https:\/\/calibracion.com.mx\/tienda\/termohigrometro-taylor-1733\/","title":{"rendered":"Termohigr\u00f3metro taylor 1733"},"content":{"rendered":"<p>La sofisticada estaci\u00f3n inal\u00e1mbrica y meteorol\u00f3gica digital Taylor 1733, con reloj at\u00f3mico, pantalla multil\u00ednea LCD de 3.1\u201d, se\u00f1ala la temperatura ambiental de espacios interiores y exteriores. Este instrumento, cuenta con sensores de humedad y temperatura, para indicar un pron\u00f3stico de clima acertado.<\/p>\n<p>El instrumento cuenta con un sensor remoto inal\u00e1mbrico de lectura en pantalla de cristal l\u00edquido con un alcance de hasta 60 metros, Taylor 1733 se puede montar en panel, pared o sobre superficies planas , indica temperatura en Celsius o Fahrenheit.<\/p>\n<p>Tiene un reloj at\u00f3mico y alarma con funci\u00f3n \u201cSnooze\u201d, calendario fechador, lectura de presi\u00f3n (bar\u00f3metro), previsi\u00f3n en indicadores del tiempo, indicador de confort, formato de hora en 12 o 24 hrs.<\/p>\n<ul>\n<li><strong>Rango del termohigr\u00f3metro base:<\/strong><\/li>\n<\/ul>\n<p>Temperatura: 0 a 50\u00b0C (32 a 122\u00b0F).<\/p>\n<ul>\n<li><strong>Resoluci\u00f3n:<\/strong><\/li>\n<\/ul>\n<p>0.1 \u00b0C.<\/p>\n<ul>\n<li><strong>Rango y alcance del sensor rec\u00f3ndito :<\/strong><\/li>\n<\/ul>\n<p>Temperatura: -40 a 60\u00b0C (32 a 122\u00b0F).<\/p>\n<p>Alcance: 60 metros (200 pies).<\/p>\n<ul>\n<li><strong>G\u00e9nero de medici\u00f3n:<\/strong><\/li>\n<\/ul>\n<p>Ambiental.<\/p>\n<ul>\n<li><strong>Unidades de medici\u00f3n:<\/strong><\/li>\n<\/ul>\n<p>\u00b0C \/ \u00b0F.<\/p>\n<ul>\n<li><strong>Indicaci\u00f3n:<\/strong><\/li>\n<\/ul>\n<p>Digital.<\/p>\n<ul>\n<li><strong>Usos y aplicaciones :<\/strong><\/li>\n<\/ul>\n<p>Su empleo es para medici\u00f3n del medioambiente.<\/p>\n<ul>\n<li><strong>Dimensi\u00f3n y tama\u00f1o:<\/strong><\/li>\n<\/ul>\n<p>Cuerpo 3.2\u2033 x 0.8\u2033 x 54\u2033.<\/p>\n<ul>\n<li><strong>Serie:<\/strong><\/li>\n<\/ul>\n<p>Serie 1700.<\/p>\n<h4><strong>Especificaciones t\u00e9cnicas<\/strong><\/h4>\n<ul>\n<li>Reloj con alarma.<\/li>\n<li>Sensor remoto inal\u00e1mbrico con alcance de 60 metros (200 pies).<\/li>\n<li>Fases lunares.<\/li>\n<li>Temperatura exterior.<\/li>\n<li>Calendario.<\/li>\n<li>TAYLOR 1733.<\/li>\n<li>Historial de presi\u00f3n barom\u00e9trica.<\/li>\n<li>Temperatura interior.<\/li>\n<li>Pronostico del tiempo.<\/li>\n<li>Selecci\u00f3n de unidad \u00b0F o \u00b0C.<\/li>\n<li>Indicaci\u00f3n de presi\u00f3n barom\u00e9trica.<\/li>\n<\/ul>\n","protected":false},"excerpt":{"rendered":"<p>La estaci\u00f3n meteorol\u00f3gica 1733 de Taylor sustituye a Taylor 1524, es un instrumento de alta presici\u00f3n para necesidades de pron\u00f3stico y tambi\u00e9n indicaci\u00f3n t\u00e9rmica en exteriores.<\/p>\n","protected":false},"featured_media":8659,"template":"","meta":[],"product_cat":[16],"product_tag":[],"class_list":["post-5968","product","type-product","status-publish","has-post-thumbnail","hentry","product_cat-uncategorized"],"_links":{"self":[{"href":"https:\/\/calibracion.com.mx\/tienda\/wp-json\/wp\/v2\/product\/5968","targetHints":{"allow":["GET"]}}],"collection":[{"href":"https:\/\/calibracion.com.mx\/tienda\/wp-json\/wp\/v2\/product"}],"about":[{"href":"https:\/\/calibracion.com.mx\/tienda\/wp-json\/wp\/v2\/types\/product"}],"wp:featuredmedia":[{"embeddable":true,"href":"https:\/\/calibracion.com.mx\/tienda\/wp-json\/wp\/v2\/media\/8659"}],"wp:attachment":[{"href":"https:\/\/calibracion.com.mx\/tienda\/wp-json\/wp\/v2\/media?parent=5968"}],"wp:term":[{"taxonomy":"product_cat","embeddable":true,"href":"https:\/\/calibracion.com.mx\/tienda\/wp-json\/wp\/v2\/product_cat?post=5968"},{"taxonomy":"product_tag","embeddable":true,"href":"https:\/\/calibracion.com.mx\/tienda\/wp-json\/wp\/v2\/product_tag?post=5968"}],"curies":[{"name":"wp","href":"https:\/\/api.w.org\/{rel}","templated":true}]}}