{"id":5979,"date":"2023-12-19T20:40:26","date_gmt":"2023-12-19T20:40:26","guid":{"rendered":"https:\/\/calibracion.com.mx\/tienda\/?post_type=product&#038;p=5979"},"modified":"2023-12-19T20:40:27","modified_gmt":"2023-12-19T20:40:27","slug":"extech-mo290-bp","status":"publish","type":"product","link":"https:\/\/calibracion.com.mx\/tienda\/extech-mo290-bp\/","title":{"rendered":"Extech mo290-bp"},"content":{"rendered":"<p>El MO290 es un medidor 8 en 1 que combina un medidor de humedad con clavija\/sin clavija con un term\u00f3metro infrarrojo incorporado. Las medidas auxiliares tienen dentro : temperatura, humedad, granos por libra, punto de roc\u00edo, presi\u00f3n de vapor y punto de condensaci\u00f3n.<\/p>\n<h3>Funciones<\/h3>\n<ul>\n<li>Profundidad de medici\u00f3n sin clavija hasta 19 mm (0,75\u2033) por debajo de la superficie.<\/li>\n<li>Pantalla doble grande y f\u00e1cil de leer con funci\u00f3n de retroiluminaci\u00f3n autom\u00e1tica.<\/li>\n<li>M\u00edn.\/M\u00e1x. y retenci\u00f3n de datos.<\/li>\n<li>Funciona en m\u00faltiples tipos de madera y otros materiales de construcci\u00f3n.<\/li>\n<li>C\u00e1lculo autom\u00e1tico de Temperatura diferencial (IR \u2013 DP) para determinar el punto de condensaci\u00f3n.<\/li>\n<\/ul>\n","protected":false},"excerpt":{"rendered":"<p>El MO290 es un medidor 8 en 1 que combina un medidor de humedad con clavija\/sin clavija con un term\u00f3metro infrarrojo incorporado. Las medidas auxiliares incluyen : temperatura, humedad, granos por libra, punto de roc\u00edo, presi\u00f3n de vapor y punto de condensaci\u00f3n.<\/p>\n","protected":false},"featured_media":5982,"template":"","meta":[],"product_cat":[16],"product_tag":[],"class_list":["post-5979","product","type-product","status-publish","has-post-thumbnail","hentry","product_cat-uncategorized"],"_links":{"self":[{"href":"https:\/\/calibracion.com.mx\/tienda\/wp-json\/wp\/v2\/product\/5979","targetHints":{"allow":["GET"]}}],"collection":[{"href":"https:\/\/calibracion.com.mx\/tienda\/wp-json\/wp\/v2\/product"}],"about":[{"href":"https:\/\/calibracion.com.mx\/tienda\/wp-json\/wp\/v2\/types\/product"}],"wp:featuredmedia":[{"embeddable":true,"href":"https:\/\/calibracion.com.mx\/tienda\/wp-json\/wp\/v2\/media\/5982"}],"wp:attachment":[{"href":"https:\/\/calibracion.com.mx\/tienda\/wp-json\/wp\/v2\/media?parent=5979"}],"wp:term":[{"taxonomy":"product_cat","embeddable":true,"href":"https:\/\/calibracion.com.mx\/tienda\/wp-json\/wp\/v2\/product_cat?post=5979"},{"taxonomy":"product_tag","embeddable":true,"href":"https:\/\/calibracion.com.mx\/tienda\/wp-json\/wp\/v2\/product_tag?post=5979"}],"curies":[{"name":"wp","href":"https:\/\/api.w.org\/{rel}","templated":true}]}}