{"id":5984,"date":"2023-12-19T20:46:48","date_gmt":"2023-12-19T20:46:48","guid":{"rendered":"https:\/\/calibracion.com.mx\/tienda\/?post_type=product&#038;p=5984"},"modified":"2023-12-19T20:46:49","modified_gmt":"2023-12-19T20:46:49","slug":"luxometro-luz-led-oled-rango-20-lx-a-200000-lx-hioki-ft3424","status":"publish","type":"product","link":"https:\/\/calibracion.com.mx\/tienda\/luxometro-luz-led-oled-rango-20-lx-a-200000-lx-hioki-ft3424\/","title":{"rendered":"Luxometro Luz LED-OLED Rango 20 Lx a 200,000 Lx, Hioki \u2013 FT3424"},"content":{"rendered":"<p>Con la capacidad de valorar aun la iluminaci\u00f3n LED, el FT3424 da cinco rangos de medici\u00f3n, 20 lx a 200,000 lx, para aceptar una larga selecci\u00f3n de niveles de luminancia. Cumple \u00edntegramente con la NOM-025-STPS-2008.<\/p>\n<p><b>Caracter\u00edsticas principales:<\/b><\/p>\n<ul>\n<li>Cumple con DIN 5032-7: 1985 clase B y JIS C 1609-1: 2006.<\/li>\n<li>Clase general AA.<\/li>\n<li>La funci\u00f3n de espera del temporizador le permite realizar mediciones en remoto.<\/li>\n<li>ubicaciones mientras se evitan los efectos de sombras y reflejos.<\/li>\n<li>Ahorre hasta 99 valores de medici\u00f3n en la memoria interna del instrumento y transfi\u00e9ralos a una computadora m\u00e1s tarde para mejorar la eficiencia del trabajo.<\/li>\n<li>Compatible con iluminaci\u00f3n LED.<\/li>\n<\/ul>\n","protected":false},"excerpt":{"rendered":"<p>El FT3424 es un medidor de luz dise\u00f1ado para una extensa selecci\u00f3n de aplicaciones que comprometen equipos de iluminaci\u00f3n, trabajos de iluminaci\u00f3n y administraci\u00f3n de instalaciones.<\/p>\n","protected":false},"featured_media":5987,"template":"","meta":[],"product_cat":[16],"product_tag":[],"class_list":["post-5984","product","type-product","status-publish","has-post-thumbnail","hentry","product_cat-uncategorized"],"_links":{"self":[{"href":"https:\/\/calibracion.com.mx\/tienda\/wp-json\/wp\/v2\/product\/5984","targetHints":{"allow":["GET"]}}],"collection":[{"href":"https:\/\/calibracion.com.mx\/tienda\/wp-json\/wp\/v2\/product"}],"about":[{"href":"https:\/\/calibracion.com.mx\/tienda\/wp-json\/wp\/v2\/types\/product"}],"wp:featuredmedia":[{"embeddable":true,"href":"https:\/\/calibracion.com.mx\/tienda\/wp-json\/wp\/v2\/media\/5987"}],"wp:attachment":[{"href":"https:\/\/calibracion.com.mx\/tienda\/wp-json\/wp\/v2\/media?parent=5984"}],"wp:term":[{"taxonomy":"product_cat","embeddable":true,"href":"https:\/\/calibracion.com.mx\/tienda\/wp-json\/wp\/v2\/product_cat?post=5984"},{"taxonomy":"product_tag","embeddable":true,"href":"https:\/\/calibracion.com.mx\/tienda\/wp-json\/wp\/v2\/product_tag?post=5984"}],"curies":[{"name":"wp","href":"https:\/\/api.w.org\/{rel}","templated":true}]}}