{"id":5994,"date":"2023-12-19T20:59:23","date_gmt":"2023-12-19T20:59:23","guid":{"rendered":"https:\/\/calibracion.com.mx\/tienda\/?post_type=product&#038;p=5994"},"modified":"2023-12-19T20:59:24","modified_gmt":"2023-12-19T20:59:24","slug":"luxometro-de-400000-lux-lx1108","status":"publish","type":"product","link":"https:\/\/calibracion.com.mx\/tienda\/luxometro-de-400000-lux-lx1108\/","title":{"rendered":"Lux\u00f3metro de 400,000 Lux \u2013 LX1108"},"content":{"rendered":"<p>El lux\u00f3metro modelo LT-LX1108 es un aparato que cumple con los requisitos de la regla NOM 025STPS-2008. Su sensor emplea el \u00fanico fotograf\u00eda diodo y filtro para correcci\u00f3n de color, el fantasma cumple con el CIE fot\u00f3pico. Pantalla LCD grande con indicio de barra gr\u00e1fica. Selecci\u00f3n de tipo de luz (Tungsteno, Fluorescente, Sodio y Mercurio). Alta resoluci\u00f3n: 0.01 Lux a 100 Lux, 001 Ft-cd a diez Ft-cd. Diseno s\u00f3lido de incre\u00edble operacionabilidad. Interfase serial. Bot\u00f3n de ajuste a cero. Funci\u00f3n de grabado de las lecturas m\u00ednima y m\u00e1xima, para llamado posterior de exactamente las mismas. Retenci\u00f3n de datos. Rastro de bater\u00eda baja incorporado.<\/p>\n<p>&nbsp;<\/p>\n","protected":false},"excerpt":{"rendered":"<p>Sensor con funci\u00f3n de correcci\u00f3n de aspecto cosenoidal. La sonda separada deja al usuario medir la luz en una perfecta situaci\u00f3n. Panel de control fuerte al agua.<\/p>\n","protected":false},"featured_media":5998,"template":"","meta":[],"product_cat":[16],"product_tag":[],"class_list":["post-5994","product","type-product","status-publish","has-post-thumbnail","hentry","product_cat-uncategorized"],"_links":{"self":[{"href":"https:\/\/calibracion.com.mx\/tienda\/wp-json\/wp\/v2\/product\/5994","targetHints":{"allow":["GET"]}}],"collection":[{"href":"https:\/\/calibracion.com.mx\/tienda\/wp-json\/wp\/v2\/product"}],"about":[{"href":"https:\/\/calibracion.com.mx\/tienda\/wp-json\/wp\/v2\/types\/product"}],"wp:featuredmedia":[{"embeddable":true,"href":"https:\/\/calibracion.com.mx\/tienda\/wp-json\/wp\/v2\/media\/5998"}],"wp:attachment":[{"href":"https:\/\/calibracion.com.mx\/tienda\/wp-json\/wp\/v2\/media?parent=5994"}],"wp:term":[{"taxonomy":"product_cat","embeddable":true,"href":"https:\/\/calibracion.com.mx\/tienda\/wp-json\/wp\/v2\/product_cat?post=5994"},{"taxonomy":"product_tag","embeddable":true,"href":"https:\/\/calibracion.com.mx\/tienda\/wp-json\/wp\/v2\/product_tag?post=5994"}],"curies":[{"name":"wp","href":"https:\/\/api.w.org\/{rel}","templated":true}]}}