{"id":60,"date":"2023-10-24T17:38:21","date_gmt":"2023-10-24T17:38:21","guid":{"rendered":"https:\/\/calibracion.com.mx\/tienda\/?post_type=product&#038;p=60"},"modified":"2023-10-24T17:38:21","modified_gmt":"2023-10-24T17:38:21","slug":"elitech-rc-4hc-datalogger-de-temperatura-y-humedad","status":"publish","type":"product","link":"https:\/\/calibracion.com.mx\/tienda\/elitech-rc-4hc-datalogger-de-temperatura-y-humedad\/","title":{"rendered":"Elitech RC-4HC datalogger de temperatura y humedad"},"content":{"rendered":"<p>FICHA T\u00c9CNICA: Elitech RC-4HC Datalogger de Temperatura y Humedad<\/p>\n<p>Marca: Elitech<br \/>\nModelo: RC-4HC<br \/>\nRango de temperatura: -30\u00b0C a 70\u00b0C (-22\u00b0F a 158\u00b0F)<br \/>\nPrecisi\u00f3n de temperatura: \u00b10.5\u00b0C (\u00b10.9\u00b0F)<br \/>\nRango de humedad: 0% a cien % RH<br \/>\nPrecisi\u00f3n de humedad: \u00b13% RH (20% a 80% RH), \u00b15% RH (0% a 20% RH, 80% a cien % RH)<br \/>\nResoluci\u00f3n: 0.1\u00b0C\/\u00b0F, 0.1% RH<br \/>\nCapacidad de registro: 16000 puntos (8000 puntos de temperatura y 8000 puntos de humedad)<br \/>\nIntervalo de registro: programable de 10 segundos a 24 horas<br \/>\nPantalla: LCD con retroiluminaci\u00f3n<br \/>\nInterfaz : USB<br \/>\nNutrici\u00f3n : Bater\u00eda de litio CR2032 reemplazable<br \/>\nDimensiones: 79mm x 49mm x 20mm<br \/>\nPeso: 40g<br \/>\nAPLICACI\u00d3N: El Elitech RC-4HC es un datalogger de temperatura y humedad que se usa para monitorear y registrar los escenarios de temperatura y humedad en entornos sensibles como laboratorios, almacenes , museos, invernaderos, incubadoras, entre otros. El dispositivo es singularmente \u00fatil en industrias como la alimenticia , farmac\u00e9utica, de biotecnolog\u00eda y de investigaci\u00f3n, donde el control de la temperatura y la humedad es vital para la calidad del producto y la seguridad del proceso. Con su capacidad de registro de hasta 16000 puntos y su intervalo de registro programable, el Elitech RC-4HC permite a los clientes investigar y entender mejor los patrones de temperatura y humedad en un espacio de tiempo preciso , lo que puede contribuir a prosperar la eficacia , la eficacia y la calidad del trabajo. Adem\u00e1s , el Elitech RC-4HC es f\u00e1cil de emplear , con una pantalla LCD con retroiluminaci\u00f3n y una plataforma de trabajo USB para descargar los datos registrados a una PC.<\/p>\n","protected":false},"excerpt":{"rendered":"<p>CARACTER\u00cdSTICAS ELITECH RC-4HC DATALOGGER DE TEMPERATURA Y HUMEDAD<br \/>\nEl Elitech RC-4HC es un datalogger de temperatura y humedad que se usa para monitorear y registrar los niveles de temperatura y humedad en \u00e1mbitos sensibles como laboratorios, almacenes , museos, invernaderos, incubadoras, entre otros. El dispositivo es en especial \u00fatil en industrias como la alimentaria , farmac\u00e9utica, de biotecnolog\u00eda y de investigaci\u00f3n, donde el control de la temperatura y la humedad es vital para la calidad del producto y la seguridad del proceso.<\/p>\n","protected":false},"featured_media":62,"template":"","meta":[],"product_cat":[16],"product_tag":[],"class_list":["post-60","product","type-product","status-publish","has-post-thumbnail","hentry","product_cat-uncategorized"],"_links":{"self":[{"href":"https:\/\/calibracion.com.mx\/tienda\/wp-json\/wp\/v2\/product\/60","targetHints":{"allow":["GET"]}}],"collection":[{"href":"https:\/\/calibracion.com.mx\/tienda\/wp-json\/wp\/v2\/product"}],"about":[{"href":"https:\/\/calibracion.com.mx\/tienda\/wp-json\/wp\/v2\/types\/product"}],"wp:featuredmedia":[{"embeddable":true,"href":"https:\/\/calibracion.com.mx\/tienda\/wp-json\/wp\/v2\/media\/62"}],"wp:attachment":[{"href":"https:\/\/calibracion.com.mx\/tienda\/wp-json\/wp\/v2\/media?parent=60"}],"wp:term":[{"taxonomy":"product_cat","embeddable":true,"href":"https:\/\/calibracion.com.mx\/tienda\/wp-json\/wp\/v2\/product_cat?post=60"},{"taxonomy":"product_tag","embeddable":true,"href":"https:\/\/calibracion.com.mx\/tienda\/wp-json\/wp\/v2\/product_tag?post=60"}],"curies":[{"name":"wp","href":"https:\/\/api.w.org\/{rel}","templated":true}]}}