{"id":6012,"date":"2023-12-20T14:09:54","date_gmt":"2023-12-20T14:09:54","guid":{"rendered":"https:\/\/calibracion.com.mx\/tienda\/?post_type=product&#038;p=6012"},"modified":"2023-12-20T14:09:55","modified_gmt":"2023-12-20T14:09:55","slug":"luxometro-digital-383-a-10000-lux","status":"publish","type":"product","link":"https:\/\/calibracion.com.mx\/tienda\/luxometro-digital-383-a-10000-lux\/","title":{"rendered":"Luxometro Digital 383 a 10,000 Lux"},"content":{"rendered":"<p><b>Caracter\u00edsticas<\/b>:<\/p>\n<p>laminaci\u00f3n de pantalla<\/p>\n<p>\u2013 &gt;= 100000 Lux (Resoluci\u00f3n 100 Lux)<\/p>\n<p>Medici\u00f3n de iluminaci\u00f3n:<\/p>\n<p>* Pantalla LCD<br \/>\n\u2013 &gt;= 10000 Lux (Resoluci\u00f3n 10 Lux)<\/p>\n<p>\u2013 0 ~ 9990 Lux (Resoluci\u00f3n 1 Lux)<br \/>\n* Funci\u00f3n HOLD (Retenci\u00f3n de lectura)<\/p>\n<p>* Tiempo de muestreo: 0.5 segundos<\/p>\n<p>* Selecci\u00f3n de M\u00e1ximo y M\u00ednimo<\/p>\n<p>* Apagado autom\u00e1tico (Luego de 5 minutos de inactividad)<\/p>\n","protected":false},"excerpt":{"rendered":"<p>El 383 es un peque\u00f1o medidor de luz equipado con sensor fotoel\u00e9ctrico el que trata la intensidad de la luz y la traduce en se\u00f1ales el\u00e9ctricas. Es peque\u00f1o, s\u00f3lido y f\u00e1cil de emplear. Herramienta perfecto para chequeo de luces en la vivienda , oficina, academias , laboratorios, centros de salud y otras \u00e1reas.<\/p>\n","protected":false},"featured_media":6013,"template":"","meta":[],"product_cat":[16],"product_tag":[],"class_list":["post-6012","product","type-product","status-publish","has-post-thumbnail","hentry","product_cat-uncategorized"],"_links":{"self":[{"href":"https:\/\/calibracion.com.mx\/tienda\/wp-json\/wp\/v2\/product\/6012","targetHints":{"allow":["GET"]}}],"collection":[{"href":"https:\/\/calibracion.com.mx\/tienda\/wp-json\/wp\/v2\/product"}],"about":[{"href":"https:\/\/calibracion.com.mx\/tienda\/wp-json\/wp\/v2\/types\/product"}],"wp:featuredmedia":[{"embeddable":true,"href":"https:\/\/calibracion.com.mx\/tienda\/wp-json\/wp\/v2\/media\/6013"}],"wp:attachment":[{"href":"https:\/\/calibracion.com.mx\/tienda\/wp-json\/wp\/v2\/media?parent=6012"}],"wp:term":[{"taxonomy":"product_cat","embeddable":true,"href":"https:\/\/calibracion.com.mx\/tienda\/wp-json\/wp\/v2\/product_cat?post=6012"},{"taxonomy":"product_tag","embeddable":true,"href":"https:\/\/calibracion.com.mx\/tienda\/wp-json\/wp\/v2\/product_tag?post=6012"}],"curies":[{"name":"wp","href":"https:\/\/api.w.org\/{rel}","templated":true}]}}