{"id":6015,"date":"2023-12-20T14:20:49","date_gmt":"2023-12-20T14:20:49","guid":{"rendered":"https:\/\/calibracion.com.mx\/tienda\/?post_type=product&#038;p=6015"},"modified":"2023-12-20T14:20:50","modified_gmt":"2023-12-20T14:20:50","slug":"luxometro-led-dt3809","status":"publish","type":"product","link":"https:\/\/calibracion.com.mx\/tienda\/luxometro-led-dt3809\/","title":{"rendered":"Luxometro LED \u2013 DT3809"},"content":{"rendered":"<p>Maneja la intensidad de luz LED con el coseno del \u00e1ngulo de correcci\u00f3n y una funci\u00f3n del probador LED de iluminaci\u00f3n, indicio de bater\u00eda baja, luz rasante, que se refleja correcci\u00f3n de la iluminaci\u00f3n. Luz Blanca LED medible.<\/p>\n<p>&nbsp;<\/p>\n<p><b>Caracter\u00edsticas<\/b>:<\/p>\n<ul>\n<li>Respuesta espectral cercana a la eficiencia espectral luminosa de CIE.<br \/>\n99 almacenamientos de registros.<\/li>\n<li>Coseno angular corregido.<\/li>\n<li>De acuerdo con JISC1609: 1993 y CNS 5119 general.<\/li>\n<li>Medici\u00f3n de intensidades de iluminaci\u00f3n en unidad de Lux o Foot-candle.<\/li>\n<li>Longitud del cable para el sensor ligero: aproximadamente 1.5M.<\/li>\n<li>La fuente de las luces de medici\u00f3n incluye toda la gama visible.<\/li>\n<\/ul>\n<p>&nbsp;<\/p>\n<table>\n<tbody>\n<tr>\n<td>\n<h5>Especificaciones<\/h5>\n<\/td>\n<td>\n<h5><\/h5>\n<\/td>\n<\/tr>\n<tr>\n<td>\n<h5>Selecci\u00f3n de fuente de luz<\/h5>\n<\/td>\n<td>\n<h5>Tungsteno\/Luz diurna, Fluorescente, 0~9 clasificaci\u00f3n seleccionada<\/h5>\n<\/td>\n<\/tr>\n<tr>\n<td>\n<h5>Rango de medici\u00f3n<\/h5>\n<\/td>\n<td>\n<h5>40, 400, 4.000, 40.000, 400.000 lux,<\/h5>\n<h5>40, 400, 4.000, 40.000, pie-candela<\/h5>\n<\/td>\n<\/tr>\n<tr>\n<td>\n<h5>Precisi\u00f3n<\/h5>\n<\/td>\n<td>\n<h5>+\/-3% (Calibrado a l\u00e1mpara incandescente est\u00e1ndar 2856\u00baK y espectro de luz diurna LED corregido) .\u00a0+\/-6% de otra fuente de luz visible.<\/h5>\n<\/td>\n<\/tr>\n<\/tbody>\n<\/table>\n","protected":false},"excerpt":{"rendered":"<p>Es desarrollado para la industria de LED, la industria del medioambiente , con una amplia gama , alta precisi\u00f3n y alta sensibilidad y otras caracter\u00edsticas , para asegurar el efectivo y acertado desempe\u00f1o toda vez que se mide.<\/p>\n","protected":false},"featured_media":6017,"template":"","meta":[],"product_cat":[16],"product_tag":[],"class_list":["post-6015","product","type-product","status-publish","has-post-thumbnail","hentry","product_cat-uncategorized"],"_links":{"self":[{"href":"https:\/\/calibracion.com.mx\/tienda\/wp-json\/wp\/v2\/product\/6015","targetHints":{"allow":["GET"]}}],"collection":[{"href":"https:\/\/calibracion.com.mx\/tienda\/wp-json\/wp\/v2\/product"}],"about":[{"href":"https:\/\/calibracion.com.mx\/tienda\/wp-json\/wp\/v2\/types\/product"}],"wp:featuredmedia":[{"embeddable":true,"href":"https:\/\/calibracion.com.mx\/tienda\/wp-json\/wp\/v2\/media\/6017"}],"wp:attachment":[{"href":"https:\/\/calibracion.com.mx\/tienda\/wp-json\/wp\/v2\/media?parent=6015"}],"wp:term":[{"taxonomy":"product_cat","embeddable":true,"href":"https:\/\/calibracion.com.mx\/tienda\/wp-json\/wp\/v2\/product_cat?post=6015"},{"taxonomy":"product_tag","embeddable":true,"href":"https:\/\/calibracion.com.mx\/tienda\/wp-json\/wp\/v2\/product_tag?post=6015"}],"curies":[{"name":"wp","href":"https:\/\/api.w.org\/{rel}","templated":true}]}}