{"id":6150,"date":"2023-12-20T17:21:09","date_gmt":"2023-12-20T17:21:09","guid":{"rendered":"https:\/\/calibracion.com.mx\/tienda\/?post_type=product&#038;p=6150"},"modified":"2023-12-20T17:21:10","modified_gmt":"2023-12-20T17:21:10","slug":"termohigrometro-data-logger-para-refrigerado-he173","status":"publish","type":"product","link":"https:\/\/calibracion.com.mx\/tienda\/termohigrometro-data-logger-para-refrigerado-he173\/","title":{"rendered":"Termohigr\u00f3metro Data Logger para Refrigerado -HE173"},"content":{"rendered":"<p>El termohigr\u00f3metro tiene un cuerpo tipo l\u00e1piz con una conexi\u00f3n USB dentro en un radical ) y el equipo incluye un programa creado por el creador para lograr trasladar la informaci\u00f3n a una PC que le dejar\u00e1 graficar, almacenar y investigar la informaci\u00f3n recolectada por el aparato. El panel de control tiene protecci\u00f3n contra la penetraci\u00f3n de agua y polvo.<\/p>\n<p>Sin embargo su empleo definido todav\u00eda es una herramienta de registro \u00fatil para validar condiciones ambientales en interiores de edificios , \u00e1reas de trabajo, guardes de medicamentos , laboratorios con \u00e1mbito controlado y mucho m\u00e1s. Tiene una memoria interna para grabar de 43,000 lecturas (50% HR. \/ 50% Temperatura.<\/p>\n<p>El termohigr\u00f3metro HT-HE173 es una soluci\u00f3n compacta a las pretensiones de medici\u00f3n de condiciones ambientales en interiores as\u00ed como almacenamiento fr\u00edo, contenedores de vacunas, para monitorear la conservaci\u00f3n de muestras de sangre, cadenas de transporte para alimentos fr\u00edos, contenedores de transporte y otros.<\/p>\n<p>Combina 2 caracter\u00edsticas muy recomendables ya que tiene un consumo de energ\u00eda baj\u00edsimo adjuntado con una pila de sobresaliente desempe\u00f1o fuerte a las bajas temperaturas. En condiciones normales una pila rinde por al menos 12 meses. El aparato retiene los datos de la memoria cuando se agota la pila. Dimensi\u00f3n: 125mm x 28mm x 22mm<\/p>\n","protected":false},"excerpt":{"rendered":"<div class=\"woocommerce-tabs wc-tabs-wrapper\">\n<div id=\"tab-description\" class=\"woocommerce-Tabs-panel woocommerce-Tabs-panel--description panel entry-content wc-tab\" role=\"tabpanel\" aria-labelledby=\"tab-title-description\">\n<p>Termohigr\u00f3metro Data Logger para Refrigerado -HE173.<\/p>\n<\/div>\n<\/div>\n","protected":false},"featured_media":6159,"template":"","meta":[],"product_cat":[16],"product_tag":[],"class_list":["post-6150","product","type-product","status-publish","has-post-thumbnail","hentry","product_cat-uncategorized"],"_links":{"self":[{"href":"https:\/\/calibracion.com.mx\/tienda\/wp-json\/wp\/v2\/product\/6150","targetHints":{"allow":["GET"]}}],"collection":[{"href":"https:\/\/calibracion.com.mx\/tienda\/wp-json\/wp\/v2\/product"}],"about":[{"href":"https:\/\/calibracion.com.mx\/tienda\/wp-json\/wp\/v2\/types\/product"}],"wp:featuredmedia":[{"embeddable":true,"href":"https:\/\/calibracion.com.mx\/tienda\/wp-json\/wp\/v2\/media\/6159"}],"wp:attachment":[{"href":"https:\/\/calibracion.com.mx\/tienda\/wp-json\/wp\/v2\/media?parent=6150"}],"wp:term":[{"taxonomy":"product_cat","embeddable":true,"href":"https:\/\/calibracion.com.mx\/tienda\/wp-json\/wp\/v2\/product_cat?post=6150"},{"taxonomy":"product_tag","embeddable":true,"href":"https:\/\/calibracion.com.mx\/tienda\/wp-json\/wp\/v2\/product_tag?post=6150"}],"curies":[{"name":"wp","href":"https:\/\/api.w.org\/{rel}","templated":true}]}}