{"id":6225,"date":"2023-12-20T19:37:40","date_gmt":"2023-12-20T19:37:40","guid":{"rendered":"https:\/\/calibracion.com.mx\/tienda\/?post_type=product&#038;p=6225"},"modified":"2023-12-20T19:37:42","modified_gmt":"2023-12-20T19:37:42","slug":"termometro-de-dial-dwyer-a-503-200-a-1000-f","status":"publish","type":"product","link":"https:\/\/calibracion.com.mx\/tienda\/termometro-de-dial-dwyer-a-503-200-a-1000-f\/","title":{"rendered":"Term\u00f3metro de dial dwyer a-503, 200 a 1,000 \u00b0 f"},"content":{"rendered":"<h4 style=\"text-align: center;\"><strong>Dwyer A-503 Ofertas<\/strong><\/h4>\n<p>Mida f\u00e1cilmente la temperatura con este term\u00f3metro de dial Dwyer A-503. El medidor de dial proporciona un rango de 200 a 1,000 \u00b0 F (100 a 540 \u00b0 C), al paso que el psicr\u00f3metro incluido da medici\u00f3n de humedad no el\u00e9ctrica.<\/p>\n<h5><strong>Funciones:<\/strong><\/h5>\n<ul>\n<li>Mide la temperatura de 200 a 1,000 \u00b0 F (100 a 540 \u00b0 C).<\/li>\n<li>La esfera del dial proporciona lecturas sencillos.<\/li>\n<li>Dise\u00f1o port\u00e1til.<\/li>\n<li>El psicr\u00f3metro de mano no el\u00e9ctrico le permite medir de manera f\u00e1cil la humedad.<\/li>\n<li>Verifique de manera f\u00e1cil los cilindros Dwyer con los gr\u00e1ficos de pantallas de la calculadora de velocidad del aire.<\/li>\n<\/ul>\n<h4><strong>Dwyer A-503 Especificaciones:<\/strong><\/h4>\n<table class=\"table table-striped\" style=\"height: 144px;\" width=\"540\">\n<tbody>\n<tr>\n<td>Rango de temperatura<\/td>\n<td>200 a 1,000 \u00b0 F (100 a 540 \u00b0 C)<\/td>\n<\/tr>\n<tr>\n<td>Dise\u00f1o port\u00e1til<\/td>\n<td>S\u00ed<\/td>\n<\/tr>\n<tr>\n<td>Visualizaci\u00f3n de temperatura<\/td>\n<td>Marcar<\/td>\n<\/tr>\n<\/tbody>\n<\/table>\n","protected":false},"excerpt":{"rendered":"<p>Utilice este term\u00f3metro de esfera para medir de forma f\u00e1cil la temperatura en el aire. Se incluye un psicr\u00f3metro de mano para medir la humedad.<\/p>\n","protected":false},"featured_media":6228,"template":"","meta":[],"product_cat":[16],"product_tag":[],"class_list":["post-6225","product","type-product","status-publish","has-post-thumbnail","hentry","product_cat-uncategorized"],"_links":{"self":[{"href":"https:\/\/calibracion.com.mx\/tienda\/wp-json\/wp\/v2\/product\/6225","targetHints":{"allow":["GET"]}}],"collection":[{"href":"https:\/\/calibracion.com.mx\/tienda\/wp-json\/wp\/v2\/product"}],"about":[{"href":"https:\/\/calibracion.com.mx\/tienda\/wp-json\/wp\/v2\/types\/product"}],"wp:featuredmedia":[{"embeddable":true,"href":"https:\/\/calibracion.com.mx\/tienda\/wp-json\/wp\/v2\/media\/6228"}],"wp:attachment":[{"href":"https:\/\/calibracion.com.mx\/tienda\/wp-json\/wp\/v2\/media?parent=6225"}],"wp:term":[{"taxonomy":"product_cat","embeddable":true,"href":"https:\/\/calibracion.com.mx\/tienda\/wp-json\/wp\/v2\/product_cat?post=6225"},{"taxonomy":"product_tag","embeddable":true,"href":"https:\/\/calibracion.com.mx\/tienda\/wp-json\/wp\/v2\/product_tag?post=6225"}],"curies":[{"name":"wp","href":"https:\/\/api.w.org\/{rel}","templated":true}]}}