{"id":6227,"date":"2023-12-20T19:41:57","date_gmt":"2023-12-20T19:41:57","guid":{"rendered":"https:\/\/calibracion.com.mx\/tienda\/?post_type=product&#038;p=6227"},"modified":"2023-12-20T19:44:42","modified_gmt":"2023-12-20T19:44:42","slug":"sdl720-manometro-para-presion-diferencial-y-servicio-pesado-datalogger","status":"publish","type":"product","link":"https:\/\/calibracion.com.mx\/tienda\/sdl720-manometro-para-presion-diferencial-y-servicio-pesado-datalogger\/","title":{"rendered":"Sdl720-man\u00f3metro para presi\u00f3n diferencial y servicio pesado-datalogger"},"content":{"rendered":"<p><strong>Caracter\u00edsticas:<\/strong><\/p>\n<ul>\n<li>El registrador de datos marca la fecha \/ hora y almacena las lecturas en una tarjeta SD en formato Excel para una f\u00e1cil transferencia a una PC.<\/li>\n<li>Registrar \/ recuperar lecturas m\u00e1ximas \/ m\u00ednimas.<\/li>\n<li>10 unidades de medida seleccionables.<\/li>\n<li>Retenci\u00f3n de datos y apagado autom\u00e1tico con desactivaci\u00f3n.<\/li>\n<li>Rango de medici\u00f3n medio: \u00b1 29psi (2000mbar)<\/li>\n<li>Funci\u00f3n cero para correcci\u00f3n o medici\u00f3n de compensaci\u00f3n.<\/li>\n<li>Almacena 99 lecturas manualmente.<\/li>\n<li>Incluye seis bater\u00edas AA, adaptador de CA universal con enchufes (EE. UU., UE, Reino Unido, AUS), tarjeta de memoria SD, dos enchufes de acoplamiento r\u00e1pido y estuche r\u00edgido de transporte.<\/li>\n<li>Gran pantalla LCD con retroiluminaci\u00f3n.<\/li>\n<\/ul>\n<p>&nbsp;<\/p>\n","protected":false},"excerpt":{"rendered":"<div class=\"woocommerce-tabs wc-tabs-wrapper\">\n<div id=\"tab-description\" class=\"woocommerce-Tabs-panel woocommerce-Tabs-panel--description panel entry-content wc-tab\" role=\"tabpanel\" aria-labelledby=\"tab-title-description\">\n<p>\u00a0Sdl720-man\u00f3metro para presi\u00f3n diferencial y servicio pesado-datalogger<\/p>\n<\/div>\n<\/div>\n","protected":false},"featured_media":6232,"template":"","meta":[],"product_cat":[16],"product_tag":[],"class_list":["post-6227","product","type-product","status-publish","has-post-thumbnail","hentry","product_cat-uncategorized"],"_links":{"self":[{"href":"https:\/\/calibracion.com.mx\/tienda\/wp-json\/wp\/v2\/product\/6227","targetHints":{"allow":["GET"]}}],"collection":[{"href":"https:\/\/calibracion.com.mx\/tienda\/wp-json\/wp\/v2\/product"}],"about":[{"href":"https:\/\/calibracion.com.mx\/tienda\/wp-json\/wp\/v2\/types\/product"}],"wp:featuredmedia":[{"embeddable":true,"href":"https:\/\/calibracion.com.mx\/tienda\/wp-json\/wp\/v2\/media\/6232"}],"wp:attachment":[{"href":"https:\/\/calibracion.com.mx\/tienda\/wp-json\/wp\/v2\/media?parent=6227"}],"wp:term":[{"taxonomy":"product_cat","embeddable":true,"href":"https:\/\/calibracion.com.mx\/tienda\/wp-json\/wp\/v2\/product_cat?post=6227"},{"taxonomy":"product_tag","embeddable":true,"href":"https:\/\/calibracion.com.mx\/tienda\/wp-json\/wp\/v2\/product_tag?post=6227"}],"curies":[{"name":"wp","href":"https:\/\/api.w.org\/{rel}","templated":true}]}}