{"id":6244,"date":"2023-12-21T14:23:29","date_gmt":"2023-12-21T14:23:29","guid":{"rendered":"https:\/\/calibracion.com.mx\/tienda\/?post_type=product&#038;p=6244"},"modified":"2023-12-21T14:23:30","modified_gmt":"2023-12-21T14:23:30","slug":"sdl710-manometro-de-presion-diferencial-datalogger","status":"publish","type":"product","link":"https:\/\/calibracion.com.mx\/tienda\/sdl710-manometro-de-presion-diferencial-datalogger\/","title":{"rendered":"Sdl710-man\u00f3metro de presi\u00f3n diferencial-datalogger"},"content":{"rendered":"<p class=\"short-description mhide ipad-view-setting\"><strong>Caracter\u00edsticas:<\/strong><\/p>\n<div class=\"row-fluid\">\n<div class=\"span12 mobile-pricing-box-padding\">\n<form id=\"61029\" accept-charset=\"utf-8\" action=\"https:\/\/www.globaltestsupply.com\/shop\/add\" method=\"post\" name=\"addTocartFunction\">\n<ul>\n<li>Incluye seis bater\u00edas AA, adaptador de CA universal con enchufes (EE. UU., UE, Reino Unido, AUS), tarjeta de memoria SD, dos enchufes de acoplamiento r\u00e1pido y estuche r\u00edgido de transporte.<\/li>\n<li>Rango de medici\u00f3n bajo: \u00b12,9 psi (200 mbar).<\/li>\n<li>Registrar \/ recuperar lecturas m\u00e1ximas \/ m\u00ednimas.<\/li>\n<li>Funci\u00f3n cero para correcci\u00f3n o medici\u00f3n de compensaci\u00f3n.<\/li>\n<li>Almacena 99 lecturas manualmente.<\/li>\n<li>10 unidades de medida seleccionables.<\/li>\n<li>El registrador de datos marca la fecha \/ hora y almacena las lecturas en una tarjeta SD en formato Excel para una f\u00e1cil transferencia a una PC.<\/li>\n<li>Gran pantalla LCD con retroiluminaci\u00f3n.<\/li>\n<li>Retenci\u00f3n de datos y apagado autom\u00e1tico con desactivaci\u00f3n.<\/li>\n<\/ul>\n<\/form>\n<\/div>\n<\/div>\n","protected":false},"excerpt":{"rendered":"<p>Sdl710-man\u00f3metro de presi\u00f3n diferencial-datalogger<\/p>\n","protected":false},"featured_media":6245,"template":"","meta":[],"product_cat":[16],"product_tag":[],"class_list":["post-6244","product","type-product","status-publish","has-post-thumbnail","hentry","product_cat-uncategorized"],"_links":{"self":[{"href":"https:\/\/calibracion.com.mx\/tienda\/wp-json\/wp\/v2\/product\/6244","targetHints":{"allow":["GET"]}}],"collection":[{"href":"https:\/\/calibracion.com.mx\/tienda\/wp-json\/wp\/v2\/product"}],"about":[{"href":"https:\/\/calibracion.com.mx\/tienda\/wp-json\/wp\/v2\/types\/product"}],"wp:featuredmedia":[{"embeddable":true,"href":"https:\/\/calibracion.com.mx\/tienda\/wp-json\/wp\/v2\/media\/6245"}],"wp:attachment":[{"href":"https:\/\/calibracion.com.mx\/tienda\/wp-json\/wp\/v2\/media?parent=6244"}],"wp:term":[{"taxonomy":"product_cat","embeddable":true,"href":"https:\/\/calibracion.com.mx\/tienda\/wp-json\/wp\/v2\/product_cat?post=6244"},{"taxonomy":"product_tag","embeddable":true,"href":"https:\/\/calibracion.com.mx\/tienda\/wp-json\/wp\/v2\/product_tag?post=6244"}],"curies":[{"name":"wp","href":"https:\/\/api.w.org\/{rel}","templated":true}]}}