{"id":6318,"date":"2023-12-21T17:55:54","date_gmt":"2023-12-21T17:55:54","guid":{"rendered":"https:\/\/calibracion.com.mx\/tienda\/?post_type=product&#038;p=6318"},"modified":"2023-12-21T17:55:55","modified_gmt":"2023-12-21T17:55:55","slug":"termohigrometro-extech-instruments-445815","status":"publish","type":"product","link":"https:\/\/calibracion.com.mx\/tienda\/termohigrometro-extech-instruments-445815\/","title":{"rendered":"TERMOHIGROMETRO EXTECH INSTRUMENTS 445815"},"content":{"rendered":"<p>La alarma de porcentaje de HR sonora y visual<br \/>\nalerta en el momento en que la humedad es m\u00e1s alta o baja<br \/>\nque los puntos de ajuste alto \/bajo y m\u00e1x\/m\u00edn. con<br \/>\nfunci\u00f3n de restablecimiento.<\/p>\n<p>Exhibe de forma simult\u00e1nea la temperatura (de \u2013<br \/>\ndiez a 60 \u00b0C\/de 14 a 140 \u00b0F) y la humedad relativa (de<br \/>\ndiez a 99 % de HR).<br \/>\nM\u00e1x. resoluci\u00f3n: 01\u00b0, 1 %; precisi\u00f3n b\u00e1sica: \u00b11<br \/>\n\u00b0C\/1,8 \u00b0F y \u00b14 % de HR.<\/p>\n<p>Exhibe la temperatura de punto de<br \/>\ncondensaci\u00f3n.<\/p>\n<p>Control trasero de ajuste de calibraci\u00f3n para<br \/>\nhumedad y temperatura.<\/p>\n<p>Informa en el momento en que hay condiciones de desarrollo de<br \/>\nmoho (perjudicial para la salud) o el aire<br \/>\nes bastante seco (electricidad est\u00e1tica).<\/p>\n<p>Dimensiones: 109 \u00d7 99 \u00d7 20 mm (4,3 \u00d7 3,9 \u00d7 0,78\u2033)<br \/>\nPeso: 169 g (6 oz).<\/p>\n<p>Incluye pie que viene dentro , abrazadera para montaje en<br \/>\npared, sensor y una pila AAA; 2 a\u00f1os de garant\u00eda;<br \/>\nbotellas de sal de medici\u00f3n opcionales (RH300-<br \/>\nCAL).<\/p>\n<p>El modelo 445815 incluye sonda remota con cable de 457 mm (18\u00bb), que se sujeta en el del costado del medidor, y<br \/>\nofrece certificado de calibraci\u00f3n rastreable de conformidad con NIST.<\/p>\n","protected":false},"excerpt":{"rendered":"<p>CARACTERISTICAS TERMOHIGROMETRO EXTECH INSTRUMENTS 445815,<br \/>\nHidro-Term\u00f3metro Humidity Alert II de Extech,<br \/>\nSensor rec\u00f3ndito con montaje en el medidor o extendido para medidas en conductos o sitios apartados.<\/p>\n","protected":false},"featured_media":6333,"template":"","meta":[],"product_cat":[16],"product_tag":[],"class_list":["post-6318","product","type-product","status-publish","has-post-thumbnail","hentry","product_cat-uncategorized"],"_links":{"self":[{"href":"https:\/\/calibracion.com.mx\/tienda\/wp-json\/wp\/v2\/product\/6318","targetHints":{"allow":["GET"]}}],"collection":[{"href":"https:\/\/calibracion.com.mx\/tienda\/wp-json\/wp\/v2\/product"}],"about":[{"href":"https:\/\/calibracion.com.mx\/tienda\/wp-json\/wp\/v2\/types\/product"}],"wp:featuredmedia":[{"embeddable":true,"href":"https:\/\/calibracion.com.mx\/tienda\/wp-json\/wp\/v2\/media\/6333"}],"wp:attachment":[{"href":"https:\/\/calibracion.com.mx\/tienda\/wp-json\/wp\/v2\/media?parent=6318"}],"wp:term":[{"taxonomy":"product_cat","embeddable":true,"href":"https:\/\/calibracion.com.mx\/tienda\/wp-json\/wp\/v2\/product_cat?post=6318"},{"taxonomy":"product_tag","embeddable":true,"href":"https:\/\/calibracion.com.mx\/tienda\/wp-json\/wp\/v2\/product_tag?post=6318"}],"curies":[{"name":"wp","href":"https:\/\/api.w.org\/{rel}","templated":true}]}}