{"id":6351,"date":"2023-12-21T19:30:01","date_gmt":"2023-12-21T19:30:01","guid":{"rendered":"https:\/\/calibracion.com.mx\/tienda\/?post_type=product&#038;p=6351"},"modified":"2023-12-21T19:30:02","modified_gmt":"2023-12-21T19:30:02","slug":"termohigrometro-extech-instruments-445702","status":"publish","type":"product","link":"https:\/\/calibracion.com.mx\/tienda\/termohigrometro-extech-instruments-445702\/","title":{"rendered":"TERMOHIGROMETRO EXTECH INSTRUMENTS 445702"},"content":{"rendered":"<h3>Caracter\u00edsticas<\/h3>\n<ul>\n<li>Humedad: desde 10 hasta 85%.<\/li>\n<li>Lecturas m\u00edn.\/m\u00e1x. con bot\u00f3n de reinicio.<\/li>\n<li>Dise\u00f1o atractivo para montaje en pared o escritorio.<\/li>\n<li>Aprobado por CE.<\/li>\n<li>Pantalla para mostrar temperatura seleccionable entre \u00b0C o \u00b0F.<\/li>\n<li>Temperatura: De 14 a 140 \u00b0F \u00f3 -10 a 60 \u00b0C.<\/li>\n<li>El reloj muestra la hora en formato 12\/24 con funci\u00f3n de alarma.<\/li>\n<li>La dimensi\u00f3n es de 4.3 pulgadas x 2.8 pulgadas x 0.8 pulgadas (109mm x 71mm x 20mm) y el peso es 113g.<\/li>\n<li>Precisi\u00f3n: \u00b16% de RH; \u00b11.8 \u00b0F, \u00b11 \u00b0C.<\/li>\n<li>El icono de la bater\u00eda aparece en la pantalla LCD inferior cuando se debe reemplazar la bater\u00eda.<\/li>\n<li>Memoria para valor m\u00e1x.\/m\u00edn. con reinicio para temperatura y humedad.<\/li>\n<\/ul>\n<p>Otra caracter\u00edstica destacable del Extech Instruments 445702 es su capacidad de medici\u00f3n en el campo, lo que deja al usuario cambiar y verificar la precisi\u00f3n del instrumento sin necesidad de enviarlo a un laboratorio de calibraci\u00f3n. Esto ahorra tiempo y dinero, y garantiza la exactitud de las mediciones en todo momento.<\/p>\n<p>El termohigr\u00f3metro Extech Instruments 445702 pertence a los instrumentos de medici\u00f3n de temperatura y humedad m\u00e1s fiables del mercado. Este equipo es una herramienta esencial para expertos en \u00e1reas como la agricultura, la construcci\u00f3n, la industria alimentaria , la climatizaci\u00f3n y la refrigeraci\u00f3n, puesto que deja medir de manera precisa y r\u00e1pida las propiedades del ambiente en diferentes \u00e1mbitos.<\/p>\n<p>El Extech Instruments 445702 tiene un display grande y simple de leer que muestra simult\u00e1neamente la temperatura y la humedad relativa, y tiene un rango de medici\u00f3n de temperatura de -20 a 60 grados Celsius (-4 a 140 grados Fahrenheit) y un rango de medici\u00f3n de humedad relativa del 0 al 100 %. Adem\u00e1s , su funci\u00f3n de memoria m\u00e1xima y m\u00ednima le permite al usuario comprobar los valores m\u00e1ximos y m\u00ednimos de temperatura y humedad registrados durante un per\u00edodo de tiempo determinado.<\/p>\n<p>El Extech Instruments 445702 tambi\u00e9n cuenta con una amplia gama de complementos opcionales que lo hacen a\u00fan m\u00e1s vers\u00e1til y pr\u00e1ctico. Estos incluyen un tr\u00edpode, una sonda de temperatura de tipo K, una sonda de temperatura y humedad externa, y un programa de registro de datos que permite al usuario transferir y analizar los datos de medici\u00f3n en una computadora.<\/p>\n<p>Para resumir , el termohigr\u00f3metro Extech Instruments 445702 es una herramienta fundamental para cualquier profesional que necesite medir con precisi\u00f3n la temperatura y la humedad en distintas entornos. Su dise\u00f1o compacto , pantalla grande y f\u00e1cil de leer, y aptitud de calibraci\u00f3n en el campo lo hacen una opci\u00f3n confiable y pr\u00e1ctica para cualquier situaci\u00f3n de medici\u00f3n de temperatura y humedad.<\/p>\n<p>El dise\u00f1o s\u00f3lido y ergon\u00f3mico del termohigr\u00f3metro Extech Instruments 445702 lo realiza simple de transportar y conducir en el campo o en el laboratorio. Tambi\u00e9n cuenta con una carcasa de pl\u00e1stico fuerte y durable que lo resguarda de golpes y ca\u00eddas casuales. Adem\u00e1s de esto , su sonda de temperatura y humedad de respuesta r\u00e1pida garantiza mediciones exactas y confiables en todo instante.<\/p>\n","protected":false},"excerpt":{"rendered":"<p>Termohigrometro Mezclado , 3 pantallas para hora, temperatura y humedad.<\/p>\n<p>El reloj muestra la hora en formato 12\/24 con funci\u00f3n de alarma,<br \/>\nLecturas m\u00edn\/m\u00e1x. con bot\u00f3n de reinicio.<\/p>\n","protected":false},"featured_media":6357,"template":"","meta":[],"product_cat":[16],"product_tag":[],"class_list":["post-6351","product","type-product","status-publish","has-post-thumbnail","hentry","product_cat-uncategorized"],"_links":{"self":[{"href":"https:\/\/calibracion.com.mx\/tienda\/wp-json\/wp\/v2\/product\/6351","targetHints":{"allow":["GET"]}}],"collection":[{"href":"https:\/\/calibracion.com.mx\/tienda\/wp-json\/wp\/v2\/product"}],"about":[{"href":"https:\/\/calibracion.com.mx\/tienda\/wp-json\/wp\/v2\/types\/product"}],"wp:featuredmedia":[{"embeddable":true,"href":"https:\/\/calibracion.com.mx\/tienda\/wp-json\/wp\/v2\/media\/6357"}],"wp:attachment":[{"href":"https:\/\/calibracion.com.mx\/tienda\/wp-json\/wp\/v2\/media?parent=6351"}],"wp:term":[{"taxonomy":"product_cat","embeddable":true,"href":"https:\/\/calibracion.com.mx\/tienda\/wp-json\/wp\/v2\/product_cat?post=6351"},{"taxonomy":"product_tag","embeddable":true,"href":"https:\/\/calibracion.com.mx\/tienda\/wp-json\/wp\/v2\/product_tag?post=6351"}],"curies":[{"name":"wp","href":"https:\/\/api.w.org\/{rel}","templated":true}]}}