{"id":6360,"date":"2023-12-21T19:41:11","date_gmt":"2023-12-21T19:41:11","guid":{"rendered":"https:\/\/calibracion.com.mx\/tienda\/?post_type=product&#038;p=6360"},"modified":"2023-12-21T19:41:11","modified_gmt":"2023-12-21T19:41:11","slug":"rht35-registrador-datalogger-temp-humedad-presion-atmosferica-usb","status":"publish","type":"product","link":"https:\/\/calibracion.com.mx\/tienda\/rht35-registrador-datalogger-temp-humedad-presion-atmosferica-usb\/","title":{"rendered":"Rht35-registrador (datalogger) temp, humedad, presion atmosferica usb"},"content":{"rendered":"<p><strong>Caracter\u00edsticas:<\/strong><\/p>\n<ul>\n<li>El bot\u00f3n de inicio comienza el registro de datos continuo, que contin\u00faa hasta que la memoria est\u00e1 llena a 48.000 lecturas (16 K para cada par\u00e1metro), o cuando se presiona el bot\u00f3n de alto.<\/li>\n<li>Se pueden marcar 8 ubicaciones en un registro de datos al presionar el bot\u00f3n Mark (Marcar).<\/li>\n<li>Carcasa de tama\u00f1o compacto con termistor NTC incorporado, sensor de humedad capacitivo y sensor MEMS de presi\u00f3n barom\u00e9trica dise\u00f1ado con conector USB est\u00e1ndar para una f\u00e1cil descarga de datos a una PC.<\/li>\n<li>Max\/Min funci\u00f3n.<\/li>\n<li>Genera reportes PDF y\/o en Excel hoja de c\u00e1lculo con datos y gr\u00e1fico de tendencias cuando se conecta a una PC despu\u00e9s de completar el registro de datos (se requiere Adobe Reader).<\/li>\n<li>Vida \u00fatil de la bater\u00eda (aproximadamente 3 meses).<\/li>\n<li>Incluye 2 CR2032 bater\u00edas.<\/li>\n<li>5-digitos LCD display con indicador de bater\u00eda.<\/li>\n<li>Ajustes programables por el usuario: 6, frecuencia de muestreo, tiempo de retardo de inicio, tiempo de retardo de alarma, rango de alarma alto \/ bajo y funci\u00f3n de seguridad.<\/li>\n<li>Indicaci\u00f3n de estado mediante LED rojos y LED verdes.<\/li>\n<\/ul>\n","protected":false},"excerpt":{"rendered":"<div class=\"woocommerce-tabs wc-tabs-wrapper\">\n<div id=\"tab-description\" class=\"woocommerce-Tabs-panel woocommerce-Tabs-panel--description panel entry-content wc-tab\" role=\"tabpanel\" aria-labelledby=\"tab-title-description\">\n<p>Rht35-registrador (datalogger) temp, humedad, presion atmosferica usb<\/p>\n<\/div>\n<\/div>\n","protected":false},"featured_media":6364,"template":"","meta":[],"product_cat":[16],"product_tag":[],"class_list":["post-6360","product","type-product","status-publish","has-post-thumbnail","hentry","product_cat-uncategorized"],"_links":{"self":[{"href":"https:\/\/calibracion.com.mx\/tienda\/wp-json\/wp\/v2\/product\/6360","targetHints":{"allow":["GET"]}}],"collection":[{"href":"https:\/\/calibracion.com.mx\/tienda\/wp-json\/wp\/v2\/product"}],"about":[{"href":"https:\/\/calibracion.com.mx\/tienda\/wp-json\/wp\/v2\/types\/product"}],"wp:featuredmedia":[{"embeddable":true,"href":"https:\/\/calibracion.com.mx\/tienda\/wp-json\/wp\/v2\/media\/6364"}],"wp:attachment":[{"href":"https:\/\/calibracion.com.mx\/tienda\/wp-json\/wp\/v2\/media?parent=6360"}],"wp:term":[{"taxonomy":"product_cat","embeddable":true,"href":"https:\/\/calibracion.com.mx\/tienda\/wp-json\/wp\/v2\/product_cat?post=6360"},{"taxonomy":"product_tag","embeddable":true,"href":"https:\/\/calibracion.com.mx\/tienda\/wp-json\/wp\/v2\/product_tag?post=6360"}],"curies":[{"name":"wp","href":"https:\/\/api.w.org\/{rel}","templated":true}]}}