{"id":6387,"date":"2023-12-21T20:14:55","date_gmt":"2023-12-21T20:14:55","guid":{"rendered":"https:\/\/calibracion.com.mx\/tienda\/?post_type=product&#038;p=6387"},"modified":"2023-12-21T20:14:55","modified_gmt":"2023-12-21T20:14:55","slug":"termohigrometro-industrial-ubibot-gs1-ethernet-wifi-24-ghz-ubi-gs1aeth1rs","status":"publish","type":"product","link":"https:\/\/calibracion.com.mx\/tienda\/termohigrometro-industrial-ubibot-gs1-ethernet-wifi-24-ghz-ubi-gs1aeth1rs\/","title":{"rendered":"Termohigr\u00f3metro Industrial Ubibot GS1 Ethernet Wifi 2,4 GHz Ubi \u2013 GS1AETH1RS"},"content":{"rendered":"<p>Termohigr\u00f3metro Industrial Ubibot GS1 Ethernet Wifi 2,4 GHz Ubi \u2013 GS1AETH1RS.<\/p>\n<p>Este dispositivo da m\u00faltiples m\u00e9todos de transmisi\u00f3n de datos, incluidos WiFi, GPRS\/ tercera generaci\u00f3n o tercera generaci\u00f3n o 3G \/4G y cable ethernet. Descubre datos ambientales durante todo el d\u00eda y sincroniza de forma autom\u00e1tica todos y cada uno de los datos con la interfaz UbiBot loT. La pantalla clara de 4 \u201dle deja ver instant\u00e1neamente los datos m\u00e1s recientes. Tambi\u00e9n puede ingresar a las lecturas de su dispositivo en el mismo instante mediante nuestra app o utilizando un navegador en cualquier sitio de este mundo.<\/p>\n<p>La interfaz RS485 incorporada garantiza la utilizaci\u00f3n de m\u00faltiples sondas externas , como la sonda de temperatura y humedad del suelo, la sonda de agilidad del viento, la sonda de valor de ph, etc\u00e9tera.<\/p>\n<p>Ingreso en l\u00ednea \/ sin conexi\u00f3n<\/p>\n<p>El GS1 monitorea de forma continua las condiciones ambientales y sincroniza los datos con la interfaz ubibot loT. Al sugerir 4 maneras de transmisi\u00f3n de datos, puede garantizar que distintas clientes accedan a los datos on line usando nuestra app o el sitio.<\/p>\n<p>Si no hay una red libre, el GS1 prosigue chequeando el ambiente y guarda los datos en su colosal memoria interna. A continuaci\u00f3n , puede acompasar los datos de forma generalizada mediante USB o moviendo temporalmente el dispositivo a una localizaci\u00f3n con WiFi.<\/p>\n<p>&nbsp;<\/p>\n","protected":false},"excerpt":{"rendered":"<p>El Ubi-Bot GS1 usa las tecnolog\u00edas loT de vanguardia para ofrecer un chequeo ambiental considerablemente m\u00e1s permanente con un sobresaliente desempe\u00f1o.<\/p>\n<p>Est\u00e1 especialmente dise\u00f1ado para empleo industrial con clasificaci\u00f3n de impermeabilidad IP65.<\/p>\n","protected":false},"featured_media":6390,"template":"","meta":[],"product_cat":[16],"product_tag":[],"class_list":["post-6387","product","type-product","status-publish","has-post-thumbnail","hentry","product_cat-uncategorized"],"_links":{"self":[{"href":"https:\/\/calibracion.com.mx\/tienda\/wp-json\/wp\/v2\/product\/6387","targetHints":{"allow":["GET"]}}],"collection":[{"href":"https:\/\/calibracion.com.mx\/tienda\/wp-json\/wp\/v2\/product"}],"about":[{"href":"https:\/\/calibracion.com.mx\/tienda\/wp-json\/wp\/v2\/types\/product"}],"wp:featuredmedia":[{"embeddable":true,"href":"https:\/\/calibracion.com.mx\/tienda\/wp-json\/wp\/v2\/media\/6390"}],"wp:attachment":[{"href":"https:\/\/calibracion.com.mx\/tienda\/wp-json\/wp\/v2\/media?parent=6387"}],"wp:term":[{"taxonomy":"product_cat","embeddable":true,"href":"https:\/\/calibracion.com.mx\/tienda\/wp-json\/wp\/v2\/product_cat?post=6387"},{"taxonomy":"product_tag","embeddable":true,"href":"https:\/\/calibracion.com.mx\/tienda\/wp-json\/wp\/v2\/product_tag?post=6387"}],"curies":[{"name":"wp","href":"https:\/\/api.w.org\/{rel}","templated":true}]}}