{"id":6412,"date":"2023-12-21T21:10:33","date_gmt":"2023-12-21T21:10:33","guid":{"rendered":"https:\/\/calibracion.com.mx\/tienda\/?post_type=product&#038;p=6412"},"modified":"2023-12-21T21:10:34","modified_gmt":"2023-12-21T21:10:34","slug":"rht30-registrador-datalogger-temp-y-humedadusb","status":"publish","type":"product","link":"https:\/\/calibracion.com.mx\/tienda\/rht30-registrador-datalogger-temp-y-humedadusb\/","title":{"rendered":"Rht30-registrador (datalogger) temp. y humedadusb"},"content":{"rendered":"<p>&nbsp;<\/p>\n<p><strong>Caracter\u00edsticas:<\/strong><\/p>\n<ul>\n<li>Configuraciones programables por el usuario: 6 idiomas, frecuencia de muestreo, tiempo de retardo de inicio tiempo de retardo de alarma, rango de alarma alto \/ bajo y funci\u00f3n de seguridad.<\/li>\n<li>Indicaci\u00f3n de estado mediante LED rojo y verde<\/li>\n<li>El bot\u00f3n de inicio comienza el registro de datos continuo, que contin\u00faa hasta que la memoria se llena con 48,000 lecturas (24,000 para cada par\u00e1metro: humedad \/ temperatura), o cuando se presiona el bot\u00f3n de parada.<\/li>\n<li>Genera un informe en PDF o una hoja de c\u00e1lculo de Excel con datos y un gr\u00e1fico de tendencias cuando se conecta a una PC despu\u00e9s de completar el registro de datos (se requiere<\/li>\n<li>Adobe Reader).<\/li>\n<li>Pantalla LCD de 5 d\u00edgitos con indicador de duraci\u00f3n de la bater\u00eda.<\/li>\n<li>Marque 8 ubicaciones en un registro de grabaci\u00f3n de datos con solo presionar el bot\u00f3n Marcar.<\/li>\n<li>Bater\u00eda de larga duraci\u00f3n (aproximadamente 3 meses).<\/li>\n<li>Funci\u00f3n Max \/ Min.<\/li>\n<li>Incluye 2 bater\u00edas CR2032, cubierta USB (se puede usar como soporte), tornillo de montaje en pared y colgador incorporado.<\/li>\n<li>Carcasa de tama\u00f1o compacto con termistor NTC incorporado y sensor de humedad capacitivo dise\u00f1ado con conector USB est\u00e1ndar para una f\u00e1cil descarga de datos a una PC.<\/li>\n<\/ul>\n","protected":false},"excerpt":{"rendered":"<div class=\"woocommerce-tabs wc-tabs-wrapper\">\n<div id=\"tab-description\" class=\"woocommerce-Tabs-panel woocommerce-Tabs-panel--description panel entry-content wc-tab\" role=\"tabpanel\" aria-labelledby=\"tab-title-description\">\n<p>Rht30-registrador (datalogger) temp. y humedadusb<\/p>\n<\/div>\n<\/div>\n","protected":false},"featured_media":6415,"template":"","meta":[],"product_cat":[16],"product_tag":[],"class_list":["post-6412","product","type-product","status-publish","has-post-thumbnail","hentry","product_cat-uncategorized"],"_links":{"self":[{"href":"https:\/\/calibracion.com.mx\/tienda\/wp-json\/wp\/v2\/product\/6412","targetHints":{"allow":["GET"]}}],"collection":[{"href":"https:\/\/calibracion.com.mx\/tienda\/wp-json\/wp\/v2\/product"}],"about":[{"href":"https:\/\/calibracion.com.mx\/tienda\/wp-json\/wp\/v2\/types\/product"}],"wp:featuredmedia":[{"embeddable":true,"href":"https:\/\/calibracion.com.mx\/tienda\/wp-json\/wp\/v2\/media\/6415"}],"wp:attachment":[{"href":"https:\/\/calibracion.com.mx\/tienda\/wp-json\/wp\/v2\/media?parent=6412"}],"wp:term":[{"taxonomy":"product_cat","embeddable":true,"href":"https:\/\/calibracion.com.mx\/tienda\/wp-json\/wp\/v2\/product_cat?post=6412"},{"taxonomy":"product_tag","embeddable":true,"href":"https:\/\/calibracion.com.mx\/tienda\/wp-json\/wp\/v2\/product_tag?post=6412"}],"curies":[{"name":"wp","href":"https:\/\/api.w.org\/{rel}","templated":true}]}}