{"id":6420,"date":"2023-12-22T14:59:40","date_gmt":"2023-12-22T14:59:40","guid":{"rendered":"https:\/\/calibracion.com.mx\/tienda\/?post_type=product&#038;p=6420"},"modified":"2023-12-22T15:02:39","modified_gmt":"2023-12-22T15:02:39","slug":"sonometro-digital-portatil-integrador-tes-1353h","status":"publish","type":"product","link":"https:\/\/calibracion.com.mx\/tienda\/sonometro-digital-portatil-integrador-tes-1353h\/","title":{"rendered":"Son\u00f3metro Digital Port\u00e1til Integrador, TES \u2013 1353H"},"content":{"rendered":"<div class=\"woocommerce-tabs wc-tabs-wrapper\">\n<div id=\"tab-description\" class=\"woocommerce-Tabs-panel woocommerce-Tabs-panel--description panel entry-content wc-tab\" role=\"tabpanel\" aria-labelledby=\"tab-title-description\">\n<p>&nbsp;<\/p>\n<p><strong>Son\u00f3metro Digital Port\u00e1til Integrador, TES \u2013 1353H.<\/strong><\/p>\n<\/div>\n<\/div>\n","protected":false},"excerpt":{"rendered":"<p><b>Caracter\u00edsticas:\u00a0 \u00a0 \u00a0<\/b><\/p>\n<ul>\n<li>Amplia linearidad rango de 100dB.<\/li>\n<li>Funcion de 32,000 Registros de datos de acceso.<\/li>\n<li>Interface USB.<\/li>\n<li>Reloj\/calendario en tiempo real.<\/li>\n<li>Indica: SPL (Nivel de Presi\u00f3n Ac\u00fastica), Leq (Nivel de presi\u00f3n ac\u00fastico cont\u00ednuo equivalente), SEL , MaxL (Nivel de presi\u00f3n ac\u00fastico m\u00e1xima), MinL (Nivel de presi\u00f3n ac\u00fastico m\u00ednimo).<\/li>\n<\/ul>\n","protected":false},"featured_media":6421,"template":"","meta":[],"product_cat":[16],"product_tag":[],"class_list":["post-6420","product","type-product","status-publish","has-post-thumbnail","hentry","product_cat-uncategorized"],"_links":{"self":[{"href":"https:\/\/calibracion.com.mx\/tienda\/wp-json\/wp\/v2\/product\/6420","targetHints":{"allow":["GET"]}}],"collection":[{"href":"https:\/\/calibracion.com.mx\/tienda\/wp-json\/wp\/v2\/product"}],"about":[{"href":"https:\/\/calibracion.com.mx\/tienda\/wp-json\/wp\/v2\/types\/product"}],"wp:featuredmedia":[{"embeddable":true,"href":"https:\/\/calibracion.com.mx\/tienda\/wp-json\/wp\/v2\/media\/6421"}],"wp:attachment":[{"href":"https:\/\/calibracion.com.mx\/tienda\/wp-json\/wp\/v2\/media?parent=6420"}],"wp:term":[{"taxonomy":"product_cat","embeddable":true,"href":"https:\/\/calibracion.com.mx\/tienda\/wp-json\/wp\/v2\/product_cat?post=6420"},{"taxonomy":"product_tag","embeddable":true,"href":"https:\/\/calibracion.com.mx\/tienda\/wp-json\/wp\/v2\/product_tag?post=6420"}],"curies":[{"name":"wp","href":"https:\/\/api.w.org\/{rel}","templated":true}]}}