{"id":6443,"date":"2023-12-22T15:33:36","date_gmt":"2023-12-22T15:33:36","guid":{"rendered":"https:\/\/calibracion.com.mx\/tienda\/?post_type=product&#038;p=6443"},"modified":"2023-12-22T15:33:37","modified_gmt":"2023-12-22T15:33:37","slug":"sonometro-digital-basico-dt805","status":"publish","type":"product","link":"https:\/\/calibracion.com.mx\/tienda\/sonometro-digital-basico-dt805\/","title":{"rendered":"Son\u00f3metro Digital B\u00e1sico \u2013 DT805"},"content":{"rendered":"<p>Adem\u00e1s de esto puede sostener en pantalla un valor aparente congelando la lectura con la tecla de funci\u00f3n \u201cHold\u201d que le permitir\u00e1 redactar el apunte o mostrarlo a otros clientes para su an\u00e1lisis o discusi\u00f3n.<\/p>\n<h5><strong>Especificaciones :<\/strong><\/h5>\n<ul>\n<li>\/Humedad de Almacenamiento :-10\u00baC a 60\u00baC (&lt;70%R.H.).<\/li>\n<li>G\u00e9nero de Bater\u00eda:Bater\u00eda alcalina de 9V.<\/li>\n<li>\/Humedad de Operaci\u00f3n:0\u00baC a 40\u00baC (&lt;80%R.H.).<\/li>\n<\/ul>\n<h5><strong>Rango de medici\u00f3n:<\/strong><\/h5>\n<ul>\n<li>Ponderaci\u00f3n de Tiempo:Veloz (F), Retardado (S).<\/li>\n<li>Precisi\u00f3n:\u00b11.4dB (referencia 94dB @ 1kHz).<\/li>\n<li>Rango de Frecuencia :31.5Hz a 8kHz.<\/li>\n<li>Ponderaci\u00f3n de Continuidad :A, C.<\/li>\n<li>Nivel Bajo = 30 \u2013 100dB Nivel Prominente = 60 \u2013 130dB.<\/li>\n<\/ul>\n","protected":false},"excerpt":{"rendered":"<p>Caracter\u00edsticas : Precisi\u00f3n de 1.5 dB, cumple los est\u00e1ndares de la regla IEC651 tipo 2. Novedosa forma y dise\u00f1o de prominente Desempe\u00f1o. Retiene en memoria los picos de estruendos prominente y bajo (hi\/lo).<\/p>\n","protected":false},"featured_media":6445,"template":"","meta":[],"product_cat":[16],"product_tag":[],"class_list":["post-6443","product","type-product","status-publish","has-post-thumbnail","hentry","product_cat-uncategorized"],"_links":{"self":[{"href":"https:\/\/calibracion.com.mx\/tienda\/wp-json\/wp\/v2\/product\/6443","targetHints":{"allow":["GET"]}}],"collection":[{"href":"https:\/\/calibracion.com.mx\/tienda\/wp-json\/wp\/v2\/product"}],"about":[{"href":"https:\/\/calibracion.com.mx\/tienda\/wp-json\/wp\/v2\/types\/product"}],"wp:featuredmedia":[{"embeddable":true,"href":"https:\/\/calibracion.com.mx\/tienda\/wp-json\/wp\/v2\/media\/6445"}],"wp:attachment":[{"href":"https:\/\/calibracion.com.mx\/tienda\/wp-json\/wp\/v2\/media?parent=6443"}],"wp:term":[{"taxonomy":"product_cat","embeddable":true,"href":"https:\/\/calibracion.com.mx\/tienda\/wp-json\/wp\/v2\/product_cat?post=6443"},{"taxonomy":"product_tag","embeddable":true,"href":"https:\/\/calibracion.com.mx\/tienda\/wp-json\/wp\/v2\/product_tag?post=6443"}],"curies":[{"name":"wp","href":"https:\/\/api.w.org\/{rel}","templated":true}]}}