{"id":6475,"date":"2023-12-22T17:58:15","date_gmt":"2023-12-22T17:58:15","guid":{"rendered":"https:\/\/calibracion.com.mx\/tienda\/?post_type=product&#038;p=6475"},"modified":"2023-12-22T17:58:16","modified_gmt":"2023-12-22T17:58:16","slug":"termometro-infrarrojo-50-a-1000oc-dt8839","status":"publish","type":"product","link":"https:\/\/calibracion.com.mx\/tienda\/termometro-infrarrojo-50-a-1000oc-dt8839\/","title":{"rendered":"Term\u00f3metro Infrarrojo -50 a 1000\u00baC \u2013 DT8839"},"content":{"rendered":"<h5><strong>Caracter\u00edsticas :<\/strong><\/h5>\n<p>Tiene un campo focal con relaci\u00f3n de 50 a 1 puede medir en \u00e1reas peque\u00f1as con una mayor distancia de separaci\u00f3n entre la mano del usuario y la parte ardiente. Su rango de medici\u00f3n temperatura es extenso.<\/p>\n<p>Tiene una empu\u00f1adura y una carcaza de alta calidad y dise\u00f1o ergon\u00f3mico moderno. Tiene dentro un indicio de punter\u00eda laser. Retiene datos de forma autom\u00e1tica : M\u00e1xima, m\u00ednima, Diferencial, promedio. Puede entablar alarma con l\u00edmites bajo y alto. Tiene funci\u00f3n de ajuste de la emisividad.<\/p>\n<p>El equipo viene calibrado de fabrica y listo para usarse , no obstante el creador no incluye un certificado de medici\u00f3n con el aparato. Solicitud con nuestro aparato de ventas y cotiza un certificado de calibraci\u00f3n emitido por nuestro laboratorio acreditado ante la regla ISO\/IEC 17025.<\/p>\n<h5><strong>Especificaciones y modelos disponibles:<\/strong><\/h5>\n<table style=\"height: 165px;\" width=\"722\">\n<tbody>\n<tr>\n<td width=\"169\"><strong>Modelo<\/strong><\/td>\n<td width=\"132\"><strong>CM-DT8839<\/strong><\/td>\n<td width=\"132\"><strong>CM-DT8859<\/strong><\/td>\n<td width=\"1\"><\/td>\n<\/tr>\n<tr>\n<td width=\"169\">Rango<\/td>\n<td width=\"132\">-50\u00baC to 1000\u00baC<\/td>\n<td colspan=\"2\" width=\"132\">-50\u00baC to 1600\u00baC<\/td>\n<\/tr>\n<tr>\n<td width=\"169\">Resoluci\u00f3n \u00d3ptica<\/td>\n<td width=\"132\">50:1<\/td>\n<td colspan=\"2\" width=\"132\">50:1<\/td>\n<\/tr>\n<tr>\n<td width=\"169\">Resoluci\u00f3n de Medici\u00f3n<\/td>\n<td width=\"132\">0.1\u00baC<\/td>\n<td colspan=\"2\" width=\"132\">0.1\u00baC<\/td>\n<\/tr>\n<tr>\n<td width=\"169\">Precisi\u00f3n B\u00e1sica<\/td>\n<td colspan=\"3\" width=\"264\">\u00b11.5% de la lectura \u00b12\u00baC\/\u00b14\u00baF<\/td>\n<\/tr>\n<tr>\n<td width=\"169\">Emisividad del sensor IR<\/td>\n<td colspan=\"3\" width=\"264\">Ajustable 0.10 a 1.0<\/td>\n<\/tr>\n<\/tbody>\n<\/table>\n","protected":false},"excerpt":{"rendered":"<p>El term\u00f3metro infrarrojo modelo CM-DT8839 te proveer\u00e1 de una medici\u00f3n r\u00e1pida y precisa. Puede temperatura superficial en pr\u00e1cticamente todos las ocasiones y su portabilidad lo realiza muy \u00fatil para trabajo en el campo o en la l\u00ednea de producci\u00f3n.<\/p>\n<p>&nbsp;<\/p>\n","protected":false},"featured_media":6476,"template":"","meta":[],"product_cat":[16],"product_tag":[],"class_list":["post-6475","product","type-product","status-publish","has-post-thumbnail","hentry","product_cat-uncategorized"],"_links":{"self":[{"href":"https:\/\/calibracion.com.mx\/tienda\/wp-json\/wp\/v2\/product\/6475","targetHints":{"allow":["GET"]}}],"collection":[{"href":"https:\/\/calibracion.com.mx\/tienda\/wp-json\/wp\/v2\/product"}],"about":[{"href":"https:\/\/calibracion.com.mx\/tienda\/wp-json\/wp\/v2\/types\/product"}],"wp:featuredmedia":[{"embeddable":true,"href":"https:\/\/calibracion.com.mx\/tienda\/wp-json\/wp\/v2\/media\/6476"}],"wp:attachment":[{"href":"https:\/\/calibracion.com.mx\/tienda\/wp-json\/wp\/v2\/media?parent=6475"}],"wp:term":[{"taxonomy":"product_cat","embeddable":true,"href":"https:\/\/calibracion.com.mx\/tienda\/wp-json\/wp\/v2\/product_cat?post=6475"},{"taxonomy":"product_tag","embeddable":true,"href":"https:\/\/calibracion.com.mx\/tienda\/wp-json\/wp\/v2\/product_tag?post=6475"}],"curies":[{"name":"wp","href":"https:\/\/api.w.org\/{rel}","templated":true}]}}