{"id":6477,"date":"2023-12-22T18:03:48","date_gmt":"2023-12-22T18:03:48","guid":{"rendered":"https:\/\/calibracion.com.mx\/tienda\/?post_type=product&#038;p=6477"},"modified":"2023-12-22T18:03:49","modified_gmt":"2023-12-22T18:03:49","slug":"termometro-infrarrojo-1600-oc-dt9861","status":"publish","type":"product","link":"https:\/\/calibracion.com.mx\/tienda\/termometro-infrarrojo-1600-oc-dt9861\/","title":{"rendered":"Term\u00f3metro Infrarrojo 1600 \u00bac \u2013 DT9861"},"content":{"rendered":"<p>El haz l\u00e1ser aumenta la precisi\u00f3n al objetivo al tiempo que la pantalla LCD iluminada y botones pr\u00e1cticos hacen de su operaci\u00f3n algo simple y sencillo. Este v\u00eddeo term\u00f3metro infrarrojo puede usarse para medir la temperatura en la \u00e1rea de elementos que dif\u00edcilmente podr\u00edan medirse de la forma cl\u00e1sico de contacto (ej. elementos en movimiento, superficies electrificadas u elementos bien dif\u00edciles de tocar). Si se emplea y protege de la forma adecuada , este instrumento puede garantizarle anos de servicio fiable.<\/p>\n<h5><b>Caracter\u00edsticas:<\/b><\/h5>\n<ul>\n<li>Tarjeta de memoria MicroSDo.<\/li>\n<li>Pantalla LCD TFT de 2.2 pulgadas.<\/li>\n<li>Resoluci\u00f3n de 640\u00d7480 pixeles (30 millones de pixeles).<\/li>\n<li>Formato de imagen JPEG.<\/li>\n<li>Punter\u00eda de l\u00e1ser dual.<\/li>\n<li>Formato de v\u00eddeo AVI.<\/li>\n<li>Tiempo de respuesta r\u00e1pido.<\/li>\n<li>Lecturas de punto de roc\u00edo y bulbo h\u00famedo.<\/li>\n<li>Entrada para sonda termopar de tipo K.<\/li>\n<li>Emisividad ajustable.<\/li>\n<li>Alta precisi\u00f3n.<\/li>\n<li>Lecturas de humedad y temperatura del aire.<\/li>\n<\/ul>\n","protected":false},"excerpt":{"rendered":"<p>Tiene un rango de -50\u00baC a 1600\u00baC (-58\u00baF a 2912\u00baF) Este instrumento es con la capacidad de mediciones de temperatura sin precisar contacto (infrarrojo) con asistencia visual de una c\u00e1mara activada con un bot\u00f3n.<\/p>\n","protected":false},"featured_media":6479,"template":"","meta":[],"product_cat":[16],"product_tag":[],"class_list":["post-6477","product","type-product","status-publish","has-post-thumbnail","hentry","product_cat-uncategorized"],"_links":{"self":[{"href":"https:\/\/calibracion.com.mx\/tienda\/wp-json\/wp\/v2\/product\/6477","targetHints":{"allow":["GET"]}}],"collection":[{"href":"https:\/\/calibracion.com.mx\/tienda\/wp-json\/wp\/v2\/product"}],"about":[{"href":"https:\/\/calibracion.com.mx\/tienda\/wp-json\/wp\/v2\/types\/product"}],"wp:featuredmedia":[{"embeddable":true,"href":"https:\/\/calibracion.com.mx\/tienda\/wp-json\/wp\/v2\/media\/6479"}],"wp:attachment":[{"href":"https:\/\/calibracion.com.mx\/tienda\/wp-json\/wp\/v2\/media?parent=6477"}],"wp:term":[{"taxonomy":"product_cat","embeddable":true,"href":"https:\/\/calibracion.com.mx\/tienda\/wp-json\/wp\/v2\/product_cat?post=6477"},{"taxonomy":"product_tag","embeddable":true,"href":"https:\/\/calibracion.com.mx\/tienda\/wp-json\/wp\/v2\/product_tag?post=6477"}],"curies":[{"name":"wp","href":"https:\/\/api.w.org\/{rel}","templated":true}]}}