{"id":6482,"date":"2023-12-22T19:11:38","date_gmt":"2023-12-22T19:11:38","guid":{"rendered":"https:\/\/calibracion.com.mx\/tienda\/?post_type=product&#038;p=6482"},"modified":"2023-12-22T19:11:39","modified_gmt":"2023-12-22T19:11:39","slug":"termometro-infrarrojo-2200-oc-dt9862","status":"publish","type":"product","link":"https:\/\/calibracion.com.mx\/tienda\/termometro-infrarrojo-2200-oc-dt9862\/","title":{"rendered":"Term\u00f3metro Infrarrojo 2200 \u00baC \u2013 DT9862"},"content":{"rendered":"<p>Emisividad ajustable. Alta precisi\u00f3n. Tiempo de contestaci\u00f3n veloz. Lecturas de punto de roc\u00edo y bulbo h\u00famedo<\/p>\n<h5><b>Especificaciones:<\/b><\/h5>\n<ul>\n<li>Tiempo de respuesta :150ms.<\/li>\n<li>Rango de Medici\u00f3n:-50 a 2200?.<\/li>\n<li>Precisi\u00f3n b\u00e1sica termopar (K):\u00b10.5% de la lectura.<\/li>\n<li>Precisi\u00f3n Temperatura \u00c1mbito :\u00b105?.<\/li>\n<li>Rango de Temp. Bulbo H\u00famedo:0 \u2013 50?.<\/li>\n<li>Tarjeta de Memoria SD:8GB m\u00e1ximo.<\/li>\n<li>Rango de temperatura ambiente :0 \u2013 50?.<\/li>\n<li>Rango de ajuste de emisividad:0.diez \u2013 10.<\/li>\n<li>Rango de Termopar tipo K:-50? a 1370? (termopar no incluido).<\/li>\n<li>Resoluci\u00f3n:0.1\u00b0 hasta 1000\u00b0, 1\u00b0tras 1000\u00b0.<\/li>\n<li>Rango de Humedad:0-cien % RH.<\/li>\n<li>Dimensiones:155mm x 62mm x 205mm.<\/li>\n<li>Precisi\u00f3n b\u00e1sica del IR:\u00b11.0% de la lectura.<\/li>\n<li>Resoluci\u00f3n \u00d3ptica:50:1 Distancia focal.<\/li>\n<li>Peso:410g.<\/li>\n<li>Rango de Punto de Roc\u00edo:0 \u2013 50?.<\/li>\n<\/ul>\n","protected":false},"excerpt":{"rendered":"<p>Pantalla LCD TFT de 2.2 pulgadas. Resoluci\u00f3n de 640\u00d7480 pixeles (30 millones de pixeles). Tarjeta de memoria Micro SD. Formato de imagen JPEG. Formato de v\u00eddeo AVI. Lecturas de humedad y temperatura del aire. Punter\u00eda de l\u00e1ser dual. Entrada para sonda termopar de tipo K.<\/p>\n","protected":false},"featured_media":6483,"template":"","meta":[],"product_cat":[16],"product_tag":[],"class_list":["post-6482","product","type-product","status-publish","has-post-thumbnail","hentry","product_cat-uncategorized"],"_links":{"self":[{"href":"https:\/\/calibracion.com.mx\/tienda\/wp-json\/wp\/v2\/product\/6482","targetHints":{"allow":["GET"]}}],"collection":[{"href":"https:\/\/calibracion.com.mx\/tienda\/wp-json\/wp\/v2\/product"}],"about":[{"href":"https:\/\/calibracion.com.mx\/tienda\/wp-json\/wp\/v2\/types\/product"}],"wp:featuredmedia":[{"embeddable":true,"href":"https:\/\/calibracion.com.mx\/tienda\/wp-json\/wp\/v2\/media\/6483"}],"wp:attachment":[{"href":"https:\/\/calibracion.com.mx\/tienda\/wp-json\/wp\/v2\/media?parent=6482"}],"wp:term":[{"taxonomy":"product_cat","embeddable":true,"href":"https:\/\/calibracion.com.mx\/tienda\/wp-json\/wp\/v2\/product_cat?post=6482"},{"taxonomy":"product_tag","embeddable":true,"href":"https:\/\/calibracion.com.mx\/tienda\/wp-json\/wp\/v2\/product_tag?post=6482"}],"curies":[{"name":"wp","href":"https:\/\/api.w.org\/{rel}","templated":true}]}}