{"id":6486,"date":"2023-12-22T19:22:00","date_gmt":"2023-12-22T19:22:00","guid":{"rendered":"https:\/\/calibracion.com.mx\/tienda\/?post_type=product&#038;p=6486"},"modified":"2023-12-22T19:22:01","modified_gmt":"2023-12-22T19:22:01","slug":"termometro-digital-de-contacto-inmersion-1300","status":"publish","type":"product","link":"https:\/\/calibracion.com.mx\/tienda\/termometro-digital-de-contacto-inmersion-1300\/","title":{"rendered":"Term\u00f3metro Digital de Contacto-Inmersi\u00f3n \u2013 1300"},"content":{"rendered":"<div class=\"woocommerce-tabs wc-tabs-wrapper\">\n<div id=\"tab-description\" class=\"woocommerce-Tabs-panel woocommerce-Tabs-panel--description panel entry-content wc-tab\" role=\"tabpanel\" aria-labelledby=\"tab-title-description\">\n<p>Term\u00f3metro Digital de Contacto\/Inmersi\u00f3n \u2013 1300.<\/p>\n<\/div>\n<\/div>\n","protected":false},"excerpt":{"rendered":"<h5><strong>Caracter\u00edsticas:\u00a0 \u00a0 \u00a0\u00a0<\/strong><\/h5>\n<p>Funci\u00f3n de retenci\u00f3n de medici\u00f3n m\u00e1xima.<br \/>\nAccesorios de salida auxiliares.<br \/>\nFunci\u00f3n de retenci\u00f3n de datos.<br \/>\nDiferenciales de medici\u00f3n T1 \u2013 T2.<\/p>\n","protected":false},"featured_media":6487,"template":"","meta":[],"product_cat":[16],"product_tag":[],"class_list":["post-6486","product","type-product","status-publish","has-post-thumbnail","hentry","product_cat-uncategorized"],"_links":{"self":[{"href":"https:\/\/calibracion.com.mx\/tienda\/wp-json\/wp\/v2\/product\/6486","targetHints":{"allow":["GET"]}}],"collection":[{"href":"https:\/\/calibracion.com.mx\/tienda\/wp-json\/wp\/v2\/product"}],"about":[{"href":"https:\/\/calibracion.com.mx\/tienda\/wp-json\/wp\/v2\/types\/product"}],"wp:featuredmedia":[{"embeddable":true,"href":"https:\/\/calibracion.com.mx\/tienda\/wp-json\/wp\/v2\/media\/6487"}],"wp:attachment":[{"href":"https:\/\/calibracion.com.mx\/tienda\/wp-json\/wp\/v2\/media?parent=6486"}],"wp:term":[{"taxonomy":"product_cat","embeddable":true,"href":"https:\/\/calibracion.com.mx\/tienda\/wp-json\/wp\/v2\/product_cat?post=6486"},{"taxonomy":"product_tag","embeddable":true,"href":"https:\/\/calibracion.com.mx\/tienda\/wp-json\/wp\/v2\/product_tag?post=6486"}],"curies":[{"name":"wp","href":"https:\/\/api.w.org\/{rel}","templated":true}]}}