{"id":6488,"date":"2023-12-22T19:42:52","date_gmt":"2023-12-22T19:42:52","guid":{"rendered":"https:\/\/calibracion.com.mx\/tienda\/?post_type=product&#038;p=6488"},"modified":"2023-12-22T19:42:53","modified_gmt":"2023-12-22T19:42:53","slug":"termometro-bimetalico-digital-150oc-11050","status":"publish","type":"product","link":"https:\/\/calibracion.com.mx\/tienda\/termometro-bimetalico-digital-150oc-11050\/","title":{"rendered":"Term\u00f3metro Bimet\u00e1lico Digital 150\u00baC \u2013 11050"},"content":{"rendered":"<h5><strong>Caracter\u00edsticas principales:<\/strong><\/h5>\n<p>Es un aparato port\u00e1til, de bolsillo, de alta precisi\u00f3n que puede ser calibrado con una preparaci\u00f3n de agua y hielo picado de simple operaci\u00f3n. tiene d\u00edgitos enormes y una car\u00e1tula que deja conseguir la indicaci\u00f3n de temperatura sin contrariedad. cumple las reglas FDA Food Code 4-302.12 (B), HACCP, NSF, CE.<\/p>\n<h5><strong>Aplicaciones:<\/strong><\/h5>\n<p>De forma especial desarrollado par la industria alimenticia como por servirnos de un caso de muestra procesos de temperado de chocolate, empleo industrial normalmente. Poner en el lavaplatos antes de empezar y eliminar al final del lavado. Introduzca la sonda en los modelos de comida y espere a que la lectura se estabilice. Para enfriar la temperatura de los alimentos, primero introduzca la sonda en el producto, despu\u00e9s restituya la memoria. MIN \/ MAX exhibe la temperatura mucho m\u00e1s baja alcanzada. Perfecto para mediciones de masas delgadas como en filetes de pollo y pescado.<\/p>\n","protected":false},"excerpt":{"rendered":"<p>El Term\u00f3metro Bimet\u00e1lico TK-11050 tipo paleta. Es un term\u00f3metro impermeable que registra la temperatura considerablemente m\u00e1s alta, hasta en un lavavajillas de alta temperatura para contrastar que se ha alcanzado la temperatura adecuada de desinfecci\u00f3n.<\/p>\n","protected":false},"featured_media":6489,"template":"","meta":[],"product_cat":[16],"product_tag":[],"class_list":["post-6488","product","type-product","status-publish","has-post-thumbnail","hentry","product_cat-uncategorized"],"_links":{"self":[{"href":"https:\/\/calibracion.com.mx\/tienda\/wp-json\/wp\/v2\/product\/6488","targetHints":{"allow":["GET"]}}],"collection":[{"href":"https:\/\/calibracion.com.mx\/tienda\/wp-json\/wp\/v2\/product"}],"about":[{"href":"https:\/\/calibracion.com.mx\/tienda\/wp-json\/wp\/v2\/types\/product"}],"wp:featuredmedia":[{"embeddable":true,"href":"https:\/\/calibracion.com.mx\/tienda\/wp-json\/wp\/v2\/media\/6489"}],"wp:attachment":[{"href":"https:\/\/calibracion.com.mx\/tienda\/wp-json\/wp\/v2\/media?parent=6488"}],"wp:term":[{"taxonomy":"product_cat","embeddable":true,"href":"https:\/\/calibracion.com.mx\/tienda\/wp-json\/wp\/v2\/product_cat?post=6488"},{"taxonomy":"product_tag","embeddable":true,"href":"https:\/\/calibracion.com.mx\/tienda\/wp-json\/wp\/v2\/product_tag?post=6488"}],"curies":[{"name":"wp","href":"https:\/\/api.w.org\/{rel}","templated":true}]}}