{"id":6495,"date":"2023-12-22T19:54:41","date_gmt":"2023-12-22T19:54:41","guid":{"rendered":"https:\/\/calibracion.com.mx\/tienda\/?post_type=product&#038;p=6495"},"modified":"2023-12-22T19:54:43","modified_gmt":"2023-12-22T19:54:43","slug":"termometro-bimetalico-magnetico-120-oc-th312c","status":"publish","type":"product","link":"https:\/\/calibracion.com.mx\/tienda\/termometro-bimetalico-magnetico-120-oc-th312c\/","title":{"rendered":"Termometro Bimet\u00e1lico Magn\u00e9tico 120 \u00bac \u2013 TH312C"},"content":{"rendered":"<h5><strong>Aplicaciones : <\/strong><\/h5>\n<p>Puede usarse en charolas calientes, parrillas, moldes de die-cast, cajas de corazones en la industria de la fundici\u00f3n, piezas met\u00e1licas que van a ser recubiertas de pintura, hornos de recocido, precalentamientos de soldadura, motores, generadores y maquinaria, rodamientos, tanques, etc\u00e9tera.<\/p>\n<ul>\n<li>Rango:-20\u00b0C a 120\u00b0C.<\/li>\n<li>Dimensiones y peso:Di\u00e1metro 2 in. (5.1 cm), altura \u00bd \u201d (1.3 cm), peso 1-1\/2 oz. (43 g).<\/li>\n<li>Precisi\u00f3n:\u00b12% de escala completa.<\/li>\n<li>Condiciones de Operaci\u00f3n:-20\u00b0C a 120\u00b0C.<\/li>\n<li>Contenido de la Caja:Term\u00f3metro, estuche pl\u00e1stico, instructivo.<\/li>\n<li>Unidades de medici\u00f3n:\u00b0C.<\/li>\n<\/ul>\n","protected":false},"excerpt":{"rendered":"<p>El term\u00f3metro de \u00e1rea an\u00e1logo modelo TH312C con montaje de doble im\u00e1n se considera de los m\u00e1s destacados term\u00f3metros bimet\u00e1licos en el mercado por los \u00faltimos 60 a\u00f1os. Combina precisi\u00f3n, calidad, utilidad y econom\u00eda. Fabricados con materiales de alta definici\u00f3n siguen dando lecturas precisas mediante los a\u00f1os.<\/p>\n","protected":false},"featured_media":6496,"template":"","meta":[],"product_cat":[16],"product_tag":[],"class_list":["post-6495","product","type-product","status-publish","has-post-thumbnail","hentry","product_cat-uncategorized"],"_links":{"self":[{"href":"https:\/\/calibracion.com.mx\/tienda\/wp-json\/wp\/v2\/product\/6495","targetHints":{"allow":["GET"]}}],"collection":[{"href":"https:\/\/calibracion.com.mx\/tienda\/wp-json\/wp\/v2\/product"}],"about":[{"href":"https:\/\/calibracion.com.mx\/tienda\/wp-json\/wp\/v2\/types\/product"}],"wp:featuredmedia":[{"embeddable":true,"href":"https:\/\/calibracion.com.mx\/tienda\/wp-json\/wp\/v2\/media\/6496"}],"wp:attachment":[{"href":"https:\/\/calibracion.com.mx\/tienda\/wp-json\/wp\/v2\/media?parent=6495"}],"wp:term":[{"taxonomy":"product_cat","embeddable":true,"href":"https:\/\/calibracion.com.mx\/tienda\/wp-json\/wp\/v2\/product_cat?post=6495"},{"taxonomy":"product_tag","embeddable":true,"href":"https:\/\/calibracion.com.mx\/tienda\/wp-json\/wp\/v2\/product_tag?post=6495"}],"curies":[{"name":"wp","href":"https:\/\/api.w.org\/{rel}","templated":true}]}}