{"id":6526,"date":"2024-01-02T19:10:45","date_gmt":"2024-01-02T19:10:45","guid":{"rendered":"https:\/\/calibracion.com.mx\/tienda\/?post_type=product&#038;p=6526"},"modified":"2024-01-02T19:10:46","modified_gmt":"2024-01-02T19:10:46","slug":"termometro-infrarrojo-de-alta-temperatura-raytek-rayr3iplus2mscl-con-osciloscopio-de-752-a-3632-f","status":"publish","type":"product","link":"https:\/\/calibracion.com.mx\/tienda\/termometro-infrarrojo-de-alta-temperatura-raytek-rayr3iplus2mscl-con-osciloscopio-de-752-a-3632-f\/","title":{"rendered":"Term\u00f3metro infrarrojo de alta temperatura raytek rayr3iplus2mscl con osciloscopio, de 752 a 3632 \u00b0f"},"content":{"rendered":"<p>Con una relaci\u00f3n distancia-punto superior, este term\u00f3metro deja a los individuos medir objetivos de elevada temperatura desde distancias mucho m\u00e1s largas, lo que garantiza lecturas de temperatura precisas y seguridad para el operador.<\/p>\n<h5><strong>Funciones:<\/strong><\/h5>\n<ul>\n<li>Muestra las temperaturas MAX, MIN, DIF y AVG.<\/li>\n<li>Transmisividad y compensaci\u00f3n de temperatura de fondo.<\/li>\n<li>Plataforma de trabajo de usuario intuitiva para una simple configuraci\u00f3n de factores , lo que permite la visualizaci\u00f3n in situ del an\u00e1lisis de datos y las tendencias.<\/li>\n<li>Alarmas sonoras para temperatura objetivo \/temperatura \u00e1mbito \/bater\u00eda baja.<\/li>\n<li>La alta resoluci\u00f3n \u00f3ptica (250:1) garantiza lecturas de temperatura precisas a distancias m\u00e1s largas.<\/li>\n<li>El gatillo de bloqueo y el soporte para tr\u00edpode dejan un funcionamiento continuo.<\/li>\n<li>El software DataTemp para PC con Windows admite la comunicaci\u00f3n en tiempo real , el almacenaje de datos, la creaci\u00f3n de gr\u00e1ficos y el an\u00e1lisis.<\/li>\n<li>Compensa la energ\u00eda reflejada por el fondo alrededor de su objetivo a fin de que no afecte su lectura.<\/li>\n<li>L\u00e1ser dual para la medici\u00f3n precisa de objetivos m\u00e1s peque\u00f1os, el punto de medici\u00f3n se se\u00f1ala en el punto donde est\u00e1n los 2 rayos l\u00e1ser.<\/li>\n<li>El dise\u00f1o robusto disminuye el peligro de da\u00f1os y minimiza los costes de servicio.<\/li>\n<li>Transferencia de datos r\u00e1pida y sencilla a PC o m\u00f3vil inteligente , a trav\u00e9s de USB o Bluetooth.<\/li>\n<li>Definici\u00f3n del perfil para una medici\u00f3n c\u00f3moda.<\/li>\n<li>Per\u00edodo de funcionamiento mucho m\u00e1s largo (24 h ) con bater\u00edas recargables.<\/li>\n<li>Tecnolog\u00eda de punter\u00eda Red Dot para apuntar con precisi\u00f3n en el momento en que los objetivos de elevada temperatura no son perceptibles solo con la mira l\u00e1ser.<\/li>\n<li>Curva para ense\u00f1ar la tendencia con intervalo de tiempo seleccionable.<\/li>\n<li>Tabla de emisividad ajustable y predefinida.<\/li>\n<li>El detector y la alarma de observaci\u00f3n resistentes al calor de nariz roja garantizan la seguridad y la eficiencia del operador.<\/li>\n<\/ul>\n<h5><strong>Aplicaciones:<\/strong><\/h5>\n<ul>\n<li>Acero.<\/li>\n<li>Cer\u00e1mica.<\/li>\n<li>Hornos qu\u00edmicos.<\/li>\n<li>Operaciones de fundici\u00f3n y procesamiento.<\/li>\n<li>Refinaci\u00f3n de metales.<\/li>\n<li>Semiconductores.<\/li>\n<li>Hornos petroqu\u00edmicos.<\/li>\n<li>Hierro.<\/li>\n<\/ul>\n<h4><strong>Modelo Raytek RAYR3IPLUS2MSCL:<\/strong><\/h4>\n<table class=\"table table-striped\" style=\"height: 538px;\" width=\"856\">\n<tbody>\n<tr>\n<td>Rango de temperatura<\/td>\n<td>752 a 3632\u00baF (400 a 2000\u00baC)<\/td>\n<\/tr>\n<tr>\n<td>Exactitud<\/td>\n<td>\u00b1(0,5% de lectura +1\u00baC) (&lt;2700\u00baC\/4892\u00baF)<\/td>\n<\/tr>\n<tr>\n<td>Repetibilidad<\/td>\n<td>\u00b1(0,3% o lectura \u00b11\u00baC)<\/td>\n<\/tr>\n<tr>\n<td>Tiempo de exposici\u00f3n<\/td>\n<td>40 mSeg<\/td>\n<\/tr>\n<tr>\n<td>Respuesta espectral<\/td>\n<td>1,6 \u03bcm<\/td>\n<\/tr>\n<tr>\n<td>Emisividad<\/td>\n<td>Ajustable, 0.10~1.00<\/td>\n<\/tr>\n<tr>\n<td>Temperatura<\/td>\n<td>En funcionamiento: 32 a 120 \u00b0F (0 a 50 \u00b0C) Almacenamiento: -4 a 140 \u00b0F (-20 a 60 \u00b0C)<\/td>\n<\/tr>\n<tr>\n<td>Humedad relativa<\/td>\n<td>Del 10 al 90 %, HR sin condensaci\u00f3n a 86 \u00b0F (30 \u00b0C)<\/td>\n<\/tr>\n<tr>\n<td>Poder<\/td>\n<td>Iones de litio de una sola celda, 3,6 V, 2500 mAh o a trav\u00e9s de USB 2.0<\/td>\n<\/tr>\n<tr>\n<td>Duraci\u00f3n de la bater\u00eda (iones de litio)<\/td>\n<td>24 horas<\/td>\n<\/tr>\n<tr>\n<td>L\u00e1ser<\/td>\n<td>Rayo l\u00e1ser para apuntar (encendido\/apagado)<\/td>\n<\/tr>\n<tr>\n<td>Distancia al punto (D:S)<\/td>\n<td>250:1<\/td>\n<\/tr>\n<tr>\n<td>Resoluci\u00f3n de pantalla<\/td>\n<td>Por debajo de 1000\u00baC: 0,1\u00baC<\/td>\n<\/tr>\n<tr>\n<td>Alarmas sonoras<\/td>\n<td>Temperatura objetivo\/temperatura ambiente\/bater\u00eda baja<\/td>\n<\/tr>\n<tr>\n<td>Salidas digitales<\/td>\n<td>USB 2.0 y Bluetooth 4.0 (EE. UU., UE y Canad\u00e1)<\/td>\n<\/tr>\n<tr>\n<td>Registro de datos<\/td>\n<td>Hasta 4900 puntos de datos<\/td>\n<\/tr>\n<tr>\n<td>Dimensiones<\/td>\n<td>8,5 x 8,7 x 2,9\u2033 (218 x 222 x 74 mm)<\/td>\n<\/tr>\n<tr>\n<td>Peso<\/td>\n<td>2,0 kg (90 libras)<\/td>\n<\/tr>\n<\/tbody>\n<\/table>\n","protected":false},"excerpt":{"rendered":"<p>Construido ergon\u00f3micamente, este term\u00f3metro infrarrojo est\u00e1 dise\u00f1ado siguiendo los est\u00e1ndares de la industria para cumplir con los requisitos de rendimiento en ambientes c\u00e1lidos.<\/p>\n","protected":false},"featured_media":6543,"template":"","meta":[],"product_cat":[16],"product_tag":[],"class_list":["post-6526","product","type-product","status-publish","has-post-thumbnail","hentry","product_cat-uncategorized"],"_links":{"self":[{"href":"https:\/\/calibracion.com.mx\/tienda\/wp-json\/wp\/v2\/product\/6526","targetHints":{"allow":["GET"]}}],"collection":[{"href":"https:\/\/calibracion.com.mx\/tienda\/wp-json\/wp\/v2\/product"}],"about":[{"href":"https:\/\/calibracion.com.mx\/tienda\/wp-json\/wp\/v2\/types\/product"}],"wp:featuredmedia":[{"embeddable":true,"href":"https:\/\/calibracion.com.mx\/tienda\/wp-json\/wp\/v2\/media\/6543"}],"wp:attachment":[{"href":"https:\/\/calibracion.com.mx\/tienda\/wp-json\/wp\/v2\/media?parent=6526"}],"wp:term":[{"taxonomy":"product_cat","embeddable":true,"href":"https:\/\/calibracion.com.mx\/tienda\/wp-json\/wp\/v2\/product_cat?post=6526"},{"taxonomy":"product_tag","embeddable":true,"href":"https:\/\/calibracion.com.mx\/tienda\/wp-json\/wp\/v2\/product_tag?post=6526"}],"curies":[{"name":"wp","href":"https:\/\/api.w.org\/{rel}","templated":true}]}}