{"id":6527,"date":"2024-01-02T16:45:43","date_gmt":"2024-01-02T16:45:43","guid":{"rendered":"https:\/\/calibracion.com.mx\/tienda\/?post_type=product&#038;p=6527"},"modified":"2024-01-02T16:45:44","modified_gmt":"2024-01-02T16:45:44","slug":"sl355-dosimetro-de-sonido-datalogger-de-ruido","status":"publish","type":"product","link":"https:\/\/calibracion.com.mx\/tienda\/sl355-dosimetro-de-sonido-datalogger-de-ruido\/","title":{"rendered":"Sl355-Dos\u00edmetro de sonido-datalogger de ruido"},"content":{"rendered":"<p><strong>Caracter\u00edsticas:<\/strong><\/p>\n<ul>\n<li>Combinaci\u00f3n de medidor de dosis, registrador de datos, medidor de nivel de sonido.<\/li>\n<li>Completamente configurable con el software para PC suministrado (recomendado).<\/li>\n<li>Con capacidad de reloj de tiempo real y registrador de datos con sello de fecha\/hora.<\/li>\n<li>Descarga de dosis, PPT (TWA) y datos del registrador a una PC con el software suministrado.<\/li>\n<li>Incluye software para conexi\u00f3n USB \u2013 PC y configuraci\u00f3n con Windows TM y software del registrador de datos.<\/li>\n<li>Configuraciones de medici\u00f3n definidas por el usuario. Nivel de criterio, relaci\u00f3n de intercambio, umbral, ponderaci\u00f3n de frecuencia y tiempo de respuesta ajustables.<\/li>\n<li>Candado de teclado protege contra operaci\u00f3n accidental.<\/li>\n<li>Veinte (20) lugares de memoria interna con capacidad total para 14,400 lecturas.<\/li>\n<\/ul>\n","protected":false},"excerpt":{"rendered":"<p>Sl355-Dos\u00edmetro de sonido-datalogger de estruendos<\/p>\n","protected":false},"featured_media":6528,"template":"","meta":[],"product_cat":[16],"product_tag":[],"class_list":["post-6527","product","type-product","status-publish","has-post-thumbnail","hentry","product_cat-uncategorized"],"_links":{"self":[{"href":"https:\/\/calibracion.com.mx\/tienda\/wp-json\/wp\/v2\/product\/6527","targetHints":{"allow":["GET"]}}],"collection":[{"href":"https:\/\/calibracion.com.mx\/tienda\/wp-json\/wp\/v2\/product"}],"about":[{"href":"https:\/\/calibracion.com.mx\/tienda\/wp-json\/wp\/v2\/types\/product"}],"wp:featuredmedia":[{"embeddable":true,"href":"https:\/\/calibracion.com.mx\/tienda\/wp-json\/wp\/v2\/media\/6528"}],"wp:attachment":[{"href":"https:\/\/calibracion.com.mx\/tienda\/wp-json\/wp\/v2\/media?parent=6527"}],"wp:term":[{"taxonomy":"product_cat","embeddable":true,"href":"https:\/\/calibracion.com.mx\/tienda\/wp-json\/wp\/v2\/product_cat?post=6527"},{"taxonomy":"product_tag","embeddable":true,"href":"https:\/\/calibracion.com.mx\/tienda\/wp-json\/wp\/v2\/product_tag?post=6527"}],"curies":[{"name":"wp","href":"https:\/\/api.w.org\/{rel}","templated":true}]}}