{"id":6533,"date":"2024-01-02T17:43:13","date_gmt":"2024-01-02T17:43:13","guid":{"rendered":"https:\/\/calibracion.com.mx\/tienda\/?post_type=product&#038;p=6533"},"modified":"2024-01-02T17:43:14","modified_gmt":"2024-01-02T17:43:14","slug":"sd700-registrador-datalogger-presion-barometrica-temperatura-y-humedad","status":"publish","type":"product","link":"https:\/\/calibracion.com.mx\/tienda\/sd700-registrador-datalogger-presion-barometrica-temperatura-y-humedad\/","title":{"rendered":"Sd700-registrador (datalogger) presion barom\u00e9trica-temperatura y humedad"},"content":{"rendered":"<p><strong>Caracter\u00edsticas:<\/strong><\/p>\n<ul>\n<li>Completo con (6) bater\u00edas AAA, tarjeta SD de 2G, adaptador de CA universal y soporte de montaje.<\/li>\n<li>La pantalla LCD triple muestra de forma simult\u00e1nea la presi\u00f3n barom\u00e9trica, la temperatura y la humedad relativa.<\/li>\n<li>Frecuencia de muestreo de datos seleccionable: 5, 10, 30, 60, 120, 300, 600 segundos.<\/li>\n<li>Muestra la presi\u00f3n barom\u00e9trica en 3 unidades de medida: hPa, mmHg y inHg.<\/li>\n<li>La fecha\/hora del registrador de datos graba y guarda las lecturas en una tarjeta SD en formato Excel para una f\u00e1cil transferencia a una PC.<\/li>\n<\/ul>\n","protected":false},"excerpt":{"rendered":"<p>Sd700-registrador (datalogger) presion barom\u00e9trica-temperatura y humedad<\/p>\n","protected":false},"featured_media":6534,"template":"","meta":[],"product_cat":[16],"product_tag":[],"class_list":["post-6533","product","type-product","status-publish","has-post-thumbnail","hentry","product_cat-uncategorized"],"_links":{"self":[{"href":"https:\/\/calibracion.com.mx\/tienda\/wp-json\/wp\/v2\/product\/6533","targetHints":{"allow":["GET"]}}],"collection":[{"href":"https:\/\/calibracion.com.mx\/tienda\/wp-json\/wp\/v2\/product"}],"about":[{"href":"https:\/\/calibracion.com.mx\/tienda\/wp-json\/wp\/v2\/types\/product"}],"wp:featuredmedia":[{"embeddable":true,"href":"https:\/\/calibracion.com.mx\/tienda\/wp-json\/wp\/v2\/media\/6534"}],"wp:attachment":[{"href":"https:\/\/calibracion.com.mx\/tienda\/wp-json\/wp\/v2\/media?parent=6533"}],"wp:term":[{"taxonomy":"product_cat","embeddable":true,"href":"https:\/\/calibracion.com.mx\/tienda\/wp-json\/wp\/v2\/product_cat?post=6533"},{"taxonomy":"product_tag","embeddable":true,"href":"https:\/\/calibracion.com.mx\/tienda\/wp-json\/wp\/v2\/product_tag?post=6533"}],"curies":[{"name":"wp","href":"https:\/\/api.w.org\/{rel}","templated":true}]}}