{"id":6551,"date":"2024-01-02T19:36:59","date_gmt":"2024-01-02T19:36:59","guid":{"rendered":"https:\/\/calibracion.com.mx\/tienda\/?post_type=product&#038;p=6551"},"modified":"2024-01-02T19:36:59","modified_gmt":"2024-01-02T19:36:59","slug":"termometro-infrarrojo-ir-raytek-raymt6u-minitemp-de-20-a-932-f","status":"publish","type":"product","link":"https:\/\/calibracion.com.mx\/tienda\/termometro-infrarrojo-ir-raytek-raymt6u-minitemp-de-20-a-932-f\/","title":{"rendered":"Term\u00f3metro infrarrojo (ir) raytek raymt6u minitemp, de -20 a 932 \u00b0f"},"content":{"rendered":"<p>Dado que no entra en contacto con el objeto que se est\u00e1 midiendo, es la forma m\u00e1s segura de medir piezas calientes, bien dif\u00edciles de alcanzar o m\u00f3viles inteligentes , mientras que elimina probables da\u00f1os y contaminaci\u00f3n.<\/p>\n<h5><strong>Funciones:<\/strong><\/h5>\n<ul>\n<li>La mira de un solo punto l\u00e1ser indica el centro aproximado del punto prop\u00f3sito.<\/li>\n<li>Lecturas instant\u00e1neas de corriente y m\u00e1ximas simult\u00e1neamente en una enorme pantalla digital retroiluminada.<\/li>\n<li>Util\u00edcelo para detectar costosas p\u00e9rdidas de energ\u00eda alrededor de ventanas y puertas, monitorear temperaturas cr\u00edticas en la cocina o el taller, o garantizar que el ambiente sea c\u00f3modo y seguro, en cualquier lugar donde la temperatura sea un aspecto en el desarrollo , la calidad del producto o el diagn\u00f3stico.<\/li>\n<li>Bota protectora para mayor durabilidad.<\/li>\n<li>Mida la temperatura de la superficie de forma r\u00e1pida, precisa y segura.<\/li>\n<li>Desarrollado para objetivos de corto alcance, midiendo un \u00e1rea prop\u00f3sito m\u00ednima de 1\u2033 de di\u00e1metro hasta una distancia de precisamente diez \u2033, y tiene un \u00e1rea de medici\u00f3n prop\u00f3sito de 6\u2033 a 5\u2032.<\/li>\n<li>Extenso rango de temperatura de -30 a 500 \u00b0C (-20 a 932 \u00b0F) \u00baC o \u00baF seleccionables.<\/li>\n<li>F\u00e1cil de utilizar , solo apunte y apriete el gatillo.<\/li>\n<li>Dado que el term\u00f3metro no entra en contacto con el objeto que se est\u00e1 midiendo, es la forma mucho m\u00e1s segura de medir piezas calientes, bien dif\u00edciles de alcanzar o m\u00f3viles , mientras que suprime probables da\u00f1os y poluci\u00f3n.<\/li>\n<\/ul>\n<h4><strong>Modelo Raytek RAYMT6U:<\/strong><\/h4>\n<table class=\"table table-striped\" style=\"height: 19px;\" width=\"1027\">\n<tbody>\n<tr>\n<td width=\"141\">Rango de temperatura<\/td>\n<td width=\"643\">De -30 a 500 \u00b0C (de -20 a 932 \u00b0F)<\/td>\n<\/tr>\n<tr>\n<td>Resoluci\u00f3n<\/td>\n<td>0,2\u00baC (0,5\u00baF)<\/td>\n<\/tr>\n<tr>\n<td>Exactitud<\/td>\n<td>\u00b11 \u00b0C (2 \u00b0F): 10 a 30 \u00b0C (50 a 86 \u00b0F), resto del rango: \u00b11,5 % de la lectura o \u00b1 1,5 \u00b0C (3 \u00b0F), lo que sea mayor<\/td>\n<\/tr>\n<tr>\n<td>Repetibilidad<\/td>\n<td>\u00b10,5 % de la lectura o &lt; \u00b11 \u00b0C (\u00b12 \u00b0F), lo que sea mayor<\/td>\n<\/tr>\n<tr>\n<td>Emisividad<\/td>\n<td>Preestablecido 0.95<\/td>\n<\/tr>\n<tr>\n<td>Resoluci\u00f3n \u00f3ptica<\/td>\n<td>10:1 (distancia al tama\u00f1o del punto)<\/td>\n<\/tr>\n<tr>\n<td>Respuesta espectral<\/td>\n<td>6,5\u201318 \u03bcm<\/td>\n<\/tr>\n<tr>\n<td>Tiempo de respuesta<\/td>\n<td>&lt;500 mSeg, 95% de respuesta<\/td>\n<\/tr>\n<\/tbody>\n<\/table>\n","protected":false},"excerpt":{"rendered":"<p>Empleado en una variedad de industrias, desde el mantenimiento industrial hasta el servicio de alimentos, el MT6U mide la temperatura de la \u00e1rea de forma r\u00e1pida, precisa y segura.<\/p>\n","protected":false},"featured_media":6552,"template":"","meta":[],"product_cat":[16],"product_tag":[],"class_list":["post-6551","product","type-product","status-publish","has-post-thumbnail","hentry","product_cat-uncategorized"],"_links":{"self":[{"href":"https:\/\/calibracion.com.mx\/tienda\/wp-json\/wp\/v2\/product\/6551","targetHints":{"allow":["GET"]}}],"collection":[{"href":"https:\/\/calibracion.com.mx\/tienda\/wp-json\/wp\/v2\/product"}],"about":[{"href":"https:\/\/calibracion.com.mx\/tienda\/wp-json\/wp\/v2\/types\/product"}],"wp:featuredmedia":[{"embeddable":true,"href":"https:\/\/calibracion.com.mx\/tienda\/wp-json\/wp\/v2\/media\/6552"}],"wp:attachment":[{"href":"https:\/\/calibracion.com.mx\/tienda\/wp-json\/wp\/v2\/media?parent=6551"}],"wp:term":[{"taxonomy":"product_cat","embeddable":true,"href":"https:\/\/calibracion.com.mx\/tienda\/wp-json\/wp\/v2\/product_cat?post=6551"},{"taxonomy":"product_tag","embeddable":true,"href":"https:\/\/calibracion.com.mx\/tienda\/wp-json\/wp\/v2\/product_tag?post=6551"}],"curies":[{"name":"wp","href":"https:\/\/api.w.org\/{rel}","templated":true}]}}